{"id":7305,"date":"2024-10-18T17:15:25","date_gmt":"2024-10-18T17:15:25","guid":{"rendered":"https:\/\/yohannaa.com\/product\/ors-hairestore-hargjodsel\/"},"modified":"2024-10-18T17:15:25","modified_gmt":"2024-10-18T17:15:25","slug":"ors-hairestore-hargjodsel","status":"publish","type":"product","link":"https:\/\/yohannaa.com\/no\/shop\/harpleie\/behandlinger\/behandling-av-hodebunnen\/ors-hairestore-hargjodsel\/","title":{"rendered":"ORS Hairestore h\u00e5rgj\u00f8dsel"},"content":{"rendered":"<p>Rik fuktighetskrem som tilf\u00f8rer fuktighet og styrker svakt, skadet og tynt h\u00e5r med n\u00e6ringsrike urter, samtidig som den gir n\u00e6ring til hodebunnen for \u00e5 fremme h\u00e5rets evne til \u00e5 blomstre. Trinn 5 i HAIRestore-systemet er utviklet for \u00e5 bekjempe h\u00e5ravfall og fremme sunn h\u00e5rvekst, og denne h\u00e5rgjenopprettende fris\u00f8rkremen kan ogs\u00e5 brukes sammen med fletter, locs og p\u00e5sydde lokker for \u00e5 fukte og beskytte h\u00e5ret mot brudd og uttynning. <\/p>\n","protected":false},"excerpt":{"rendered":"<p>Rik fuktighetskrem som tilf\u00f8rer fuktighet og styrker svakt, skadet og tynt h\u00e5r med n\u00e6ringsrike urter, samtidig som den gir n\u00e6ring til hodebunnen for \u00e5 fremme h\u00e5rets evne til \u00e5 blomstre.<\/p>\n","protected":false},"featured_media":6752,"comment_status":"open","ping_status":"closed","template":"","meta":[],"product_brand":[1225,1232],"product_cat":[1581,1549,1590],"product_tag":[],"class_list":{"0":"post-7305","1":"product","2":"type-product","3":"status-publish","4":"has-post-thumbnail","6":"product_brand-ors","7":"product_brand-ors-hairestore","8":"product_cat-behandling-av-hodebunnen","9":"product_cat-behandlinger","10":"product_cat-forsterkende-og-fortykkende-behandling","12":"first","13":"instock","14":"shipping-taxable","15":"purchasable","16":"product-type-simple"},"_links":{"self":[{"href":"https:\/\/yohannaa.com\/no\/wp-json\/wp\/v2\/product\/7305","targetHints":{"allow":["GET"]}}],"collection":[{"href":"https:\/\/yohannaa.com\/no\/wp-json\/wp\/v2\/product"}],"about":[{"href":"https:\/\/yohannaa.com\/no\/wp-json\/wp\/v2\/types\/product"}],"replies":[{"embeddable":true,"href":"https:\/\/yohannaa.com\/no\/wp-json\/wp\/v2\/comments?post=7305"}],"wp:featuredmedia":[{"embeddable":true,"href":"https:\/\/yohannaa.com\/no\/wp-json\/wp\/v2\/media\/6752"}],"wp:attachment":[{"href":"https:\/\/yohannaa.com\/no\/wp-json\/wp\/v2\/media?parent=7305"}],"wp:term":[{"taxonomy":"product_brand","embeddable":true,"href":"https:\/\/yohannaa.com\/no\/wp-json\/wp\/v2\/product_brand?post=7305"},{"taxonomy":"product_cat","embeddable":true,"href":"https:\/\/yohannaa.com\/no\/wp-json\/wp\/v2\/product_cat?post=7305"},{"taxonomy":"product_tag","embeddable":true,"href":"https:\/\/yohannaa.com\/no\/wp-json\/wp\/v2\/product_tag?post=7305"}],"curies":[{"name":"wp","href":"https:\/\/api.w.org\/{rel}","templated":true}]}}