{"id":7304,"date":"2024-10-17T17:15:25","date_gmt":"2024-10-17T17:15:25","guid":{"rendered":"https:\/\/yohannaa.com\/product\/ors-hairestore-gjodslende-tempelbalsam\/"},"modified":"2024-10-17T17:15:25","modified_gmt":"2024-10-17T17:15:25","slug":"ors-hairestore-gjodslende-tempelbalsam","status":"publish","type":"product","link":"https:\/\/yohannaa.com\/no\/shop\/harpleie\/behandlinger\/behandling-av-hodebunnen\/ors-hairestore-gjodslende-tempelbalsam\/","title":{"rendered":"ORS Hairestore gj\u00f8dslende tempelbalsam"},"content":{"rendered":"<p>Intensiv balsam med urtebasert behandling gir n\u00e6ring og revitaliserer h\u00e5rkanter og hodebunn for \u00e5 fremme sunn h\u00e5rvekst. Trinn 4 i HAIRestore-systemet er utviklet for \u00e5 bekjempe h\u00e5ravfall og fremme sunn h\u00e5rvekst. Denne n\u00e6rende, lette gelbalsamen kan brukes i alle h\u00e5rpleierutiner som en m\u00e5lrettet punktbehandling for \u00e5 gi n\u00e6ring til kanter og andre omr\u00e5der som er utsatt for uttynning for\u00e5rsaket av fletter, extensions og styling. Tilf\u00f8rer viktige vitaminer og n\u00e6ringsstoffer til omr\u00e5der som er utsatt for uttynning og h\u00e5rtap<br \/>\nN\u00e6rer og forynger kanter og hodebunn<br \/>\nBidrar til \u00e5 skape et ideelt milj\u00f8 for at h\u00e5ret skal trives<br \/>\nFremmer sunt h\u00e5r i vekst og en sunn hodebunn<br \/>\nIdeell for tynne kanter i forbindelse med bruk av fletter INGREDIENSER<br \/>\nWater Aqua, styrenakrylatsampolymer, propylenglykol, glyserin, aloe Barbadensis bladekstrakt, askorbylmetylsilanolpektinat Fytinsyre, sinkacetylmetionat, dimetikonol Panthenol, allium Sativum Hvitl\u00f8ksekstrakt, cola Nitida Kolan\u00f8ttfr\u00f8ekstrakt, equiseti ekstrakt Arvense Horsetailum, linolsyre, linolensyre, tokoferol, oleth 5, oleth 20, paraffinum Liquidum Mineral Oil, isopropylpalmitat, oleylalkohol, fenyltrimetikon, lanolin, capsicum Annuum Paprika Extract, mentol, peg-20 Hydrogenated Lanolin, propylendiazolidinglykol, metylparaben, propylparaben, parfyme Fragrance, benzylsalicylat, butylfenylmetylpropional, kanelalkohol, citronellol, kumarin, eugenol, geraniol, heksylkanel, hydroksytronellal, hydroksyisoheksyl 3-cykloheksenkarboksaldehyd, limonen, karamellinalool, <\/p>\n","protected":false},"excerpt":{"rendered":"<p>Intensiv balsam med urtebehandling gir n\u00e6ring og revitaliserer h\u00e5rkanter og hodebunn for \u00e5 fremme sunn h\u00e5rvekst. Trinn 4 i HAIRestore-systemet er utviklet for \u00e5 bekjempe h\u00e5ravfall og fremme sunn h\u00e5rvekst, og denne n\u00e6rende, lette gelbalsamen kan legges til enhver h\u00e5rpleierutine &#8230; <\/p>\n","protected":false},"featured_media":6744,"comment_status":"open","ping_status":"closed","template":"","meta":[],"product_brand":[1225,1232],"product_cat":[1581,1549,1613],"product_tag":[],"class_list":{"0":"post-7304","1":"product","2":"type-product","3":"status-publish","4":"has-post-thumbnail","6":"product_brand-ors","7":"product_brand-ors-hairestore","8":"product_cat-behandling-av-hodebunnen","9":"product_cat-behandlinger","10":"product_cat-harvekst","12":"first","13":"instock","14":"shipping-taxable","15":"purchasable","16":"product-type-simple"},"_links":{"self":[{"href":"https:\/\/yohannaa.com\/no\/wp-json\/wp\/v2\/product\/7304","targetHints":{"allow":["GET"]}}],"collection":[{"href":"https:\/\/yohannaa.com\/no\/wp-json\/wp\/v2\/product"}],"about":[{"href":"https:\/\/yohannaa.com\/no\/wp-json\/wp\/v2\/types\/product"}],"replies":[{"embeddable":true,"href":"https:\/\/yohannaa.com\/no\/wp-json\/wp\/v2\/comments?post=7304"}],"wp:featuredmedia":[{"embeddable":true,"href":"https:\/\/yohannaa.com\/no\/wp-json\/wp\/v2\/media\/6744"}],"wp:attachment":[{"href":"https:\/\/yohannaa.com\/no\/wp-json\/wp\/v2\/media?parent=7304"}],"wp:term":[{"taxonomy":"product_brand","embeddable":true,"href":"https:\/\/yohannaa.com\/no\/wp-json\/wp\/v2\/product_brand?post=7304"},{"taxonomy":"product_cat","embeddable":true,"href":"https:\/\/yohannaa.com\/no\/wp-json\/wp\/v2\/product_cat?post=7304"},{"taxonomy":"product_tag","embeddable":true,"href":"https:\/\/yohannaa.com\/no\/wp-json\/wp\/v2\/product_tag?post=7304"}],"curies":[{"name":"wp","href":"https:\/\/api.w.org\/{rel}","templated":true}]}}