{"id":7303,"date":"2024-10-18T17:15:25","date_gmt":"2024-10-18T17:15:25","guid":{"rendered":"https:\/\/yohannaa.com\/product\/ors-hairepair-coconut-oil-baobab-hair-polisher-for-daglig-stil-og-glans-6-oz\/"},"modified":"2024-10-18T17:15:25","modified_gmt":"2024-10-18T17:15:25","slug":"ors-hairepair-coconut-oil-baobab-hair-polisher-for-daglig-stil-og-glans-6-oz","status":"publish","type":"product","link":"https:\/\/yohannaa.com\/no\/shop\/harpleie\/sprayer-serum-og-oljer\/serum-no\/ors-hairepair-coconut-oil-baobab-hair-polisher-for-daglig-stil-og-glans-6-oz\/","title":{"rendered":"ORS HAIRepair Coconut Oil &amp; Baobab Hair Polisher for daglig stil og glans 6 oz"},"content":{"rendered":"<p>Lett poleringsmiddel som hjelper til med \u00e5 fylle p\u00e5 og forsegle fuktighet for \u00e5 forbedre glansen.<\/p>\n<ul>\n<li>En \u00f8yeblikkelig l\u00f8sning for glansl\u00f8st h\u00e5r<\/li>\n<li>Gjenoppliver glansen og livskraften<\/li>\n<li>Naturlige oljer bidrar til \u00e5 tilf\u00f8re fuktighet<\/li>\n<\/ul>\n<p><strong>N\u00f8kkelingredienser<\/strong> Kokosn\u00f8ttolje, som inneholder essensielle fettsyrer som fukter og gir n\u00e6ring, fukter dypt og hjelper mot t\u00f8rrhet Baobabolje, som inneholder omega 6 og 9 som er essensielle for et sunt h\u00e5r, gir n\u00e6ring, mykgj\u00f8r og forbedrer glansen<\/p>\n<p><strong>Perfekt for<\/strong><\/p>\n<p>Alt h\u00e5r som trenger glans og glansfullhet.<\/p>\n<p><strong>Anbefalt bruk<\/strong><\/p>\n<ul>\n<li>Som en daglig etterbehandling for stil og glans<\/li>\n<\/ul>\n","protected":false},"excerpt":{"rendered":"<p><strong>ORS HAIRepair Hair Polisher<\/strong> beriker lokkene dine med naturlig kokosolje og baobab for blendende glans og glatthet.<\/p>\n","protected":false},"featured_media":6755,"comment_status":"open","ping_status":"closed","template":"","meta":[],"product_brand":[1233,1225],"product_cat":[1488,1614,1511],"product_tag":[],"class_list":{"0":"post-7303","1":"product","2":"type-product","3":"status-publish","4":"has-post-thumbnail","6":"product_brand-hairepair","7":"product_brand-ors","8":"product_cat-harpleie","9":"product_cat-serum-no","10":"product_cat-sprayer-serum-og-oljer","12":"first","13":"instock","14":"featured","15":"shipping-taxable","16":"purchasable","17":"product-type-simple"},"_links":{"self":[{"href":"https:\/\/yohannaa.com\/no\/wp-json\/wp\/v2\/product\/7303","targetHints":{"allow":["GET"]}}],"collection":[{"href":"https:\/\/yohannaa.com\/no\/wp-json\/wp\/v2\/product"}],"about":[{"href":"https:\/\/yohannaa.com\/no\/wp-json\/wp\/v2\/types\/product"}],"replies":[{"embeddable":true,"href":"https:\/\/yohannaa.com\/no\/wp-json\/wp\/v2\/comments?post=7303"}],"wp:featuredmedia":[{"embeddable":true,"href":"https:\/\/yohannaa.com\/no\/wp-json\/wp\/v2\/media\/6755"}],"wp:attachment":[{"href":"https:\/\/yohannaa.com\/no\/wp-json\/wp\/v2\/media?parent=7303"}],"wp:term":[{"taxonomy":"product_brand","embeddable":true,"href":"https:\/\/yohannaa.com\/no\/wp-json\/wp\/v2\/product_brand?post=7303"},{"taxonomy":"product_cat","embeddable":true,"href":"https:\/\/yohannaa.com\/no\/wp-json\/wp\/v2\/product_cat?post=7303"},{"taxonomy":"product_tag","embeddable":true,"href":"https:\/\/yohannaa.com\/no\/wp-json\/wp\/v2\/product_tag?post=7303"}],"curies":[{"name":"wp","href":"https:\/\/api.w.org\/{rel}","templated":true}]}}