{"id":7302,"date":"2024-10-24T17:15:25","date_gmt":"2024-10-24T17:15:25","guid":{"rendered":"https:\/\/yohannaa.com\/product\/ors-olive-oil-moisturizing-hair-lotion-med-ricinusolje\/"},"modified":"2025-05-17T18:56:50","modified_gmt":"2025-05-17T18:56:50","slug":"ors-olive-oil-moisturizing-hair-lotion-med-ricinusolje","status":"publish","type":"product","link":"https:\/\/yohannaa.com\/no\/shop\/harpleie\/fuktighetskremer-for-haret\/fuktighetsgivende-krem-og-lotion\/ors-olive-oil-moisturizing-hair-lotion-med-ricinusolje\/","title":{"rendered":"ORS Olive Oil Moisturizing Hair Lotion med ricinusolje"},"content":{"rendered":"<p><strong>ORS Olive Oil Incredibly Rich Oil Moisturizing Hair Lotion 8,5 oz<\/strong><\/p>\n<p><strong>ORS Olive Oil Hair Products<\/strong> er formulert med svart ricinusolje. Den daglige h\u00e5rkremen hjelper til med \u00e5 gjenopprette h\u00e5rets naturlige fuktighetsbalanse og gir langvarig holdbarhet. Den tilf\u00f8rer god glans og gir maksimal beskyttelse mot varme. Ved jevnlig bruk av <strong>ORS Hair Products UK<\/strong> vil h\u00e5ret ditt begynne \u00e5 vise forbedret fuktighet, glans og elastisitet. Det passer for alle h\u00e5rtyper.    <\/p>\n<p><strong>Fordeler:<\/strong><\/p>\n<ul>\n<li>Den pleier og fukter h\u00e5ret ditt.<\/li>\n<li>Gir en glans som varer lenge.<\/li>\n<\/ul>\n<p><strong>Bruksanvisning:<\/strong><\/p>\n<div class=\"sulfate-free-wrap in-pdp-desktop\"><\/div>\n<p>Ta en liten mengde <strong>ORS Hair Products UK<\/strong> i h\u00e5nden. Gni den sammen og masser oljen inn i h\u00e5ret og hodebunnen. F\u00f8nt\u00f8rk og style h\u00e5ret som vanlig.  <\/p>\n<div class=\"tab-content\">\n<div class=\"inner-block\" aria-label=\"How To Use\">P\u00e5f\u00f8r sparsomt i h\u00e5ret for \u00e5 beskytte h\u00e5ret mot f\u00f8nt\u00f8rker og kr\u00f8lltang P\u00e5f\u00f8r i hodebunnen og masser inn for \u00e5 fukte h\u00e5ret og hodebunnen P\u00e5f\u00f8r sparsomt i h\u00e5ret og hodebunnen for \u00e5 styrke skadet h\u00e5r.<\/div>\n<\/div>\n<p><strong>Ingredienser:<\/strong><\/p>\n<p>Aqua, Cocos Nucifera kokosn\u00f8ttolje, Carthamus Tinctorius saflorfr\u00f8olje, Ricinus Communis ricinusfr\u00f8olje, vaselin, sorbitol, cyklopentasiloksan, cetearylalkohol, dimetikon, glyserylstearat Se, Ppg-3 benzyletermyristat, Olea Europaea olivenfruktolje, karbomer, natriumcetearylsulfat, stearinsyre, aminometylpropanol, dinatriumedta, bht, fenoksyetanol, benzosyre, etylheksylglyserin, glyseret-2-kokosat, parfyme, alfa-isometylionon, benzylalkohol, benzylsalicylat, butylfenylmetylpropional, geraniol, heksylkinnamal, hydroksyisoheksyl-3-sykloheksenkarboksaldehyd, limonen, linalool, Ci 42090 bl\u00e5 1, Ci 19140 gul 5<\/p>\n<p><strong>ORS Hair Products <\/strong>inneholder rike essensielle fettsyrer som bidrar til \u00e5 tilf\u00f8re fuktighet direkte inn i h\u00e5rstr\u00e5et.<\/p>\n","protected":false},"excerpt":{"rendered":"<p><strong>ORS Olive Oil Hair Products<\/strong> er formulert med svart ricinusolje. Den daglige h\u00e5rkremen hjelper til med \u00e5 gjenopprette h\u00e5rets naturlige fuktighetsbalanse og gir langvarig holdbarhet. Den tilf\u00f8rer god glans og gir maksimal beskyttelse mot varme. Ved jevnlig bruk av <strong>ORS Hair Products UK<\/strong> vil h\u00e5ret ditt begynne \u00e5 vise forbedret fuktighet, glans og elastisitet. Det passer for alle h\u00e5rtyper.    <\/p>\n","protected":false},"featured_media":6746,"comment_status":"open","ping_status":"closed","template":"","meta":[],"product_brand":[1225],"product_cat":[1521,1520],"product_tag":[1467,1515],"class_list":{"0":"post-7302","1":"product","2":"type-product","3":"status-publish","4":"has-post-thumbnail","6":"product_brand-ors","7":"product_cat-fuktighetsgivende-krem-og-lotion","8":"product_cat-fuktighetskremer-for-haret","9":"product_tag-harpleie","10":"product_tag-harpleie-fuktighet","12":"first","13":"instock","14":"shipping-taxable","15":"purchasable","16":"product-type-simple"},"_links":{"self":[{"href":"https:\/\/yohannaa.com\/no\/wp-json\/wp\/v2\/product\/7302","targetHints":{"allow":["GET"]}}],"collection":[{"href":"https:\/\/yohannaa.com\/no\/wp-json\/wp\/v2\/product"}],"about":[{"href":"https:\/\/yohannaa.com\/no\/wp-json\/wp\/v2\/types\/product"}],"replies":[{"embeddable":true,"href":"https:\/\/yohannaa.com\/no\/wp-json\/wp\/v2\/comments?post=7302"}],"wp:featuredmedia":[{"embeddable":true,"href":"https:\/\/yohannaa.com\/no\/wp-json\/wp\/v2\/media\/6746"}],"wp:attachment":[{"href":"https:\/\/yohannaa.com\/no\/wp-json\/wp\/v2\/media?parent=7302"}],"wp:term":[{"taxonomy":"product_brand","embeddable":true,"href":"https:\/\/yohannaa.com\/no\/wp-json\/wp\/v2\/product_brand?post=7302"},{"taxonomy":"product_cat","embeddable":true,"href":"https:\/\/yohannaa.com\/no\/wp-json\/wp\/v2\/product_cat?post=7302"},{"taxonomy":"product_tag","embeddable":true,"href":"https:\/\/yohannaa.com\/no\/wp-json\/wp\/v2\/product_tag?post=7302"}],"curies":[{"name":"wp","href":"https:\/\/api.w.org\/{rel}","templated":true}]}}