{"id":7301,"date":"2024-08-30T17:15:26","date_gmt":"2024-08-30T17:15:26","guid":{"rendered":"https:\/\/yohannaa.com\/product\/dax-indisk-hamp\/"},"modified":"2024-12-01T23:06:59","modified_gmt":"2024-12-01T23:06:59","slug":"dax-indisk-hamp","status":"publish","type":"product","link":"https:\/\/yohannaa.com\/no\/shop\/harpleie\/fuktighetskremer-for-haret\/fuktighetsgivende-krem-og-lotion\/dax-indisk-hamp\/","title":{"rendered":"DAX Indisk hamp"},"content":{"rendered":"<p>DAX Indian Hemp inneholder en unik oljeblanding som fukter h\u00e5ret og hjelper til med \u00e5 reparere skader for\u00e5rsaket av kjemiske behandlinger. DAX Indian Hemp bidrar til \u00e5 holde p\u00e5 fuktigheten og forbedre h\u00e5rets tekstur. <\/p>\n<ul>\n<li>H\u00e5rbalsam laget av en unik blanding av oljer<\/li>\n<li>Stimulerer hodebunnen samtidig som den beroliger og lindrer skader for\u00e5rsaket av kjemiske behandlinger<\/li>\n<li>Bidrar til \u00e5 holde p\u00e5 fuktigheten og forbedre teksturen<\/li>\n<\/ul>\n<p>&nbsp;<\/p>\n<h3><strong>Fordeler<\/strong><\/h3>\n<ul>\n<li>Lanolin &#8211; Forbedrer fuktighetsbevaringen, noe som gir mykere og glattere h\u00e5r.<\/li>\n<li>Vitamin E &#8211; Bidrar til \u00e5 forebygge spaltede tupper og fremmer h\u00e5rvekst. Bidrar til \u00e5 redusere t\u00f8rrhet og gir glans. Antioksidant.  <\/li>\n<li>Hampfr\u00f8olje &#8211; Utmerket naturlig balsam som inneholder omega-3-fettsyrer som gir n\u00e6ring til hodebunn og h\u00e5r.<\/li>\n<li>Naturlig oljeblanding &#8211; Naturlige oljer tilf\u00f8rer glans til h\u00e5ret og bidrar til \u00e5 redusere avbrekk, noe som \u00f8ker h\u00e5rets lengde, styrke og tykkelse. Hjelper med \u00e5 gi n\u00e6ring til h\u00e5ret og jevne ut h\u00e5rstr\u00e5et. Bidrar til \u00e5 forbedre h\u00e5rets helse og vitalitet. Bidrar til \u00e5 gj\u00f8re h\u00e5ret mykere og mer h\u00e5ndterbart.   <\/li>\n<\/ul>\n<p>&nbsp;<\/p>\n<h3><strong>Ingredienser<\/strong><\/h3>\n<p>Petrolatum, Cannabis Sativa fr\u00f8olje, Urtica Dioica (brennesle), Rosmarinus Officinalis (rosmarin) blad, Arctium Lappa rotekstrakt, Betula Alba barkekstrakt, Rosa Canina blomsterekstrakt, Chondrus Crispus (karageenan), Taraxacum Officinale, Equisetum Arvense (\u00e5kerfrytle), Prunus Serotina, Echinacea Purpurea, Sambucus Nigra Flower Extract, Tussilago Farfara, Rumex Crispus Root Extract, Faex, Lanolin, Isopropyl Myristate, Fragrance (Parfum), Benzyl Alcohol, Benzyl Salicylate, Coumarin, D-Limonene, Tocopheryl Acetate.<\/p>\n<p>&nbsp;<\/p>\n<h3><strong>Slik bruker du den:<\/strong><\/h3>\n<p>Masseres inn i h\u00e5r og hodebunn etter behov, og style h\u00e5ret som vanlig.<\/p>\n<h4><strong>H\u00e5rtype<\/strong><\/h4>\n<ul>\n<li>Kr\u00f8llete eller grove h\u00e5rstrukturer<\/li>\n<li>T\u00f8rt, skadet h\u00e5r<\/li>\n<li>Alle h\u00e5rlengder<\/li>\n<\/ul>\n<h4><strong>Forventede resultater<\/strong><\/h4>\n<ul>\n<li>Mindre brudd<\/li>\n<li>Mykere og blankere h\u00e5r<\/li>\n<\/ul>\n","protected":false},"excerpt":{"rendered":"<p><strong>DAX Indian Hemp<\/strong> inneholder en unik oljeblanding som fukter h\u00e5ret og hjelper til med \u00e5 reparere skader for\u00e5rsaket av kjemiske behandlinger. DAX Indian Hemp bidrar til \u00e5 holde p\u00e5 fuktigheten og forbedre h\u00e5rets tekstur. <\/p>\n<ul>\n<li>H\u00e5rbalsam laget av en unik blanding av oljer<\/li>\n<li>Stimulerer hodebunnen samtidig som den beroliger og lindrer skader for\u00e5rsaket av kjemiske behandlinger<\/li>\n<li>Bidrar til \u00e5 holde p\u00e5 fuktigheten og forbedre teksturen<\/li>\n<\/ul>\n","protected":false},"featured_media":6759,"comment_status":"open","ping_status":"closed","template":"","meta":[],"product_brand":[1223],"product_cat":[1521,1520,1488],"product_tag":[],"class_list":{"0":"post-7301","1":"product","2":"type-product","3":"status-publish","4":"has-post-thumbnail","6":"product_brand-dax","7":"product_cat-fuktighetsgivende-krem-og-lotion","8":"product_cat-fuktighetskremer-for-haret","9":"product_cat-harpleie","11":"first","12":"instock","13":"shipping-taxable","14":"purchasable","15":"product-type-variable"},"_links":{"self":[{"href":"https:\/\/yohannaa.com\/no\/wp-json\/wp\/v2\/product\/7301","targetHints":{"allow":["GET"]}}],"collection":[{"href":"https:\/\/yohannaa.com\/no\/wp-json\/wp\/v2\/product"}],"about":[{"href":"https:\/\/yohannaa.com\/no\/wp-json\/wp\/v2\/types\/product"}],"replies":[{"embeddable":true,"href":"https:\/\/yohannaa.com\/no\/wp-json\/wp\/v2\/comments?post=7301"}],"wp:featuredmedia":[{"embeddable":true,"href":"https:\/\/yohannaa.com\/no\/wp-json\/wp\/v2\/media\/6759"}],"wp:attachment":[{"href":"https:\/\/yohannaa.com\/no\/wp-json\/wp\/v2\/media?parent=7301"}],"wp:term":[{"taxonomy":"product_brand","embeddable":true,"href":"https:\/\/yohannaa.com\/no\/wp-json\/wp\/v2\/product_brand?post=7301"},{"taxonomy":"product_cat","embeddable":true,"href":"https:\/\/yohannaa.com\/no\/wp-json\/wp\/v2\/product_cat?post=7301"},{"taxonomy":"product_tag","embeddable":true,"href":"https:\/\/yohannaa.com\/no\/wp-json\/wp\/v2\/product_tag?post=7301"}],"curies":[{"name":"wp","href":"https:\/\/api.w.org\/{rel}","templated":true}]}}