{"id":7300,"date":"2024-10-18T17:15:25","date_gmt":"2024-10-18T17:15:25","guid":{"rendered":"https:\/\/yohannaa.com\/product\/ors-tea-tree-anti-bump-lotion\/"},"modified":"2025-03-26T20:25:10","modified_gmt":"2025-03-26T20:25:10","slug":"ors-tea-tree-anti-bump-lotion","status":"publish","type":"product","link":"https:\/\/yohannaa.com\/no\/shop\/herre\/barbering\/etter-barbering\/ors-tea-tree-anti-bump-lotion\/","title":{"rendered":"ORS Tea Tree Anti Bump Lotion"},"content":{"rendered":"<p>Beskytt hudens helse f\u00f8r barbering ved \u00e5 bruke denne fantastiske lotionen fra ORS. Takket v\u00e6re den dyptvirkende tea tree-oljen vil huden din bli effektivt renset og etterlatt myk og smidig med denne str\u00e5lende lotionen. <\/p>\n<p><b>Veibeskrivelse:<\/b><\/p>\n<p>Fukt ansiktet og p\u00e5f\u00f8r et lett lag f\u00f8r barbering. Vask ansiktet etter barbering og klapp forsiktig t\u00f8rt. <\/p>\n","protected":false},"excerpt":{"rendered":"<p>Beskytt hudens helse f\u00f8r barbering ved \u00e5 bruke denne gode lotionen fra ORS. Takket v\u00e6re den dypt penetrerende tea tree-oljen&#8230; <\/p>\n","protected":false},"featured_media":6748,"comment_status":"open","ping_status":"closed","template":"","meta":[],"product_brand":[1225],"product_cat":[1615,1616,1536],"product_tag":[],"class_list":{"0":"post-7300","1":"product","2":"type-product","3":"status-publish","4":"has-post-thumbnail","6":"product_brand-ors","7":"product_cat-barbering","8":"product_cat-etter-barbering","9":"product_cat-herre","11":"first","12":"outofstock","13":"shipping-taxable","14":"purchasable","15":"product-type-simple"},"_links":{"self":[{"href":"https:\/\/yohannaa.com\/no\/wp-json\/wp\/v2\/product\/7300","targetHints":{"allow":["GET"]}}],"collection":[{"href":"https:\/\/yohannaa.com\/no\/wp-json\/wp\/v2\/product"}],"about":[{"href":"https:\/\/yohannaa.com\/no\/wp-json\/wp\/v2\/types\/product"}],"replies":[{"embeddable":true,"href":"https:\/\/yohannaa.com\/no\/wp-json\/wp\/v2\/comments?post=7300"}],"wp:featuredmedia":[{"embeddable":true,"href":"https:\/\/yohannaa.com\/no\/wp-json\/wp\/v2\/media\/6748"}],"wp:attachment":[{"href":"https:\/\/yohannaa.com\/no\/wp-json\/wp\/v2\/media?parent=7300"}],"wp:term":[{"taxonomy":"product_brand","embeddable":true,"href":"https:\/\/yohannaa.com\/no\/wp-json\/wp\/v2\/product_brand?post=7300"},{"taxonomy":"product_cat","embeddable":true,"href":"https:\/\/yohannaa.com\/no\/wp-json\/wp\/v2\/product_cat?post=7300"},{"taxonomy":"product_tag","embeddable":true,"href":"https:\/\/yohannaa.com\/no\/wp-json\/wp\/v2\/product_tag?post=7300"}],"curies":[{"name":"wp","href":"https:\/\/api.w.org\/{rel}","templated":true}]}}