{"id":7298,"date":"2024-10-18T17:15:25","date_gmt":"2024-10-18T17:15:25","guid":{"rendered":"https:\/\/yohannaa.com\/product\/ors-hairestore-fertilizing-serum\/"},"modified":"2024-10-18T17:15:25","modified_gmt":"2024-10-18T17:15:25","slug":"ors-hairestore-fertilizing-serum","status":"publish","type":"product","link":"https:\/\/yohannaa.com\/no\/shop\/harpleie\/behandlinger\/harvekst\/ors-hairestore-fertilizing-serum\/","title":{"rendered":"ORS Hairestore Fertilizing Serum"},"content":{"rendered":"<p>Organic Root Stimulator Fertilizing Serum er et n\u00e6ringsrikt serum som eksfolierer hodebunnen, stimulerer sirkulasjonen og gir n\u00e6ring til de nye h\u00e5rstr\u00e5ene. Serumet er rikt p\u00e5 vitaminer og aminosyrer, skapt for \u00e5 eksfoliere og \u00f8ke lipidproduksjonen og balansere h\u00e5rveksthemmende DHT-hormoner. Fertilizing Serum er ideell for naturlige h\u00e5rstrukturer, fletter, flettede fletter og kr\u00f8llete permanent.<\/p>\n","protected":false},"excerpt":{"rendered":"<p>Organic Root Stimulator Fertilizing Serum er et n\u00e6ringsrikt serum som eksfolierer hodebunnen, stimulerer sirkulasjonen og gir n\u00e6ring til de nye h\u00e5rstr\u00e5ene.<\/p>\n","protected":false},"featured_media":6750,"comment_status":"open","ping_status":"closed","template":"","meta":[],"product_brand":[1225,1232],"product_cat":[1549,1613,1614,1511],"product_tag":[],"class_list":{"0":"post-7298","1":"product","2":"type-product","3":"status-publish","4":"has-post-thumbnail","6":"product_brand-ors","7":"product_brand-ors-hairestore","8":"product_cat-behandlinger","9":"product_cat-harvekst","10":"product_cat-serum-no","11":"product_cat-sprayer-serum-og-oljer","13":"first","14":"instock","15":"shipping-taxable","16":"purchasable","17":"product-type-simple"},"_links":{"self":[{"href":"https:\/\/yohannaa.com\/no\/wp-json\/wp\/v2\/product\/7298","targetHints":{"allow":["GET"]}}],"collection":[{"href":"https:\/\/yohannaa.com\/no\/wp-json\/wp\/v2\/product"}],"about":[{"href":"https:\/\/yohannaa.com\/no\/wp-json\/wp\/v2\/types\/product"}],"replies":[{"embeddable":true,"href":"https:\/\/yohannaa.com\/no\/wp-json\/wp\/v2\/comments?post=7298"}],"wp:featuredmedia":[{"embeddable":true,"href":"https:\/\/yohannaa.com\/no\/wp-json\/wp\/v2\/media\/6750"}],"wp:attachment":[{"href":"https:\/\/yohannaa.com\/no\/wp-json\/wp\/v2\/media?parent=7298"}],"wp:term":[{"taxonomy":"product_brand","embeddable":true,"href":"https:\/\/yohannaa.com\/no\/wp-json\/wp\/v2\/product_brand?post=7298"},{"taxonomy":"product_cat","embeddable":true,"href":"https:\/\/yohannaa.com\/no\/wp-json\/wp\/v2\/product_cat?post=7298"},{"taxonomy":"product_tag","embeddable":true,"href":"https:\/\/yohannaa.com\/no\/wp-json\/wp\/v2\/product_tag?post=7298"}],"curies":[{"name":"wp","href":"https:\/\/api.w.org\/{rel}","templated":true}]}}