{"id":7297,"date":"2024-10-16T17:15:48","date_gmt":"2024-10-16T17:15:48","guid":{"rendered":"https:\/\/yohannaa.com\/product\/dax-super-neat-hair-creme-99-g\/"},"modified":"2024-10-16T17:15:48","modified_gmt":"2024-10-16T17:15:48","slug":"dax-super-neat-hair-creme-99-g","status":"publish","type":"product","link":"https:\/\/yohannaa.com\/no\/shop\/harpleie\/harstyling\/stylingvoks\/dax-super-neat-hair-creme-99-g\/","title":{"rendered":"Dax Super Neat Hair Creme 99 g"},"content":{"rendered":"<p>DAX Super Neat er en pleiende h\u00e5rkrem som gir et lett hold. Den passer perfekt til mange h\u00e5rtyper og frisyrer. For et mykt, naturlig utseende<br \/>\nMiddels hold for alle typer frisyrer<br \/>\nBrukes best i kort til mellomlangt h\u00e5r <\/p>\n<p><strong>Fordeler<\/strong><\/p>\n<p>Soyaolje &#8211; Naturlig balsam og antioksidant. Holder p\u00e5 fuktigheten for \u00e5 gj\u00f8re h\u00e5ret sterkere og mer medgj\u00f8rlig.<br \/>\nGulrotrotekstrakt &#8211; Naturlig antioksidant.<br \/>\nBetakaroten &#8211; Pleier h\u00e5ret og bidrar til \u00e5 opprettholde normal h\u00e5rvekst.<br \/>\nVitamin E &#8211; Bidrar til \u00e5 forhindre spaltede tupper og hjelper til med h\u00e5rveksten. Bidrar til \u00e5 redusere t\u00f8rrhet og gir glans. Antioksidant.   <\/p>\n<p><strong>Instruksjoner for bruk<\/strong><\/p>\n<p>Fordel \u00f8nsket mengde mellom h\u00e5ndflatene og gni. P\u00e5f\u00f8r i rent, fuktig eller t\u00f8rt h\u00e5r. Style med fingertuppene til \u00f8nsket look er oppn\u00e5dd.  <\/p>\n<p><strong>Ingredienser<\/strong><\/p>\n<p>Petrolatum, Cetearylalkohol, PEG-150 Stearate, Steareth-20, Oleth-5, Microcrystalline Wax 1275, Fragrance (Parfyme), Glycine Soya (Soya) Oil, Beta Carotene (CI 40800), Tocopheryl Acetate, Methyl, Methyl, Methyl, Methyl. Benzylbenzoat, Citronellol, Heksylcinnamicaldehyd, Hydroksykitronellol, Benzylsalicylat, Amylcinnamal <\/p>\n<p><strong>H\u00e5rtype<\/strong><\/p>\n<p>T\u00f8rt, spr\u00f8tt h\u00e5r<br \/>\nRett, kr\u00f8llete eller grovt h\u00e5r<br \/>\nAlle h\u00e5rlengder<\/p>\n<p><strong>Forventede resultater<\/strong><\/p>\n<p>Mykere og blankere h\u00e5r<br \/>\nForbedrer h\u00e5rets styrke<br \/>\nReduserer brekkasje<br \/>\nTilf\u00f8rer fuktighet<br \/>\nEnkelt hold<\/p>\n","protected":false},"excerpt":{"rendered":"<p>DAX Super Neat er en pleiende h\u00e5rkrem som gir et lett hold. Den passer perfekt til mange h\u00e5rtyper og frisyrer. For et mykt, naturlig utseende<br \/>\nMiddels hold for alle typer frisyrer<br \/>\nBrukes best i kort til mellomlangt h\u00e5r <\/p>\n","protected":false},"featured_media":6768,"comment_status":"open","ping_status":"closed","template":"","meta":[],"product_brand":[1223],"product_cat":[1469,1610],"product_tag":[],"class_list":{"0":"post-7297","1":"product","2":"type-product","3":"status-publish","4":"has-post-thumbnail","6":"product_brand-dax","7":"product_cat-harstyling","8":"product_cat-stylingvoks","10":"first","11":"instock","12":"shipping-taxable","13":"purchasable","14":"product-type-simple"},"_links":{"self":[{"href":"https:\/\/yohannaa.com\/no\/wp-json\/wp\/v2\/product\/7297","targetHints":{"allow":["GET"]}}],"collection":[{"href":"https:\/\/yohannaa.com\/no\/wp-json\/wp\/v2\/product"}],"about":[{"href":"https:\/\/yohannaa.com\/no\/wp-json\/wp\/v2\/types\/product"}],"replies":[{"embeddable":true,"href":"https:\/\/yohannaa.com\/no\/wp-json\/wp\/v2\/comments?post=7297"}],"wp:featuredmedia":[{"embeddable":true,"href":"https:\/\/yohannaa.com\/no\/wp-json\/wp\/v2\/media\/6768"}],"wp:attachment":[{"href":"https:\/\/yohannaa.com\/no\/wp-json\/wp\/v2\/media?parent=7297"}],"wp:term":[{"taxonomy":"product_brand","embeddable":true,"href":"https:\/\/yohannaa.com\/no\/wp-json\/wp\/v2\/product_brand?post=7297"},{"taxonomy":"product_cat","embeddable":true,"href":"https:\/\/yohannaa.com\/no\/wp-json\/wp\/v2\/product_cat?post=7297"},{"taxonomy":"product_tag","embeddable":true,"href":"https:\/\/yohannaa.com\/no\/wp-json\/wp\/v2\/product_tag?post=7297"}],"curies":[{"name":"wp","href":"https:\/\/api.w.org\/{rel}","templated":true}]}}