{"id":7295,"date":"2024-10-16T17:15:48","date_gmt":"2024-10-16T17:15:48","guid":{"rendered":"https:\/\/yohannaa.com\/product\/dax-kort-og-pen-kjole-med-lyst-har\/"},"modified":"2024-10-16T17:15:48","modified_gmt":"2024-10-16T17:15:48","slug":"dax-kort-og-pen-kjole-med-lyst-har","status":"publish","type":"product","link":"https:\/\/yohannaa.com\/no\/shop\/harpleie\/harstyling\/stylingvoks\/dax-kort-og-pen-kjole-med-lyst-har\/","title":{"rendered":"Dax kort og pen kjole med lyst h\u00e5r"},"content":{"rendered":"<p>DAX Short &amp; Neat er den perfekte lette h\u00e5rkuren for det korte, naturlige h\u00e5ret. Den er beriket med en blanding av oljer som gir n\u00e6ring og glans til h\u00e5ret. Passer perfekt til alle h\u00e5rtyper og kort til mellomlangt h\u00e5r. Lett hold, med h\u00f8y glans<br \/>\nInneholder spesielle n\u00e6rende oljer for h\u00e5r og hodebunn<br \/>\nBrukes best i kort til mellomlangt h\u00e5r  <\/p>\n<h4>Instruksjoner for bruk<\/h4>\n<p>Gni \u00f8nsket mengde DAX Short &amp; Neat mellom h\u00e5ndflatene. P\u00e5f\u00f8r i rent, fuktig eller t\u00f8rt h\u00e5r. Style med fingertuppene til \u00f8nsket look er oppn\u00e5dd.  <\/p>\n<h4>Fordeler<\/h4>\n<p>Kokosolje &#8211; Utmerket balsam som hjelper h\u00e5ret med \u00e5 vokse og gir glans. Ricinusolje &#8211; Inneholder omega-9-fettsyrer som gir n\u00e6ring til h\u00e5ret og forebygger t\u00f8rrhet. Mineralolje &#8211; Bidrar til \u00e5 minimere krus og forbedre kr\u00f8ller. Tilf\u00f8rer glans.<\/p>\n<h4>Ingredienser<\/h4>\n<p>Petrolatum, Paraffinum Liquidum, Fragrance (parfyme), Cocos Nucifera (kokosn\u00f8tt) olje, Ricinus Communis (Ricinus) fr\u00f8olje, Benzyl Benzoate, Coumarin, Geraniol, Linalool.<\/p>\n<h4>H\u00e5rtype<\/h4>\n<p>Rett, kr\u00f8llete eller grovt h\u00e5r<\/p>\n<h4>Forventede resultater<\/h4>\n<p>L\u00e5ser fuktighet i h\u00e5ret Sunt, glansfullt h\u00e5r Kan brukes for lett hold Kan brukes til \u00e5 pigge, forme eller style h\u00e5ret<\/p>\n","protected":false},"excerpt":{"rendered":"<p>DAX Short &amp; Neat er den perfekte lette h\u00e5rkuren for det korte, naturlige h\u00e5ret. Den er beriket med en blanding av oljer som gir n\u00e6ring og glans til h\u00e5ret. Passer perfekt til alle h\u00e5rtyper og kort til mellomlangt h\u00e5r. Lett hold, med h\u00f8y glans<br \/>\nInneholder spesielle n\u00e6rende oljer for h\u00e5r og hodebunn<br \/>\nBrukes best i kort til mellomlangt h\u00e5r  <\/p>\n","protected":false},"featured_media":6769,"comment_status":"open","ping_status":"closed","template":"","meta":[],"product_brand":[1223],"product_cat":[1469,1610],"product_tag":[],"class_list":{"0":"post-7295","1":"product","2":"type-product","3":"status-publish","4":"has-post-thumbnail","6":"product_brand-dax","7":"product_cat-harstyling","8":"product_cat-stylingvoks","10":"first","11":"instock","12":"featured","13":"shipping-taxable","14":"purchasable","15":"product-type-simple"},"_links":{"self":[{"href":"https:\/\/yohannaa.com\/no\/wp-json\/wp\/v2\/product\/7295","targetHints":{"allow":["GET"]}}],"collection":[{"href":"https:\/\/yohannaa.com\/no\/wp-json\/wp\/v2\/product"}],"about":[{"href":"https:\/\/yohannaa.com\/no\/wp-json\/wp\/v2\/types\/product"}],"replies":[{"embeddable":true,"href":"https:\/\/yohannaa.com\/no\/wp-json\/wp\/v2\/comments?post=7295"}],"wp:featuredmedia":[{"embeddable":true,"href":"https:\/\/yohannaa.com\/no\/wp-json\/wp\/v2\/media\/6769"}],"wp:attachment":[{"href":"https:\/\/yohannaa.com\/no\/wp-json\/wp\/v2\/media?parent=7295"}],"wp:term":[{"taxonomy":"product_brand","embeddable":true,"href":"https:\/\/yohannaa.com\/no\/wp-json\/wp\/v2\/product_brand?post=7295"},{"taxonomy":"product_cat","embeddable":true,"href":"https:\/\/yohannaa.com\/no\/wp-json\/wp\/v2\/product_cat?post=7295"},{"taxonomy":"product_tag","embeddable":true,"href":"https:\/\/yohannaa.com\/no\/wp-json\/wp\/v2\/product_tag?post=7295"}],"curies":[{"name":"wp","href":"https:\/\/api.w.org\/{rel}","templated":true}]}}