{"id":7293,"date":"2024-10-16T17:15:48","date_gmt":"2024-10-16T17:15:48","guid":{"rendered":"https:\/\/yohannaa.com\/product\/dax-green-and-gold-hair-wax\/"},"modified":"2025-06-15T20:22:48","modified_gmt":"2025-06-15T20:22:48","slug":"dax-green-and-gold-hair-wax","status":"publish","type":"product","link":"https:\/\/yohannaa.com\/no\/shop\/harpleie\/harstyling\/stylingvoks\/dax-green-and-gold-hair-wax\/","title":{"rendered":"Dax Green And Gold Hair Wax"},"content":{"rendered":"<p>DAX Green &amp; Gold er en spesialutviklet stylingvoks laget av bivoks og naturlige oljer. Green &amp; Gold gir sterkt hold uten u\u00f8nsket oppbygging eller overt\u00f8rking som mange stylingprodukter kan for\u00e5rsake. Green &amp; Gold er perfekt til styling av kort h\u00e5r.  <\/p>\n<p>Formel for bivoks og naturlig olje<br \/>\nSterkt hold uten \u00e5 klumpe eller t\u00f8rke ut h\u00e5ret<br \/>\nBrukes til lokker, fletter, st\u00f8ping og skulptur<br \/>\nBrukes best i kort h\u00e5r<\/p>\n<p><strong>Fordeler<\/strong><\/p>\n<p>Bivoks &#8211; er kjent for \u00e5 bidra til \u00e5 gj\u00f8re h\u00e5ret sterkere og tykkere. Bivoks kan ogs\u00e5 bidra til \u00e5 bygge opp h\u00e5rets volum for \u00e5 gi bedre kontroll og tekstur til h\u00e5ret for en bestemt \u00f8nsket stil. Bivoks kan gi h\u00e5ret glans og lyster og gir ekstra beskyttelse. Tilstedev\u00e6relsen av antioksidanter bidrar til \u00e5 beskytte h\u00e5ret mot skader som oppst\u00e5r som f\u00f8lge av daglig styling, milj\u00f8faktorer og andre forhold. Bivoks kan ogs\u00e5 bidra til \u00e5 gi ekstra sm\u00f8ring, fuktighet, fuktighet og mykhet til h\u00e5ret.<br \/>\nJojobaolje &#8211; Tilf\u00f8rer n\u00e6ring, fuktighet og glans til h\u00e5ret.<br \/>\nSaflorolje &#8211; Naturlig avledet olje som gir utmerket fuktighet og glans.<br \/>\nOlivenolje &#8211; Bidrar til \u00e5 forbedre h\u00e5rets helse og vitalitet. Naturlig h\u00e5rbalsam. Bidrar til \u00e5 gj\u00f8re h\u00e5ret mykere og mer medgj\u00f8rlig.      <\/p>\n<p><strong>Instruksjoner for bruk<\/strong><\/p>\n<p>Legg \u00f8nsket mengde mellom h\u00e5ndflatene og gni hendene sammen for \u00e5 generere varme som gj\u00f8r voksen litt mykere. P\u00e5f\u00f8r i t\u00f8rt eller fuktig h\u00e5r. Bruk fingertuppene til \u00e5 pigge, forme og skape den stilen du \u00f8nsker.  <\/p>\n<p><strong>Ingredienser<\/strong><\/p>\n<p>Petrolatum, Fragrance (parfyme), Cera Alba, Simmondsia Chinensis (Jojoba) Seed Oil, Carthamus Tinctorius (Safflower) Seed Oil, Olea Europaea (Olive) Fruit Oil, Yellow 11 (Cl 47000), Amyl Cinnamyl Alcohol, Benzyl Salicylate, Eugenol, Geraniol, Butylphenyl Mehtyl Propiano, Linalool.<\/p>\n<p><strong>H\u00e5rtype<\/strong><\/p>\n<p>T\u00f8rt h\u00e5r<br \/>\nRett, kr\u00f8llete eller grovt h\u00e5r<\/p>\n<p><strong>Forventede resultater<\/strong><\/p>\n<p>Mykere og blankere h\u00e5r<br \/>\nForbedrer h\u00e5rets styrke<br \/>\nReduserer brekkasje<br \/>\nTilf\u00f8rer fuktighet<br \/>\nCont<\/p>\n","protected":false},"excerpt":{"rendered":"<p>DAX Green &amp; Gold er en spesialutviklet stylingvoks laget av bivoks og naturlige oljer. Green &amp; Gold gir sterkt hold uten u\u00f8nsket oppbygging eller overt\u00f8rking som mange stylingprodukter kan for\u00e5rsake. Green &amp; Gold er perfekt til styling av kort h\u00e5r.  <\/p>\n","protected":false},"featured_media":6770,"comment_status":"open","ping_status":"closed","template":"","meta":[],"product_brand":[1223],"product_cat":[1469,1610],"product_tag":[],"class_list":{"0":"post-7293","1":"product","2":"type-product","3":"status-publish","4":"has-post-thumbnail","6":"product_brand-dax","7":"product_cat-harstyling","8":"product_cat-stylingvoks","10":"first","11":"instock","12":"shipping-taxable","13":"purchasable","14":"product-type-simple"},"_links":{"self":[{"href":"https:\/\/yohannaa.com\/no\/wp-json\/wp\/v2\/product\/7293","targetHints":{"allow":["GET"]}}],"collection":[{"href":"https:\/\/yohannaa.com\/no\/wp-json\/wp\/v2\/product"}],"about":[{"href":"https:\/\/yohannaa.com\/no\/wp-json\/wp\/v2\/types\/product"}],"replies":[{"embeddable":true,"href":"https:\/\/yohannaa.com\/no\/wp-json\/wp\/v2\/comments?post=7293"}],"wp:featuredmedia":[{"embeddable":true,"href":"https:\/\/yohannaa.com\/no\/wp-json\/wp\/v2\/media\/6770"}],"wp:attachment":[{"href":"https:\/\/yohannaa.com\/no\/wp-json\/wp\/v2\/media?parent=7293"}],"wp:term":[{"taxonomy":"product_brand","embeddable":true,"href":"https:\/\/yohannaa.com\/no\/wp-json\/wp\/v2\/product_brand?post=7293"},{"taxonomy":"product_cat","embeddable":true,"href":"https:\/\/yohannaa.com\/no\/wp-json\/wp\/v2\/product_cat?post=7293"},{"taxonomy":"product_tag","embeddable":true,"href":"https:\/\/yohannaa.com\/no\/wp-json\/wp\/v2\/product_tag?post=7293"}],"curies":[{"name":"wp","href":"https:\/\/api.w.org\/{rel}","templated":true}]}}