{"id":7292,"date":"2024-10-17T17:15:49","date_gmt":"2024-10-17T17:15:49","guid":{"rendered":"https:\/\/yohannaa.com\/product\/kakaosmor-skin-therapy-oil-rosehip-med-vitamin-e\/"},"modified":"2024-10-17T17:15:49","modified_gmt":"2024-10-17T17:15:49","slug":"kakaosmor-skin-therapy-oil-rosehip-med-vitamin-e","status":"publish","type":"product","link":"https:\/\/yohannaa.com\/no\/shop\/hudpleie\/fuktighetsgivende-for-huden\/hudsprayer-og-oljer\/kakaosmor-skin-therapy-oil-rosehip-med-vitamin-e\/","title":{"rendered":"Kakaosm\u00f8r Skin Therapy Oil Rosehip med vitamin E"},"content":{"rendered":"<p>Hjelper med \u00e5 forbedre utseendet p\u00e5:<br \/>\nArr, strekkmerker, t\u00f8rr, skadet hud, ujevn hudtone, aldrende hud<\/p>\n<p><strong>Hudpleiende skj\u00f8nnhetsolje for kropp og ansikt<\/strong><\/p>\n<p>Palmers Cocoa Butter Formula Skin Therapy Oil er formulert med en eksklusiv blanding av ren arganolje, naturlige oljer, Cetesomate-E\u00ae Complex og vitamin E. Den lette formelen v\u00e5r hjelper til med \u00e5 forbedre utseendet p\u00e5 arr, strekkmerker, t\u00f8rr, skadet hud, ujevn hud og aldrende hud. Den er rik p\u00e5 essensielle fettsyrer, vitaminer og antioksidanter som gir hudforbedrende effekt over hele huden. Cetesomate-E\u00ae Complex er en integrert del av v\u00e5rt unike Rapidermal Absorption Syst\u00e8me\u00ae. Rapidermal Absorption Syst\u00e8me\u00ae s\u00f8rger for optimal tilf\u00f8rsel av de kraftfulle ingrediensene for \u00e5 gi m\u00e5lrettede hudfordeler. Etter 8 uker*<br \/>\n93 % opplevde en reduksjon i forekomsten av arr.<br \/>\n92 % opplevde en forbedring i forekomsten av strekkmerker.<br \/>\n*Basert p\u00e5 svarene i en 8 ukers hjemmebrukertest utf\u00f8rt av 200 kvinnelige paneldeltakere.<br \/>\nFordeler: INGREDIENSER Canola Oil, Isopropyl Myristate, Cetearyl Ethylhexanoate, Sesamum Indicum (Sesam) Seed Oil, Theobroma Cacao (Kakao) Seed Butter, Argania Spinosa Kernel Oil, Tocopherol, Helianthus Annuus (Solsikke) Seed Oil, Dimethicone, Rosa Canina Fruit Oil, Fragrance (Parfum), Red 17 (CI 26100) <\/p>\n","protected":false},"excerpt":{"rendered":"<p>Hudforbedrende skj\u00f8nnhetsolje for kropp og ansikt<\/p>\n<p><strong>Hjelper med \u00e5 forbedre utseendet p\u00e5: <\/strong>Arr, strekkmerker, t\u00f8rr, skadet hud, ujevn hudtone, aldrende hud<\/p>\n<p>&nbsp;<\/p>\n","protected":false},"featured_media":6829,"comment_status":"open","ping_status":"closed","template":"","meta":[],"product_brand":[1228,1227],"product_cat":[1524,1456,1607],"product_tag":[1608],"class_list":{"0":"post-7292","1":"product","2":"type-product","3":"status-publish","4":"has-post-thumbnail","6":"product_brand-cocoa-butter-formula","7":"product_brand-palmers","8":"product_cat-fuktighetsgivende-for-huden","9":"product_cat-hudpleie","10":"product_cat-hudsprayer-og-oljer","11":"product_tag-cocoa-butter-skin-therapy-oil-no","13":"first","14":"instock","15":"featured","16":"shipping-taxable","17":"purchasable","18":"product-type-simple"},"_links":{"self":[{"href":"https:\/\/yohannaa.com\/no\/wp-json\/wp\/v2\/product\/7292","targetHints":{"allow":["GET"]}}],"collection":[{"href":"https:\/\/yohannaa.com\/no\/wp-json\/wp\/v2\/product"}],"about":[{"href":"https:\/\/yohannaa.com\/no\/wp-json\/wp\/v2\/types\/product"}],"replies":[{"embeddable":true,"href":"https:\/\/yohannaa.com\/no\/wp-json\/wp\/v2\/comments?post=7292"}],"wp:featuredmedia":[{"embeddable":true,"href":"https:\/\/yohannaa.com\/no\/wp-json\/wp\/v2\/media\/6829"}],"wp:attachment":[{"href":"https:\/\/yohannaa.com\/no\/wp-json\/wp\/v2\/media?parent=7292"}],"wp:term":[{"taxonomy":"product_brand","embeddable":true,"href":"https:\/\/yohannaa.com\/no\/wp-json\/wp\/v2\/product_brand?post=7292"},{"taxonomy":"product_cat","embeddable":true,"href":"https:\/\/yohannaa.com\/no\/wp-json\/wp\/v2\/product_cat?post=7292"},{"taxonomy":"product_tag","embeddable":true,"href":"https:\/\/yohannaa.com\/no\/wp-json\/wp\/v2\/product_tag?post=7292"}],"curies":[{"name":"wp","href":"https:\/\/api.w.org\/{rel}","templated":true}]}}