{"id":7291,"date":"2024-10-16T17:15:48","date_gmt":"2024-10-16T17:15:48","guid":{"rendered":"https:\/\/yohannaa.com\/product\/hair-food-formula\/"},"modified":"2024-10-16T17:15:48","modified_gmt":"2024-10-16T17:15:48","slug":"hair-food-formula","status":"publish","type":"product","link":"https:\/\/yohannaa.com\/no\/shop\/harpleie\/behandlinger\/forsterkende-og-fortykkende-behandling\/hair-food-formula\/","title":{"rendered":"Hair Food Formula"},"content":{"rendered":"<p>Balsamformel blanding av eteriske oljer, vitamin A, E og protein<br \/>\nHjelper til \u00e5 myke opp og pleie h\u00e5r og hodebunn<br \/>\nGjenoppretter glans i matt, livl\u00f8st h\u00e5r Palmers Hair Food Formula, en unik blanding av eteriske oljer, vitamin A, D og E, samt protein, hjelper til med \u00e5 myke opp og pleie h\u00e5r og hodebunn. Denne spesielle formelen gir glans til kjedelig, livl\u00f8st h\u00e5r. N\u00d8KKELINGREDIENSER<br \/>\nVitamin E: bidrar til h\u00e5rets naturlige evne til \u00e5 reparere skader, et viktig trinn i prosessen med \u00e5 styrke h\u00e5rsekken som gj\u00f8r at h\u00e5ret kan vokse langt og sunt<\/p>\n","protected":false},"excerpt":{"rendered":"<p>Balsamformel med en blanding av eteriske oljer, vitamin A, E og protein<br \/>\nMykgj\u00f8r og pleier h\u00e5r og hodebunn<br \/>\nGjenoppretter glans i kjedelig, livl\u00f8st h\u00e5r<\/p>\n","protected":false},"featured_media":6772,"comment_status":"open","ping_status":"closed","template":"","meta":[],"product_brand":[1229,1227],"product_cat":[1549,1590],"product_tag":[],"class_list":{"0":"post-7291","1":"product","2":"type-product","3":"status-publish","4":"has-post-thumbnail","6":"product_brand-hair-success","7":"product_brand-palmers","8":"product_cat-behandlinger","9":"product_cat-forsterkende-og-fortykkende-behandling","11":"first","12":"instock","13":"shipping-taxable","14":"purchasable","15":"product-type-simple"},"_links":{"self":[{"href":"https:\/\/yohannaa.com\/no\/wp-json\/wp\/v2\/product\/7291","targetHints":{"allow":["GET"]}}],"collection":[{"href":"https:\/\/yohannaa.com\/no\/wp-json\/wp\/v2\/product"}],"about":[{"href":"https:\/\/yohannaa.com\/no\/wp-json\/wp\/v2\/types\/product"}],"replies":[{"embeddable":true,"href":"https:\/\/yohannaa.com\/no\/wp-json\/wp\/v2\/comments?post=7291"}],"wp:featuredmedia":[{"embeddable":true,"href":"https:\/\/yohannaa.com\/no\/wp-json\/wp\/v2\/media\/6772"}],"wp:attachment":[{"href":"https:\/\/yohannaa.com\/no\/wp-json\/wp\/v2\/media?parent=7291"}],"wp:term":[{"taxonomy":"product_brand","embeddable":true,"href":"https:\/\/yohannaa.com\/no\/wp-json\/wp\/v2\/product_brand?post=7291"},{"taxonomy":"product_cat","embeddable":true,"href":"https:\/\/yohannaa.com\/no\/wp-json\/wp\/v2\/product_cat?post=7291"},{"taxonomy":"product_tag","embeddable":true,"href":"https:\/\/yohannaa.com\/no\/wp-json\/wp\/v2\/product_tag?post=7291"}],"curies":[{"name":"wp","href":"https:\/\/api.w.org\/{rel}","templated":true}]}}