{"id":7289,"date":"2024-10-24T14:32:51","date_gmt":"2024-10-24T14:32:51","guid":{"rendered":"https:\/\/yohannaa.com\/product\/smoothie-med-granateple-og-honningkroller\/"},"modified":"2024-12-01T00:05:54","modified_gmt":"2024-12-01T00:05:54","slug":"smoothie-med-granateple-og-honningkroller","status":"publish","type":"product","link":"https:\/\/yohannaa.com\/no\/shop\/harpleie\/fuktighetskremer-for-haret\/fuktighetsgivende-krem-og-lotion\/smoothie-med-granateple-og-honningkroller\/","title":{"rendered":"Smoothie med granateple og honningkr\u00f8ller"},"content":{"rendered":"<p><b>Mielle Granateple og honning Curl Smoothie 340 G<\/b><\/p>\n<p>&#8211; Gir langvarig fuktighet &#8211; Laget med sertifiserte \u00f8kologiske ingredienser &#8211; Laget for tykt, kr\u00f8llete h\u00e5r Gi kr\u00f8llene dine litt kj\u00e6rlighet med Mielle&#8217;s granateple- og honningkolleksjon! Curl Smoothie er laget for \u00e5 gi fuktighet og styrke med naturlige ingredienser som granatepleekstrakt, honning og babassuolje, og det er enkelt \u00e5 bruke den. Bare p\u00e5f\u00f8r dette \u00f8kologiske h\u00e5rserumet i h\u00e5ret fra rot til tupp, gi litt ekstra kj\u00e6rlighet og oppmerksomhet til problemomr\u00e5der, og style! Det gir liv til skadet h\u00e5r, og det lukter godt. N\u00e5r du er p\u00e5 utkikk etter \u00f8kologiske type 4-h\u00e5rprodukter, vet du at Mielle har akkurat det du trenger. Pr\u00f8v selv og se hvorfor v\u00e5re naturlige h\u00e5rstylingsprodukter har tatt skj\u00f8nnhetsverdenen med storm!<\/p>\n<p><b>12 fl. oz. | Formulert for type 4-h\u00e5r  <\/b><\/p>\n<p><b>Veibeskrivelse<\/b><\/p>\n<p>P\u00e5f\u00f8r i h\u00e5ndklet\u00f8rket h\u00e5r. Del h\u00e5ret inn i seksjoner. Fordel produktet i h\u00e5ret fra rot til topp, og konsentrer deg om problemomr\u00e5der. Ikke skyll ut. Style h\u00e5ret som \u00f8nsket.    <\/p>\n<p><b>Ingredienser<\/b><\/p>\n<p>Vann (Aqua, Eau), Cocos Nucifera (Cocos Nucifera) olje, glyserin, isoprpylmyristat, kapryl\/kaprisk triglyserid, stearylalkohol, polyquaternium-11, parfyme (Parfum), Ceteareth-20, dimetikon, glycine sojaolje (soya), *Orbignya oleifera (babassu) olje, *Mauritia flexuosa (buriti) fruktolje, *Copaiferi officianalis (balsam copaiba) harpiks, *Astrocaryum Murumuru fr\u00f8sm\u00f8r, panthenol, Punica Granatum (granateple) ekstrakt, hydrolysert soyaprotein, honning (mel, miel), propandiol, polyquaternium-37, karbomer, fenoksyetanol, propylenglykoldikapratdikaprylat, steareth-2, oleth-10, aminometylpropaol, benzosyre, dehydroeddiksyre, PPG-1 trideceth-6, dinatrium EDTA, limonen, linolool, benzylalkohol<\/p>\n<p>&nbsp;<\/p>\n<p>&nbsp;<\/p>\n","protected":false},"excerpt":{"rendered":"<p>Gir langvarig fuktighet, Laget med sertifiserte \u00f8kologiske ingredienser &amp; Laget for tykt, kr\u00f8llete h\u00e5r Gi kr\u00f8llene dine litt kj\u00e6rlighet med Mielle&#8217;s granateple- og honningkolleksjon! V\u00e5r Curl Smoothie er laget for \u00e5 gi fuktighet og styrke med naturlige ingredienser som granatepleekstrakt, honning og babassuolje, og det er enkelt \u00e5 bruke den.<\/p>\n","protected":false},"featured_media":6925,"comment_status":"open","ping_status":"closed","template":"","meta":[],"product_brand":[1305],"product_cat":[1521,1520,1488],"product_tag":[1467,1515],"class_list":{"0":"post-7289","1":"product","2":"type-product","3":"status-publish","4":"has-post-thumbnail","6":"product_brand-mielle","7":"product_cat-fuktighetsgivende-krem-og-lotion","8":"product_cat-fuktighetskremer-for-haret","9":"product_cat-harpleie","10":"product_tag-harpleie","11":"product_tag-harpleie-fuktighet","13":"first","14":"instock","15":"featured","16":"shipping-taxable","17":"purchasable","18":"product-type-simple"},"_links":{"self":[{"href":"https:\/\/yohannaa.com\/no\/wp-json\/wp\/v2\/product\/7289","targetHints":{"allow":["GET"]}}],"collection":[{"href":"https:\/\/yohannaa.com\/no\/wp-json\/wp\/v2\/product"}],"about":[{"href":"https:\/\/yohannaa.com\/no\/wp-json\/wp\/v2\/types\/product"}],"replies":[{"embeddable":true,"href":"https:\/\/yohannaa.com\/no\/wp-json\/wp\/v2\/comments?post=7289"}],"wp:featuredmedia":[{"embeddable":true,"href":"https:\/\/yohannaa.com\/no\/wp-json\/wp\/v2\/media\/6925"}],"wp:attachment":[{"href":"https:\/\/yohannaa.com\/no\/wp-json\/wp\/v2\/media?parent=7289"}],"wp:term":[{"taxonomy":"product_brand","embeddable":true,"href":"https:\/\/yohannaa.com\/no\/wp-json\/wp\/v2\/product_brand?post=7289"},{"taxonomy":"product_cat","embeddable":true,"href":"https:\/\/yohannaa.com\/no\/wp-json\/wp\/v2\/product_cat?post=7289"},{"taxonomy":"product_tag","embeddable":true,"href":"https:\/\/yohannaa.com\/no\/wp-json\/wp\/v2\/product_tag?post=7289"}],"curies":[{"name":"wp","href":"https:\/\/api.w.org\/{rel}","templated":true}]}}