{"id":7288,"date":"2024-10-17T17:15:48","date_gmt":"2024-10-17T17:15:48","guid":{"rendered":"https:\/\/yohannaa.com\/product\/kakaosmor-med-vitamin-e-intensiv-bodylotion-uten-parfyme\/"},"modified":"2024-10-17T17:15:48","modified_gmt":"2024-10-17T17:15:48","slug":"kakaosmor-med-vitamin-e-intensiv-bodylotion-uten-parfyme","status":"publish","type":"product","link":"https:\/\/yohannaa.com\/no\/shop\/hudpleie\/hudbehandlinger\/beroligende-for-huden\/kakaosmor-med-vitamin-e-intensiv-bodylotion-uten-parfyme\/","title":{"rendered":"Kakaosm\u00f8r med vitamin E, intensiv bodylotion, uten parfyme"},"content":{"rendered":"<div class=\"row item-row\">\n<div class=\"col-xs-24\">\n<p>Helbreder og mykgj\u00f8r ru og t\u00f8rr hud med Palmer&#8217;s\u00ae Cocoa Butter Formula\u00ae Fragrance Free daily bodylotion, laget med intensivt fuktighetsgivende kakaosm\u00f8r og vitamin E. Spesielt utviklet for sensitiv hud.<\/p>\n<ul>\n<li>Helbreder myker opp<\/li>\n<li>Lindrer ru og t\u00f8rr hud<\/li>\n<li>48 timers fuktighet<\/li>\n<li>Jevner ut merker og toner huden<\/li>\n<li>Anbefalt av hudlege<\/li>\n<li>Allergivennlig<\/li>\n<li>Egnet for sensitiv og eksemutsatt hud<\/li>\n<li>Ingen animalske ingredienser eller testing<\/li>\n<li>Familieeid og -drevet<\/li>\n<\/ul>\n<p>Kakaosm\u00f8r (Theobroma Cacao): Kakaosm\u00f8r er naturlig h\u00f8stet fra kakaob\u00f8nner og er en rik, n\u00e6ringsrik superingrediens fullpakket med antioksidanter og CMP-er (Cocoa Mass Polyphenols) som gir overlegen hudheling og beskyttelse av fuktbarrieren. *3 av 4 hudleger anbefaler Palmer&#8217;s\u00ae n\u00e5r de anbefaler kakaosm\u00f8r.<\/p>\n<\/div>\n<\/div>\n<div class=\"row item-row\">\n<div class=\"col-xs-24\">\n<h3><strong>Foresl\u00e5tt bruk<\/strong><\/h3>\n<div class=\"prodOverviewDetail\">\n<p>Brukes daglig p\u00e5 ren, t\u00f8rr hud.<\/p>\n<\/div>\n<\/div>\n<\/div>\n<div class=\"row item-row\">\n<div class=\"col-xs-24\">\n<h3><strong>Andre ingredienser<\/strong><\/h3>\n<div class=\"prodOverviewIngred\">\n<p>Vann (aqua), theobroma cacao (kakao)-ekstrakt, elaeis guineensis (palme)-olje, glyserin, petrolatum, glyserylstearat, cocos nucifera (kokos)-olje, propandiol, mineralolje (paraffinum liquidum), cetylalkohol, dimetikon, theobroma cacao (kakao)-fr\u00f8sm\u00f8r, tokoferol, helianthus annuus (solsikke) fr\u00f8olje, fenoksyetanol, peg-8 stearat, hydroksyetylcellulose, behentrimoniummetosulfat, etylheksylglyserin, butylenglykol, natriumacetat, isopropylalkohol, myristylalkohol, stearylalkohol, laurylalkohol, cellulose, gul 5 (ci 19140), oransje 4 (ci 15510).<\/p>\n<\/div>\n<\/div>\n<\/div>\n<div class=\"row item-row\">\n<div class=\"col-xs-24\">\n<h3><strong>Advarsler<\/strong><\/h3>\n<div class=\"prodOverviewDetail\">\n<p>Kun til utvortes bruk. Unng\u00e5 kontakt med \u00f8ynene. Oppbevares utilgjengelig for barn.  <\/p>\n<\/div>\n<\/div>\n<\/div>\n","protected":false},"excerpt":{"rendered":"<p>Helbreder og mykgj\u00f8r ru og t\u00f8rr hud med Palmer&#8217;s\u00ae Cocoa Butter Formula\u00ae Fragrance Free daily bodylotion, laget med intensivt fuktighetsgivende kakaosm\u00f8r og vitamin E. Spesielt utviklet for sensitiv hud.<\/p>\n<ul>\n<li>Helbreder myker opp<\/li>\n<li>Lindrer ru og t\u00f8rr hud<\/li>\n<li>48 timers fuktighet<\/li>\n<li>Jevner ut merker og toner huden &#8230;<\/li>\n<\/ul>\n","protected":false},"featured_media":6784,"comment_status":"open","ping_status":"closed","template":"","meta":[],"product_brand":[1228,1227],"product_cat":[1603,1524,1525,1602],"product_tag":[],"class_list":{"0":"post-7288","1":"product","2":"type-product","3":"status-publish","4":"has-post-thumbnail","6":"product_brand-cocoa-butter-formula","7":"product_brand-palmers","8":"product_cat-beroligende-for-huden","9":"product_cat-fuktighetsgivende-for-huden","10":"product_cat-fuktighetsgivende-melk-og-kremer","11":"product_cat-hudbehandlinger","13":"first","14":"instock","15":"sale","16":"shipping-taxable","17":"purchasable","18":"product-type-simple"},"_links":{"self":[{"href":"https:\/\/yohannaa.com\/no\/wp-json\/wp\/v2\/product\/7288","targetHints":{"allow":["GET"]}}],"collection":[{"href":"https:\/\/yohannaa.com\/no\/wp-json\/wp\/v2\/product"}],"about":[{"href":"https:\/\/yohannaa.com\/no\/wp-json\/wp\/v2\/types\/product"}],"replies":[{"embeddable":true,"href":"https:\/\/yohannaa.com\/no\/wp-json\/wp\/v2\/comments?post=7288"}],"wp:featuredmedia":[{"embeddable":true,"href":"https:\/\/yohannaa.com\/no\/wp-json\/wp\/v2\/media\/6784"}],"wp:attachment":[{"href":"https:\/\/yohannaa.com\/no\/wp-json\/wp\/v2\/media?parent=7288"}],"wp:term":[{"taxonomy":"product_brand","embeddable":true,"href":"https:\/\/yohannaa.com\/no\/wp-json\/wp\/v2\/product_brand?post=7288"},{"taxonomy":"product_cat","embeddable":true,"href":"https:\/\/yohannaa.com\/no\/wp-json\/wp\/v2\/product_cat?post=7288"},{"taxonomy":"product_tag","embeddable":true,"href":"https:\/\/yohannaa.com\/no\/wp-json\/wp\/v2\/product_tag?post=7288"}],"curies":[{"name":"wp","href":"https:\/\/api.w.org\/{rel}","templated":true}]}}