{"id":7287,"date":"2024-10-25T14:41:34","date_gmt":"2024-10-25T14:41:34","guid":{"rendered":"https:\/\/yohannaa.com\/product\/pomegranate-honey-detangling-conditioner\/"},"modified":"2024-10-25T14:41:34","modified_gmt":"2024-10-25T14:41:34","slug":"pomegranate-honey-detangling-conditioner","status":"publish","type":"product","link":"https:\/\/yohannaa.com\/no\/shop\/harpleie\/balsam\/detangling-conditioner-no\/pomegranate-honey-detangling-conditioner\/","title":{"rendered":"Pomegranate &amp; Honey Detangling Conditioner"},"content":{"rendered":"<p><b>Mielle Organics Pomegranate &amp; Honey Moisturizing and Detangling Conditioner 355 ML (12 oz)<\/b><\/p>\n<p>Pomegranate &amp; Honey Collection er et Prime + Define\u2122-stylingssystem som er utviklet for tykt, kr\u00f8llete type 4-h\u00e5r, men som er perfekt for ALLE kr\u00f8llm\u00f8nstre. Moisturizing &amp; Detangling Conditioner er gjennomtenkt laget med en silkeaktig f\u00f8lelse som gir overlegen glid for \u00e5 gj\u00f8re det lettere \u00e5 l\u00f8sne kr\u00f8llene. Den gir intens fuktighet, holder p\u00e5 fuktigheten og styrker h\u00e5ret for \u00e5 forhindre brudd og spaltede tupper. Unn deg denne rikholdige balsamen for \u00e5 forbedre teksturen din og f\u00e5 et glatt, skinnende og mykt h\u00e5r. <b>Fuktighetsgivende balsam:<\/b> Denne balsamen holder p\u00e5 fuktigheten, styrker tykt, kr\u00f8llete h\u00e5r, forebygger brudd og spaltede spisser og gir h\u00e5ret en glatt og silkemyk tekstur <b>For type 4-h\u00e5r:<\/b> Formulert med granatepleekstrakt, honning og babassuolje som ogs\u00e5 hjelper til med \u00e5 kontrollere krus, fjerne kr\u00f8ller og gi n\u00e6ring; Perfekt for alle kr\u00f8llm\u00f8nstre, men spesielt formulert for type 4-h\u00e5r <b>H\u00e5rprodukter for alle h\u00e5rtyper<\/b>: Vi fremmer helse og vedlikehold av naturlig h\u00e5r fra type 3A til 4C, men produktene v\u00e5re passer for alle h\u00e5rtyper, og vi har produkter for b\u00e5de lav og h\u00f8y por\u00f8sitet. <b>Naturlig h\u00e5rpleie:<\/b> Vi fortsetter \u00e5 produsere naturlige h\u00e5rpleieprodukter av h\u00f8y kvalitet, som oljer, detanglers, sjampo, balsam, fuktighetskrem og mer som gir n\u00e6ring til h\u00e5ret gjennom alle de tre vekstfasene. <b>Eies av kvinner:<\/b> Med stor vekt p\u00e5 \u00e5 inkorporere \u00f8kologiske ingredienser fra &laquo;rot til resultat&raquo;, fortsetter Mielle Organics \u00e5 skape en serie naturlige skj\u00f8nnhetsprodukter av kvinner og for kvinner av alle h\u00e5rtyper.   <\/p>\n<p>&nbsp;<\/p>\n<p><b>Ingredienser:<\/b><\/p>\n<p>Vann (Aqua, Eau), Prunus Amygdalus Dulcis (Sweet Almond) olje, Cyclopentasiloxane, Cetearyl Alcohol, Behentrimonium Methosulfate, Cocos Nucifera (Cocos Nucifera) olje, Stearalkonium Chloride, Parfyme, Honning, Glyserin, Euterpe Oleracea fruktekstrakt, Punica Granatum (Pomegranate) fr\u00f8olje, \u00f8kologisk Orbignya Oleifera (Babassu) olje, \u00f8kologisk Mauritia Flexuosa (Buriti) fruktolje, \u00f8kologisk Copaiferi Officinalis (Balsam Copaiba), \u00f8kologisk Astrocaryum Murumuru fr\u00f8sm\u00f8r, Dinatrium Edta, Dmdm Hydantoin, Aminometyl Propanol, Fenoksyetanol, Benzosyre, Etylheksylglyserin, Glycereth-2 Cocoat<\/p>\n","protected":false},"excerpt":{"rendered":"<p>Pomegranate &amp; Honey Collection er et Prime + Define\u2122-stylingssystem som er utviklet for tykt, kr\u00f8llete type 4-h\u00e5r, men som er perfekt for ALLE kr\u00f8llm\u00f8nstre. Moisturizing &amp; Detangling Conditioner er gjennomtenkt laget med en silkeaktig f\u00f8lelse for overlegen glid for \u00e5 gj\u00f8re det lettere \u00e5 l\u00f8sne h\u00e5ret for strammere kr\u00f8llm\u00f8nstre <\/p>\n","protected":false},"featured_media":6928,"comment_status":"open","ping_status":"closed","template":"","meta":[],"product_brand":[1305],"product_cat":[1489,1600,1488],"product_tag":[1548,1467],"class_list":{"0":"post-7287","1":"product","2":"type-product","3":"status-publish","4":"has-post-thumbnail","6":"product_brand-mielle","7":"product_cat-balsam","8":"product_cat-detangling-conditioner-no","9":"product_cat-harpleie","10":"product_tag-harbalsam-no","11":"product_tag-harpleie","13":"first","14":"instock","15":"featured","16":"shipping-taxable","17":"purchasable","18":"product-type-simple"},"_links":{"self":[{"href":"https:\/\/yohannaa.com\/no\/wp-json\/wp\/v2\/product\/7287","targetHints":{"allow":["GET"]}}],"collection":[{"href":"https:\/\/yohannaa.com\/no\/wp-json\/wp\/v2\/product"}],"about":[{"href":"https:\/\/yohannaa.com\/no\/wp-json\/wp\/v2\/types\/product"}],"replies":[{"embeddable":true,"href":"https:\/\/yohannaa.com\/no\/wp-json\/wp\/v2\/comments?post=7287"}],"wp:featuredmedia":[{"embeddable":true,"href":"https:\/\/yohannaa.com\/no\/wp-json\/wp\/v2\/media\/6928"}],"wp:attachment":[{"href":"https:\/\/yohannaa.com\/no\/wp-json\/wp\/v2\/media?parent=7287"}],"wp:term":[{"taxonomy":"product_brand","embeddable":true,"href":"https:\/\/yohannaa.com\/no\/wp-json\/wp\/v2\/product_brand?post=7287"},{"taxonomy":"product_cat","embeddable":true,"href":"https:\/\/yohannaa.com\/no\/wp-json\/wp\/v2\/product_cat?post=7287"},{"taxonomy":"product_tag","embeddable":true,"href":"https:\/\/yohannaa.com\/no\/wp-json\/wp\/v2\/product_tag?post=7287"}],"curies":[{"name":"wp","href":"https:\/\/api.w.org\/{rel}","templated":true}]}}