{"id":7286,"date":"2024-10-25T14:54:39","date_gmt":"2024-10-25T14:54:39","guid":{"rendered":"https:\/\/yohannaa.com\/product\/mielle-granateple-honning-twisting-souffle\/"},"modified":"2024-10-25T14:54:39","modified_gmt":"2024-10-25T14:54:39","slug":"mielle-granateple-honning-twisting-souffle","status":"publish","type":"product","link":"https:\/\/yohannaa.com\/no\/shop\/harpleie\/fuktighetskremer-for-haret\/fuktighetsgivende-krem-og-lotion\/mielle-granateple-honning-twisting-souffle\/","title":{"rendered":"Mielle Granateple &amp; Honning Twisting Souffle"},"content":{"rendered":"<h2>Mielle Organics Granateple &amp; Honning Twisting Souffl\u00e9 12 oz<\/h2>\n<p>&#8211; Et spesialutviklet type 4-h\u00e5rprodukt &#8211; Pleier og beskytter hvert h\u00e5rstr\u00e5 &#8211; Lukter godt og f\u00f8les fantastisk &#8211; Gir halvdyp definisjon Fra vask til styling, du kan stole p\u00e5 at Mielle lager de type 4-h\u00e5rproduktene du trenger. Ta med deg denne styling-souffleen hjem til din neste twist-out, fletting eller bantuknute, og nyt intens fuktighet og naturlig glans! Denne formelen er laget med \u00f8kologiske ingredienser som granatepleekstrakt, honning og eteriske oljer, og gir n\u00e6ring, definisjon og hold som du trenger for en vakker og sunn styling. Bestill din i dag og utforsk Mielle&#8217;s Type 4 h\u00e5rprodukter for en h\u00e5rpleie du vil elske!<\/p>\n<p><strong>12 oz. | Laget med sertifiserte \u00f8kologiske ingredienser <\/strong><\/p>\n<hr>\n<h3>Ingredienser<\/h3>\n<p>Vann (Aqua, Eau), Behentrimonium Methosulfate, Cetearyl Alcohol, Aloe Barbadensis Leaf Juice (Decolorized), Prunus Amygdalus Dulcis (Sweet Almond) Oil, Olea Europaea (Olive) Fruit Oil, Sesamum Indicum (Sesam) fr\u00f8olje, Helianthus Annuus fr\u00f8olje, Polysorbate-20, *Orbignya Oleifera (Babassu) olje, *Mauritia Flexuosa (Buriti) fruktolje, *Copaiferi Officinalis (Balsam Copaiba) harpiks, *Astrocaryum Murumuru-fr\u00f8sm\u00f8r, Macadamia Integrifolia-fr\u00f8olje, glyserylstearat, butyrospermum parkii (sheasm\u00f8r), punica granatum (granateple) ekstrakt, tokoferylacetat, duft (parfyme), Honning (Mel, Miel), Simmondsia Chinensis (Jojoba) Seed Oil, Ricinus Communis (Castor) Seed Oil, Cetrimonium Chloride, Phenoxyethanol, Benzoic Acid, Ethylhexylglycerin, Glycereth-2 Cocoate<\/p>\n","protected":false},"excerpt":{"rendered":"<p>Mielle Organics Moisturizing Pomegranate and Honey twisting souffle gir fuktighet og fukt til t\u00f8rt og t\u00f8rstende h\u00e5r. Fuktighetsgivende ekstraktblanding, fylt med botaniske, sertifiserte \u00f8kologiske ingredienser. Ultra fuktighetsgivende for \u00e5 tilf\u00f8re fuktighet og glans.  <\/p>\n","protected":false},"featured_media":6932,"comment_status":"open","ping_status":"closed","template":"","meta":[],"product_brand":[1305],"product_cat":[1521,1520,1488],"product_tag":[1467,1515],"class_list":{"0":"post-7286","1":"product","2":"type-product","3":"status-publish","4":"has-post-thumbnail","6":"product_brand-mielle","7":"product_cat-fuktighetsgivende-krem-og-lotion","8":"product_cat-fuktighetskremer-for-haret","9":"product_cat-harpleie","10":"product_tag-harpleie","11":"product_tag-harpleie-fuktighet","13":"first","14":"instock","15":"shipping-taxable","16":"purchasable","17":"product-type-simple"},"_links":{"self":[{"href":"https:\/\/yohannaa.com\/no\/wp-json\/wp\/v2\/product\/7286","targetHints":{"allow":["GET"]}}],"collection":[{"href":"https:\/\/yohannaa.com\/no\/wp-json\/wp\/v2\/product"}],"about":[{"href":"https:\/\/yohannaa.com\/no\/wp-json\/wp\/v2\/types\/product"}],"replies":[{"embeddable":true,"href":"https:\/\/yohannaa.com\/no\/wp-json\/wp\/v2\/comments?post=7286"}],"wp:featuredmedia":[{"embeddable":true,"href":"https:\/\/yohannaa.com\/no\/wp-json\/wp\/v2\/media\/6932"}],"wp:attachment":[{"href":"https:\/\/yohannaa.com\/no\/wp-json\/wp\/v2\/media?parent=7286"}],"wp:term":[{"taxonomy":"product_brand","embeddable":true,"href":"https:\/\/yohannaa.com\/no\/wp-json\/wp\/v2\/product_brand?post=7286"},{"taxonomy":"product_cat","embeddable":true,"href":"https:\/\/yohannaa.com\/no\/wp-json\/wp\/v2\/product_cat?post=7286"},{"taxonomy":"product_tag","embeddable":true,"href":"https:\/\/yohannaa.com\/no\/wp-json\/wp\/v2\/product_tag?post=7286"}],"curies":[{"name":"wp","href":"https:\/\/api.w.org\/{rel}","templated":true}]}}