{"id":7285,"date":"2024-10-25T15:42:54","date_gmt":"2024-10-25T15:42:54","guid":{"rendered":"https:\/\/yohannaa.com\/product\/rosemary-mint-scalp-hair-strengthening-oil\/"},"modified":"2024-12-20T00:06:19","modified_gmt":"2024-12-20T00:06:19","slug":"rosemary-mint-scalp-hair-strengthening-oil","status":"publish","type":"product","link":"https:\/\/yohannaa.com\/no\/shop\/harpleie\/behandlinger\/behandling-av-hodebunnen\/rosemary-mint-scalp-hair-strengthening-oil\/","title":{"rendered":"Rosemary Mint Scalp &amp; Hair Strengthening Oil"},"content":{"rendered":"<p>V\u00e5r <strong>Rosemary Mint Scalp and Hair Oil<\/strong> er en n\u00e6ringsrik, intensiv formel som er ment \u00e5 hjelpe deg med \u00e5 l\u00f8se h\u00e5rproblemene dine. Denne h\u00e5roljen gir n\u00e6ring til h\u00e5rsekkene, jevner ut kl\u00f8yvde tupper og hjelper mot t\u00f8rr hodebunn, og bruker eteriske oljer for \u00e5 gi h\u00e5ret den pleien det fortjener. Bruk den p\u00e5 beskyttende frisyrer, inkludert fletter og flettede fletter, og nyt den friske, oppkvikkende duften under din neste varm oljebehandling. <strong>Prisvinner:<\/strong> 2023 Glamour Beauty &amp; Wellness  <\/p>\n<h4>Fordeler<\/h4>\n<ul>\n<li>Tilsatt biotin<\/li>\n<li>Brukes til daglig h\u00e5rpleie eller spesialbehandlinger i hodebunnen<\/li>\n<li>Inneholder mer enn 30 eteriske oljer og ekstrakter<\/li>\n<li>Bidrar til at lengden beholdes bedre<\/li>\n<li>Pleier t\u00f8rr hodebunn<\/li>\n<li>Jevner ut spaltede tupper<\/li>\n<li><strong>Formulert uten:<\/strong> Parabener, sulfater, parafiner, mineralolje, DEA, dyrefors\u00f8k<\/li>\n<\/ul>\n<p><strong>2 fl. oz. | Utviklet for alle h\u00e5rtyper og -teksturer | Trygg for kjemisk behandlet h\u00e5r  <\/strong><\/p>\n<p>&nbsp;<\/p>\n<h4>Hvordan bruke<\/h4>\n<p><strong>Hodebunnskur<br \/>\n<\/strong>Del h\u00e5ret i fire deler slik at hodebunnen eksponeres. P\u00e5f\u00f8r en liten mengde olje i hodebunnen, masser oljen inn med fingrene og kam gjennom til h\u00e5rspissene. La virke og style etter \u00f8nske. <strong>Daglig bruk<br \/>\n<\/strong>P\u00e5f\u00f8r en liten mengde i hodebunnen og kam gjennom til endene. <strong>Split End Care<br \/>\n<\/strong>P\u00e5f\u00f8r oljen i h\u00e5rspissene, sett en behandlingshette p\u00e5 hodet og la virke i 10 minutter. Skyll ut og fortsett med sjamponering.  <\/p>\n","protected":false},"excerpt":{"rendered":"<p>V\u00e5r <strong>Rosemary Mint Scalp and Hair Oil<\/strong> er en n\u00e6ringsrik, intensiv formel som er ment \u00e5 hjelpe deg med \u00e5 l\u00f8se h\u00e5rproblemene dine. Denne h\u00e5roljen gir n\u00e6ring til h\u00e5rsekkene, jevner ut kl\u00f8yvde tupper og hjelper mot t\u00f8rr hodebunn, og den bruker eteriske oljer for \u00e5 gi h\u00e5ret den pleien det fortjener. <\/p>\n","protected":false},"featured_media":6948,"comment_status":"open","ping_status":"closed","template":"","meta":[],"product_brand":[1305],"product_cat":[1581,1549,1488],"product_tag":[1599,1467],"class_list":{"0":"post-7285","1":"product","2":"type-product","3":"status-publish","4":"has-post-thumbnail","6":"product_brand-mielle","7":"product_cat-behandling-av-hodebunnen","8":"product_cat-behandlinger","9":"product_cat-harpleie","10":"product_tag-harbehandling","11":"product_tag-harpleie","13":"first","14":"instock","15":"featured","16":"shipping-taxable","17":"purchasable","18":"product-type-simple"},"_links":{"self":[{"href":"https:\/\/yohannaa.com\/no\/wp-json\/wp\/v2\/product\/7285","targetHints":{"allow":["GET"]}}],"collection":[{"href":"https:\/\/yohannaa.com\/no\/wp-json\/wp\/v2\/product"}],"about":[{"href":"https:\/\/yohannaa.com\/no\/wp-json\/wp\/v2\/types\/product"}],"replies":[{"embeddable":true,"href":"https:\/\/yohannaa.com\/no\/wp-json\/wp\/v2\/comments?post=7285"}],"wp:featuredmedia":[{"embeddable":true,"href":"https:\/\/yohannaa.com\/no\/wp-json\/wp\/v2\/media\/6948"}],"wp:attachment":[{"href":"https:\/\/yohannaa.com\/no\/wp-json\/wp\/v2\/media?parent=7285"}],"wp:term":[{"taxonomy":"product_brand","embeddable":true,"href":"https:\/\/yohannaa.com\/no\/wp-json\/wp\/v2\/product_brand?post=7285"},{"taxonomy":"product_cat","embeddable":true,"href":"https:\/\/yohannaa.com\/no\/wp-json\/wp\/v2\/product_cat?post=7285"},{"taxonomy":"product_tag","embeddable":true,"href":"https:\/\/yohannaa.com\/no\/wp-json\/wp\/v2\/product_tag?post=7285"}],"curies":[{"name":"wp","href":"https:\/\/api.w.org\/{rel}","templated":true}]}}