{"id":7284,"date":"2024-10-24T09:05:01","date_gmt":"2024-10-24T09:05:01","guid":{"rendered":"https:\/\/yohannaa.com\/product\/fuktighetsgivende-harmelk-med-avokado\/"},"modified":"2024-10-24T09:05:01","modified_gmt":"2024-10-24T09:05:01","slug":"fuktighetsgivende-harmelk-med-avokado","status":"publish","type":"product","link":"https:\/\/yohannaa.com\/no\/shop\/harpleie\/fuktighetskremer-for-haret\/fuktighetsgivende-krem-og-lotion\/fuktighetsgivende-harmelk-med-avokado\/","title":{"rendered":"Fuktighetsgivende h\u00e5rmelk med avokado"},"content":{"rendered":"<p>Moisturizing Hair Milk kan gi viktig fuktighet til t\u00f8rt, t\u00f8rstende h\u00e5r. Med en blanding av ekstraherte botaniske stoffer og sertifiserte \u00f8kologiske ingredienser kan du endelig puste lettet ut i visshet om at du har funnet et produkt som er b\u00e5de trygt og effektivt. Bruk dette produktet som en daglig fuktighetskrem for \u00e5 oppmuntre til \u00e5 beholde lengden, eller mykgj\u00f8r og glatt h\u00e5ret for bedre h\u00e5ndterbarhet og vakre frisyrer. Pr\u00f8v den sammen med White Peony Leave-In Conditioner, en annen flott fuktighetskrem fra Mielle Organics som er laget med \u00f8kologiske ingredienser!   <\/p>\n","protected":false},"excerpt":{"rendered":"<p>Moisturizing Hair Milk kan gi viktig fuktighet til t\u00f8rt, t\u00f8rstende h\u00e5r. Med en blanding av ekstraherte botaniske stoffer og sertifiserte \u00f8kologiske ingredienser kan du endelig puste lettet ut i visshet om at du har funnet et produkt som er b\u00e5de trygt og effektivt. <\/p>\n","protected":false},"featured_media":6936,"comment_status":"open","ping_status":"closed","template":"","meta":[],"product_brand":[1305],"product_cat":[1521,1520,1488],"product_tag":[1467,1515],"class_list":{"0":"post-7284","1":"product","2":"type-product","3":"status-publish","4":"has-post-thumbnail","6":"product_brand-mielle","7":"product_cat-fuktighetsgivende-krem-og-lotion","8":"product_cat-fuktighetskremer-for-haret","9":"product_cat-harpleie","10":"product_tag-harpleie","11":"product_tag-harpleie-fuktighet","13":"first","14":"instock","15":"shipping-taxable","16":"product-type-simple"},"_links":{"self":[{"href":"https:\/\/yohannaa.com\/no\/wp-json\/wp\/v2\/product\/7284","targetHints":{"allow":["GET"]}}],"collection":[{"href":"https:\/\/yohannaa.com\/no\/wp-json\/wp\/v2\/product"}],"about":[{"href":"https:\/\/yohannaa.com\/no\/wp-json\/wp\/v2\/types\/product"}],"replies":[{"embeddable":true,"href":"https:\/\/yohannaa.com\/no\/wp-json\/wp\/v2\/comments?post=7284"}],"wp:featuredmedia":[{"embeddable":true,"href":"https:\/\/yohannaa.com\/no\/wp-json\/wp\/v2\/media\/6936"}],"wp:attachment":[{"href":"https:\/\/yohannaa.com\/no\/wp-json\/wp\/v2\/media?parent=7284"}],"wp:term":[{"taxonomy":"product_brand","embeddable":true,"href":"https:\/\/yohannaa.com\/no\/wp-json\/wp\/v2\/product_brand?post=7284"},{"taxonomy":"product_cat","embeddable":true,"href":"https:\/\/yohannaa.com\/no\/wp-json\/wp\/v2\/product_cat?post=7284"},{"taxonomy":"product_tag","embeddable":true,"href":"https:\/\/yohannaa.com\/no\/wp-json\/wp\/v2\/product_tag?post=7284"}],"curies":[{"name":"wp","href":"https:\/\/api.w.org\/{rel}","templated":true}]}}