{"id":7283,"date":"2024-10-25T16:02:09","date_gmt":"2024-10-25T16:02:09","guid":{"rendered":"https:\/\/yohannaa.com\/product\/pomegranate-and-honey-moisturizing-and-detangling-shampoo\/"},"modified":"2024-10-25T16:02:09","modified_gmt":"2024-10-25T16:02:09","slug":"pomegranate-and-honey-moisturizing-and-detangling-shampoo","status":"publish","type":"product","link":"https:\/\/yohannaa.com\/no\/shop\/harpleie\/sjampo\/fuktighetsgivende-sjampo\/pomegranate-and-honey-moisturizing-and-detangling-shampoo\/","title":{"rendered":"Pomegranate And Honey Moisturizing And Detangling Shampoo"},"content":{"rendered":"<h4><span data-sheets-value=\"{\"1\":2,\"2\":\"Mielle Organics Pomegranate &amp; Honey Moisturizing and Detangling Shampoo for Type 4 Hair, 12 fl. oz | Beautizone UK\"}\" data-sheets-userformat=\"{\"2\":14849,\"3\":{\"1\":0},\"12\":0,\"14\":{\"1\":2,\"2\":0},\"15\":\"Calibri\",\"16\":10}\">Mielle Organics Pomegranate &amp; Honey Moisturizing and Detangling Shampoo for Type 4 Hair, 12 fl. oz <\/span><\/h4>\n<ul class=\"p-4 f\">\n<li>Fuktighetsgivende sjampo: Ta tak i og kom deg gjennom vaskedagen med letthet takket v\u00e6re denne sulfatfrie, fuktighetsgivende sjampoen som l\u00f8sner tykt, kr\u00f8llete h\u00e5r f\u00f8r du pleier det; Renser uten \u00e5 fjerne fuktighet<\/li>\n<li>For type 4-h\u00e5r: Formulert med friske og naturlige ingredienser som honning og babassuolje for \u00e5 fjerne smuss og olje fra h\u00e5ret, samtidig som fuktigheten bevares og l\u00e5ses inne.<\/li>\n<li>H\u00e5rprodukter for alle h\u00e5rtyper: Vi fremmer helse og vedlikehold av naturlig h\u00e5r fra type 3A til 4C, men produktene v\u00e5re passer for alle h\u00e5rtyper, og vi har produkter for b\u00e5de lave og h\u00f8ye por\u00f8sitetsniv\u00e5er.<\/li>\n<li>Naturlig h\u00e5rpleie: Vi fortsetter \u00e5 produsere naturlige h\u00e5rpleieprodukter av h\u00f8y kvalitet, som oljer, detanglers, sjampo, balsam, fuktighetskrem og mer som gir n\u00e6ring til h\u00e5ret gjennom alle de tre vekstfasene<\/li>\n<li>Eies av kvinner: Med stor vekt p\u00e5 \u00e5 inkorporere \u00f8kologiske ingredienser som er &laquo;roten til resultatene&raquo;, fortsetter Mielle Organics \u00e5 skape en serie naturlige skj\u00f8nnhetsprodukter av kvinner og for kvinner av alle h\u00e5rtyper<\/li>\n<\/ul>\n<h4>Hvordan bruke<\/h4>\n<p><strong>CLEANSE<\/strong><br \/>\nP\u00e5f\u00f8r en sjener\u00f8s mengde p\u00e5 hendene og masser inn i v\u00e5tt h\u00e5r og hodebunn til det skummer. Kam h\u00e5ret forsiktig med fingeren for \u00e5 rede det ut. Skyll med varmt vann. Gjenta etter behov. F\u00f8lg opp med v\u00e5r Pomegranate &amp; Honey Moisturizing and Detangling Conditioner. <strong>PRIME<\/strong><br \/>\nFukt h\u00e5ret med Pomegranate &amp; Honey Leave-In Conditioner f\u00f8r styling. <strong>DEFINE<\/strong><br \/>\nAvslutt med en av v\u00e5re tre Pomegranate &amp; Honey-stylere.    <\/p>\n","protected":false},"excerpt":{"rendered":"<p>Mielle Organics Pomegranate &amp; Honey Moisturizing and Detangling Shampoo for Type 4 Hair, 12 fl. oz Fuktighetsgivende sjampo: Ta tak i og kom deg gjennom vaskedagen med letthet takket v\u00e6re denne sulfatfrie, fuktighetsgivende sjampoen som l\u00f8sner tykt, kr\u00f8llete h\u00e5r f\u00f8r du pleier det; Renser uten \u00e5 fjerne fuktighet For type 4-h\u00e5r: Formulert med friske og [&hellip;]<\/p>\n","protected":false},"featured_media":6953,"comment_status":"open","ping_status":"closed","template":"","meta":[],"product_brand":[1305],"product_cat":[1534,1488,1463],"product_tag":[1467,1540],"class_list":{"0":"post-7283","1":"product","2":"type-product","3":"status-publish","4":"has-post-thumbnail","6":"product_brand-mielle","7":"product_cat-fuktighetsgivende-sjampo","8":"product_cat-harpleie","9":"product_cat-sjampo","10":"product_tag-harpleie","11":"product_tag-sjampo-for-harpleie","13":"first","14":"instock","15":"shipping-taxable","16":"purchasable","17":"product-type-simple"},"_links":{"self":[{"href":"https:\/\/yohannaa.com\/no\/wp-json\/wp\/v2\/product\/7283","targetHints":{"allow":["GET"]}}],"collection":[{"href":"https:\/\/yohannaa.com\/no\/wp-json\/wp\/v2\/product"}],"about":[{"href":"https:\/\/yohannaa.com\/no\/wp-json\/wp\/v2\/types\/product"}],"replies":[{"embeddable":true,"href":"https:\/\/yohannaa.com\/no\/wp-json\/wp\/v2\/comments?post=7283"}],"wp:featuredmedia":[{"embeddable":true,"href":"https:\/\/yohannaa.com\/no\/wp-json\/wp\/v2\/media\/6953"}],"wp:attachment":[{"href":"https:\/\/yohannaa.com\/no\/wp-json\/wp\/v2\/media?parent=7283"}],"wp:term":[{"taxonomy":"product_brand","embeddable":true,"href":"https:\/\/yohannaa.com\/no\/wp-json\/wp\/v2\/product_brand?post=7283"},{"taxonomy":"product_cat","embeddable":true,"href":"https:\/\/yohannaa.com\/no\/wp-json\/wp\/v2\/product_cat?post=7283"},{"taxonomy":"product_tag","embeddable":true,"href":"https:\/\/yohannaa.com\/no\/wp-json\/wp\/v2\/product_tag?post=7283"}],"curies":[{"name":"wp","href":"https:\/\/api.w.org\/{rel}","templated":true}]}}