{"id":7282,"date":"2024-10-25T15:17:15","date_gmt":"2024-10-25T15:17:15","guid":{"rendered":"https:\/\/yohannaa.com\/product\/babassu-conditioning-sulfate-free-shampoo\/"},"modified":"2024-10-25T15:17:15","modified_gmt":"2024-10-25T15:17:15","slug":"babassu-conditioning-sulfate-free-shampoo","status":"publish","type":"product","link":"https:\/\/yohannaa.com\/no\/shop\/harpleie\/sjampo\/balsameringssjampo\/babassu-conditioning-sulfate-free-shampoo\/","title":{"rendered":"Babassu Conditioning Sulfate-Free Shampoo"},"content":{"rendered":"<div class=\"\">\n<p><strong>V\u00e5r Babassu Conditioning Shampoo<\/strong> er en sk\u00e5nsom <strong>sjampo<\/strong> som mykgj\u00f8r og styrker h\u00e5ret ditt med rike fuktighetsgivende stoffer, ved hjelp av babassuolje for vakre resultater. Nyt rent, vakkert h\u00e5r og bestill denne sunne sjampoen fra Mielle i dag! <\/p>\n<h4>Fordel<\/h4>\n<div class=\"rte\">\n<div class=\"metafield-rich_text_field\">\n<ul>\n<li>Nyt v\u00e5r lette, sulfatfrie formel<\/li>\n<li>Utviklet for t\u00f8rre og kr\u00f8llete h\u00e5rtyper<\/li>\n<li>Fargesikker<\/li>\n<li>Ikke testet p\u00e5 dyr<\/li>\n<\/ul>\n<p><strong>8 fl. oz. <\/strong><\/p>\n<h4>Hvordan bruke<\/h4>\n<p><span style=\"font-size: 16px;\">Masseres inn i v\u00e5tt h\u00e5r til det dannes et fyldig skum. Skyll grundig med varmt vann. <\/span><\/p>\n<\/div>\n<\/div>\n<\/div>\n","protected":false},"excerpt":{"rendered":"<p><strong>V\u00e5r Babassu Conditioning Shampoo<\/strong> er en sk\u00e5nsom <strong>sjampo<\/strong> som mykgj\u00f8r og styrker h\u00e5ret ditt med rike fuktighetsgivende stoffer, ved hjelp av babassuolje for vakre resultater. Nyt rent, vakkert h\u00e5r og bestill denne sunne sjampoen fra Mielle i dag! <\/p>\n","protected":false},"featured_media":6941,"comment_status":"open","ping_status":"closed","template":"","meta":[],"product_brand":[1305],"product_cat":[1598,1488,1463],"product_tag":[1467,1540],"class_list":{"0":"post-7282","1":"product","2":"type-product","3":"status-publish","4":"has-post-thumbnail","6":"product_brand-mielle","7":"product_cat-balsameringssjampo","8":"product_cat-harpleie","9":"product_cat-sjampo","10":"product_tag-harpleie","11":"product_tag-sjampo-for-harpleie","13":"first","14":"instock","15":"shipping-taxable","16":"purchasable","17":"product-type-simple"},"_links":{"self":[{"href":"https:\/\/yohannaa.com\/no\/wp-json\/wp\/v2\/product\/7282","targetHints":{"allow":["GET"]}}],"collection":[{"href":"https:\/\/yohannaa.com\/no\/wp-json\/wp\/v2\/product"}],"about":[{"href":"https:\/\/yohannaa.com\/no\/wp-json\/wp\/v2\/types\/product"}],"replies":[{"embeddable":true,"href":"https:\/\/yohannaa.com\/no\/wp-json\/wp\/v2\/comments?post=7282"}],"wp:featuredmedia":[{"embeddable":true,"href":"https:\/\/yohannaa.com\/no\/wp-json\/wp\/v2\/media\/6941"}],"wp:attachment":[{"href":"https:\/\/yohannaa.com\/no\/wp-json\/wp\/v2\/media?parent=7282"}],"wp:term":[{"taxonomy":"product_brand","embeddable":true,"href":"https:\/\/yohannaa.com\/no\/wp-json\/wp\/v2\/product_brand?post=7282"},{"taxonomy":"product_cat","embeddable":true,"href":"https:\/\/yohannaa.com\/no\/wp-json\/wp\/v2\/product_cat?post=7282"},{"taxonomy":"product_tag","embeddable":true,"href":"https:\/\/yohannaa.com\/no\/wp-json\/wp\/v2\/product_tag?post=7282"}],"curies":[{"name":"wp","href":"https:\/\/api.w.org\/{rel}","templated":true}]}}