{"id":7281,"date":"2024-10-25T16:17:57","date_gmt":"2024-10-25T16:17:57","guid":{"rendered":"https:\/\/yohannaa.com\/product\/pomegranate-and-honey-leave-in-conditioner\/"},"modified":"2024-10-25T16:17:57","modified_gmt":"2024-10-25T16:17:57","slug":"pomegranate-and-honey-leave-in-conditioner","status":"publish","type":"product","link":"https:\/\/yohannaa.com\/no\/shop\/harpleie\/balsam\/leave-in-balsam\/pomegranate-and-honey-leave-in-conditioner\/","title":{"rendered":"Pomegranate And Honey Leave In Conditioner"},"content":{"rendered":"<p>Hvis du har type 4-h\u00e5r, vet du at det er lettere sagt enn gjort \u00e5 temme det. Mielle&#8217;s <strong>Pomegranate &amp; Honey Leave-In Conditioner<\/strong> er laget spesielt for deg! Vis frem de vakre kr\u00f8llene og spolene. Si farvel til frizz og god dag til glans. Denne balsamen er lett, enkel \u00e5 bruke og lukter fantastisk! Det er viktig at h\u00e5ret ditt er skikkelig rede ut, og denne leave-in balsamen vil rede ut hvert eneste h\u00e5rstr\u00e5. Den vil ogs\u00e5 holde p\u00e5 fuktigheten, gi langvarig fuktighet og beskytte h\u00e5ret med en herlig blanding av babassuolje og sitrusekstrakter. Det er en vinn-vinn-situasjon!    <\/p>\n<h4><\/h4>\n<h4>Fordeler<\/h4>\n<ul>\n<li>Lett, lukter godt og f\u00f8les godt<\/li>\n<li>Tilf\u00f8rer glans og motvirker frizz<\/li>\n<li>Laget for tykt, kr\u00f8llete h\u00e5r<\/li>\n<\/ul>\n<p><strong>12 fl. oz. | Inneholder ingen skadelige kjemikalier eller konserveringsmidler  <\/strong><\/p>\n<h4><\/h4>\n<h4>Hvordan bruke<\/h4>\n<div class=\"rte\">\n<p>P\u00e5f\u00f8r en sjener\u00f8s mengde i oppdelt h\u00e5r etter h\u00e5rkuren. Jobb gjennom med bredtannet kam. La virke og style etter \u00f8nske.  <\/p>\n<\/div>\n<p>&nbsp;<\/p>\n","protected":false},"excerpt":{"rendered":"<p>Hvis du har type 4-h\u00e5r, vet du at det er lettere sagt enn gjort \u00e5 temme det. Mielle&#8217;s <strong>Pomegranate &amp; Honey Leave-In Conditioner<\/strong> er laget spesielt for deg! Vis frem de vakre kr\u00f8llene og spolene.  <\/p>\n","protected":false},"featured_media":6954,"comment_status":"open","ping_status":"closed","template":"","meta":[],"product_brand":[1305],"product_cat":[1489,1488,1490],"product_tag":[1467],"class_list":{"0":"post-7281","1":"product","2":"type-product","3":"status-publish","4":"has-post-thumbnail","6":"product_brand-mielle","7":"product_cat-balsam","8":"product_cat-harpleie","9":"product_cat-leave-in-balsam","10":"product_tag-harpleie","12":"first","13":"instock","14":"shipping-taxable","15":"purchasable","16":"product-type-simple"},"_links":{"self":[{"href":"https:\/\/yohannaa.com\/no\/wp-json\/wp\/v2\/product\/7281","targetHints":{"allow":["GET"]}}],"collection":[{"href":"https:\/\/yohannaa.com\/no\/wp-json\/wp\/v2\/product"}],"about":[{"href":"https:\/\/yohannaa.com\/no\/wp-json\/wp\/v2\/types\/product"}],"replies":[{"embeddable":true,"href":"https:\/\/yohannaa.com\/no\/wp-json\/wp\/v2\/comments?post=7281"}],"wp:featuredmedia":[{"embeddable":true,"href":"https:\/\/yohannaa.com\/no\/wp-json\/wp\/v2\/media\/6954"}],"wp:attachment":[{"href":"https:\/\/yohannaa.com\/no\/wp-json\/wp\/v2\/media?parent=7281"}],"wp:term":[{"taxonomy":"product_brand","embeddable":true,"href":"https:\/\/yohannaa.com\/no\/wp-json\/wp\/v2\/product_brand?post=7281"},{"taxonomy":"product_cat","embeddable":true,"href":"https:\/\/yohannaa.com\/no\/wp-json\/wp\/v2\/product_cat?post=7281"},{"taxonomy":"product_tag","embeddable":true,"href":"https:\/\/yohannaa.com\/no\/wp-json\/wp\/v2\/product_tag?post=7281"}],"curies":[{"name":"wp","href":"https:\/\/api.w.org\/{rel}","templated":true}]}}