{"id":7280,"date":"2024-10-24T15:22:54","date_gmt":"2024-10-24T15:22:54","guid":{"rendered":"https:\/\/yohannaa.com\/product\/mielle-honey-ginger-styling-gel\/"},"modified":"2024-10-24T15:22:54","modified_gmt":"2024-10-24T15:22:54","slug":"mielle-honey-ginger-styling-gel","status":"publish","type":"product","link":"https:\/\/yohannaa.com\/no\/shop\/harpleie\/harstyling\/stylinggele\/mielle-honey-ginger-styling-gel\/","title":{"rendered":"Mielle Honey &amp; Ginger Styling Gel"},"content":{"rendered":"<p>Oppn\u00e5 stilene du elsker, samtidig som du f\u00e5r sunnere og sterkere h\u00e5r med Mielle&#8217;s <strong>Honey and Ginger Styling Gel.<\/strong> Formelen v\u00e5r er laget med ingredienser som honning, ingef\u00e6r, aloeekstrakt og babassuolje. Disse ingrediensene gir n\u00e6ring til h\u00e5ret samtidig som de gir et h\u00e5ndterbart hold. F\u00e5 definerte kr\u00f8ller, glatte kanter og mindre krus i hverdagen uten \u00e5 bekymre deg for produktoppbygging eller skadelige kjemikalier.   <\/p>\n<h4>Fordeler<\/h4>\n<ul>\n<li>Gi n\u00e6ring og fuktighet til h\u00e5ret ditt<\/li>\n<li>Laget for nyvasket h\u00e5r eller andre dagers kr\u00f8ller<\/li>\n<li>Ingen klissete oppbygging eller kunstige tilsetningsstoffer<\/li>\n<\/ul>\n<p><strong>13 fl. oz.   <\/strong><\/p>\n<h4>Hvordan bruke<\/h4>\n<p>P\u00e5f\u00f8r en rikelig mengde produkt (p\u00e5 nyvasket h\u00e5r) i fuktig h\u00e5r fra rot til topp. Style h\u00e5ret som \u00f8nsket ved hjelp av varme eller ved \u00e5 la det luftt\u00f8rke. P\u00e5 2. eller 3. dag spray h\u00e5ret med vann til det er fuktig. P\u00e5f\u00f8r en rikelig mengde produkt i h\u00e5ret. Styl h\u00e5ret som \u00f8nsket.    <\/p>\n","protected":false},"excerpt":{"rendered":"<p>Oppn\u00e5 stilene du elsker, samtidig som du f\u00e5r sunnere og sterkere h\u00e5r med Mielle&#8217;s <strong>Honey and Ginger Styling Gel.<\/strong> Formelen v\u00e5r er laget med ingredienser som honning, ingef\u00e6r, aloeekstrakt og babassuolje. <\/p>\n","protected":false},"featured_media":6944,"comment_status":"open","ping_status":"closed","template":"","meta":[],"product_brand":[1305],"product_cat":[1488,1469,1597],"product_tag":[1467,1471],"class_list":{"0":"post-7280","1":"product","2":"type-product","3":"status-publish","4":"has-post-thumbnail","6":"product_brand-mielle","7":"product_cat-harpleie","8":"product_cat-harstyling","9":"product_cat-stylinggele","10":"product_tag-harpleie","11":"product_tag-harstyling","13":"first","14":"instock","15":"featured","16":"shipping-taxable","17":"purchasable","18":"product-type-simple"},"_links":{"self":[{"href":"https:\/\/yohannaa.com\/no\/wp-json\/wp\/v2\/product\/7280","targetHints":{"allow":["GET"]}}],"collection":[{"href":"https:\/\/yohannaa.com\/no\/wp-json\/wp\/v2\/product"}],"about":[{"href":"https:\/\/yohannaa.com\/no\/wp-json\/wp\/v2\/types\/product"}],"replies":[{"embeddable":true,"href":"https:\/\/yohannaa.com\/no\/wp-json\/wp\/v2\/comments?post=7280"}],"wp:featuredmedia":[{"embeddable":true,"href":"https:\/\/yohannaa.com\/no\/wp-json\/wp\/v2\/media\/6944"}],"wp:attachment":[{"href":"https:\/\/yohannaa.com\/no\/wp-json\/wp\/v2\/media?parent=7280"}],"wp:term":[{"taxonomy":"product_brand","embeddable":true,"href":"https:\/\/yohannaa.com\/no\/wp-json\/wp\/v2\/product_brand?post=7280"},{"taxonomy":"product_cat","embeddable":true,"href":"https:\/\/yohannaa.com\/no\/wp-json\/wp\/v2\/product_cat?post=7280"},{"taxonomy":"product_tag","embeddable":true,"href":"https:\/\/yohannaa.com\/no\/wp-json\/wp\/v2\/product_tag?post=7280"}],"curies":[{"name":"wp","href":"https:\/\/api.w.org\/{rel}","templated":true}]}}