{"id":7279,"date":"2024-10-25T17:01:31","date_gmt":"2024-10-25T17:01:31","guid":{"rendered":"https:\/\/yohannaa.com\/product\/mandel-jai-twisting-butter\/"},"modified":"2024-10-25T17:01:31","modified_gmt":"2024-10-25T17:01:31","slug":"mandel-jai-twisting-butter","status":"publish","type":"product","link":"https:\/\/yohannaa.com\/no\/shop\/harpleie\/behandlinger\/forsterkende-og-fortykkende-behandling\/mandel-jai-twisting-butter\/","title":{"rendered":"Mandel Jai Twisting Butter"},"content":{"rendered":"<p>Et mykt h\u00e5rvriprodukt som et stylingsm\u00f8r for \u00e5 glatte ut og forlenge h\u00e5rstr\u00e5ene. Formuleringen v\u00e5r inneholder mandelmelk, honning og aloe vera for \u00e5 trenge inn i h\u00e5rstr\u00e5et og berolige hodebunnen. Ved \u00e5 bruke v\u00e5rt twisting butter for naturlig h\u00e5r sikrer du at kr\u00f8llene dine er godt fuktet og beskyttet for twist out-stiler.<\/p>\n","protected":false},"excerpt":{"rendered":"<p>Et mykt h\u00e5rvriprodukt som et stylingsm\u00f8r for \u00e5 glatte ut og forlenge h\u00e5rstr\u00e5ene.<\/p>\n","protected":false},"featured_media":6959,"comment_status":"open","ping_status":"closed","template":"","meta":[],"product_brand":[1221],"product_cat":[1549,1590,1488],"product_tag":[1467],"class_list":{"0":"post-7279","1":"product","2":"type-product","3":"status-publish","4":"has-post-thumbnail","6":"product_brand-camille-rose","7":"product_cat-behandlinger","8":"product_cat-forsterkende-og-fortykkende-behandling","9":"product_cat-harpleie","10":"product_tag-harpleie","12":"first","13":"instock","14":"featured","15":"shipping-taxable","16":"purchasable","17":"product-type-simple"},"_links":{"self":[{"href":"https:\/\/yohannaa.com\/no\/wp-json\/wp\/v2\/product\/7279","targetHints":{"allow":["GET"]}}],"collection":[{"href":"https:\/\/yohannaa.com\/no\/wp-json\/wp\/v2\/product"}],"about":[{"href":"https:\/\/yohannaa.com\/no\/wp-json\/wp\/v2\/types\/product"}],"replies":[{"embeddable":true,"href":"https:\/\/yohannaa.com\/no\/wp-json\/wp\/v2\/comments?post=7279"}],"wp:featuredmedia":[{"embeddable":true,"href":"https:\/\/yohannaa.com\/no\/wp-json\/wp\/v2\/media\/6959"}],"wp:attachment":[{"href":"https:\/\/yohannaa.com\/no\/wp-json\/wp\/v2\/media?parent=7279"}],"wp:term":[{"taxonomy":"product_brand","embeddable":true,"href":"https:\/\/yohannaa.com\/no\/wp-json\/wp\/v2\/product_brand?post=7279"},{"taxonomy":"product_cat","embeddable":true,"href":"https:\/\/yohannaa.com\/no\/wp-json\/wp\/v2\/product_cat?post=7279"},{"taxonomy":"product_tag","embeddable":true,"href":"https:\/\/yohannaa.com\/no\/wp-json\/wp\/v2\/product_tag?post=7279"}],"curies":[{"name":"wp","href":"https:\/\/api.w.org\/{rel}","templated":true}]}}