{"id":7278,"date":"2024-10-24T17:11:51","date_gmt":"2024-10-24T17:11:51","guid":{"rendered":"https:\/\/yohannaa.com\/product\/algae-renew-deep-conditioner\/"},"modified":"2024-10-24T17:11:51","modified_gmt":"2024-10-24T17:11:51","slug":"algae-renew-deep-conditioner","status":"publish","type":"product","link":"https:\/\/yohannaa.com\/no\/shop\/harpleie\/behandlinger\/forsterkende-og-fortykkende-behandling\/algae-renew-deep-conditioner\/","title":{"rendered":"Algae Renew Deep Conditioner"},"content":{"rendered":"<h4>En vitaminfylt, fuktighetsgivende og styrkende behandling tilsatt bl\u00e5gr\u00f8nne alger<\/h4>\n<div>\n<form id=\"AddToCartForm\" action=\"https:\/\/www.camillerosenaturals.com\/cart\/add\" enctype=\"multipart\/form-data\" method=\"post\">V\u00e5r rikholdige gourmetbehandling er tilsatt en blanding av rene bl\u00e5gr\u00f8nne alger, fullpakket med 65 vitaminer, mineraler og antioksidanter.  <\/p>\n<\/form>\n<div id=\"ultimateTrustBadgeswidgetDiv\" class=\"ultimateTrustBadgesInnerContainer\"><\/div>\n<\/div>\n<h4 id=\"ui-id-3\" class=\"ui-accordion-header ui-state-default ui-accordion-icons ui-accordion-header-active ui-state-active ui-corner-top\" tabindex=\"0\" role=\"tab\" aria-controls=\"ui-id-4\" aria-selected=\"true\" aria-expanded=\"true\">GOURMETINGREDIENSER:<\/h4>\n<div id=\"ui-id-4\" class=\"product_acc ui-accordion-content ui-helper-reset ui-widget-content ui-corner-bottom ui-accordion-content-active\" role=\"tabpanel\" aria-labelledby=\"ui-id-3\" aria-hidden=\"false\">\n<div class=\"dis_pro\">\n<div class=\"product_acc_left\">\n<div class=\"dis_pro\">\n<div class=\"product_acc_left\">\n<p><strong>Bl\u00e5gr\u00f8nne alger<\/strong> styrker h\u00e5ret og forebygger tynning og brekkasje.<\/p>\n<p><strong>Mangosm\u00f8r <\/strong>gir intens fuktighet og forsegler fuktigheten.<\/p>\n<\/div>\n<\/div>\n<\/div>\n<\/div>\n<div class=\"dis_pro\">\n<div class=\"product_acc_right\"><\/div>\n<\/div>\n<div class=\"dis_pro\">\n<div class=\"product_acc_right\">\n<h4><strong>HVORDAN BRUKES:<\/strong><\/h4>\n<div id=\"ui-id-6\" class=\"product_acc ui-accordion-content ui-helper-reset ui-widget-content ui-corner-bottom ui-accordion-content-active\" role=\"tabpanel\" aria-labelledby=\"ui-id-5\" aria-hidden=\"false\">\n<div class=\"dis_pro\">\n<div class=\"product_acc_right\">\n<div id=\"ui-id-8\" class=\"product_acc ui-accordion-content ui-helper-reset ui-widget-content ui-corner-bottom ui-accordion-content-active\" role=\"tabpanel\" aria-labelledby=\"ui-id-7\" aria-hidden=\"false\">\n<div class=\"dis_pro\">\n<div class=\"product_acc_right\">\n<p>P\u00e5f\u00f8r en rikelig mengde i t\u00f8rt eller v\u00e5tt h\u00e5r. La virke i 10 minutter, og skyll deretter h\u00e5ret kj\u00f8lig mens du reder det ut med en bredtannet kam. For ekstra pleie, ta p\u00e5 en plasthette og bruk varme i minst 20 minutter. La balsammen smelte bort under skylling med kaldt vann.   <\/p>\n<\/div>\n<\/div>\n<\/div>\n<\/div>\n<\/div>\n<\/div>\n<\/div>\n<\/div>\n<\/div>\n","protected":false},"excerpt":{"rendered":"<p>V\u00e5r rikholdige gourmetbehandling er tilsatt en blanding av rene bl\u00e5gr\u00f8nne alger, fullpakket med 65 vitaminer, mineraler og antioksidanter. Uraffinert kakao- og mangosm\u00f8r er kunstferdig blandet inn i denne intense, dypt pleiende formelen for \u00e5 gi maksimal fuktighet. Vekststimulerende biotin utvunnet fra alger er deretter tilsatt for \u00e5 skape denne enest\u00e5ende mykgj\u00f8rende cocktailen for alle h\u00e5rtyper.  <\/p>\n","protected":false},"featured_media":6960,"comment_status":"open","ping_status":"closed","template":"","meta":[],"product_brand":[1221],"product_cat":[1549,1590,1488],"product_tag":[1467],"class_list":{"0":"post-7278","1":"product","2":"type-product","3":"status-publish","4":"has-post-thumbnail","6":"product_brand-camille-rose","7":"product_cat-behandlinger","8":"product_cat-forsterkende-og-fortykkende-behandling","9":"product_cat-harpleie","10":"product_tag-harpleie","12":"first","13":"instock","14":"shipping-taxable","15":"purchasable","16":"product-type-simple"},"_links":{"self":[{"href":"https:\/\/yohannaa.com\/no\/wp-json\/wp\/v2\/product\/7278","targetHints":{"allow":["GET"]}}],"collection":[{"href":"https:\/\/yohannaa.com\/no\/wp-json\/wp\/v2\/product"}],"about":[{"href":"https:\/\/yohannaa.com\/no\/wp-json\/wp\/v2\/types\/product"}],"replies":[{"embeddable":true,"href":"https:\/\/yohannaa.com\/no\/wp-json\/wp\/v2\/comments?post=7278"}],"wp:featuredmedia":[{"embeddable":true,"href":"https:\/\/yohannaa.com\/no\/wp-json\/wp\/v2\/media\/6960"}],"wp:attachment":[{"href":"https:\/\/yohannaa.com\/no\/wp-json\/wp\/v2\/media?parent=7278"}],"wp:term":[{"taxonomy":"product_brand","embeddable":true,"href":"https:\/\/yohannaa.com\/no\/wp-json\/wp\/v2\/product_brand?post=7278"},{"taxonomy":"product_cat","embeddable":true,"href":"https:\/\/yohannaa.com\/no\/wp-json\/wp\/v2\/product_cat?post=7278"},{"taxonomy":"product_tag","embeddable":true,"href":"https:\/\/yohannaa.com\/no\/wp-json\/wp\/v2\/product_tag?post=7278"}],"curies":[{"name":"wp","href":"https:\/\/api.w.org\/{rel}","templated":true}]}}