{"id":7276,"date":"2024-10-24T18:46:50","date_gmt":"2024-10-24T18:46:50","guid":{"rendered":"https:\/\/yohannaa.com\/product\/as-i-am-twist-defining-cream\/"},"modified":"2024-10-24T18:46:50","modified_gmt":"2024-10-24T18:46:50","slug":"as-i-am-twist-defining-cream","status":"publish","type":"product","link":"https:\/\/yohannaa.com\/no\/shop\/harpleie\/fuktighetskremer-for-haret\/fuktighetsgivende-krem-og-lotion\/as-i-am-twist-defining-cream\/","title":{"rendered":"As I Am Twist Defining Cream"},"content":{"rendered":"<p>As I Am DoubleButter Cream er en rikholdig daglig fuktighetskrem. Overd\u00e5dig for spoler og kr\u00f8ller. Gi h\u00e5ret ditt det det ber om fuktighet. N\u00f8dvendig for \u00e5 f\u00f8le seg og se fantastisk ut! Fuktighet er avgj\u00f8rende for flotte, naturlige spoler og kr\u00f8ller. Den kraftfulle As I Am DoubleButter Cream er en rik, mykgj\u00f8rende blanding med det fineste utvalget av naturlig sm\u00f8r og \u00f8kologiske oljer. Den f\u00e5r jobben gjort. Holder p\u00e5 fuktigheten. Gir kjedelig, t\u00f8rt h\u00e5r mykhet, glans og h\u00e5ndterbarhet. Inneholder pro-vitamin B5 (kjent som Panthenol), som bidrar til \u00e5 reparere kl\u00f8yvde spisser og styrke h\u00e5ret. Tilf\u00f8rer dehydrert h\u00e5r det det trenger for \u00e5 se og oppf\u00f8re seg p\u00e5 sitt aller beste.    <\/p>\n<p><b>Viktige fordeler:<\/b><\/p>\n<ul>\n<li>Holder p\u00e5 fuktigheten.<\/li>\n<li>Gir kjedelig t\u00f8rt h\u00e5r mykhet, glans og h\u00e5ndterbarhet.<\/li>\n<li>Inneholder pro-vitamin B5 (kjent som Panthenol), som hjelper til med \u00e5 reparere kl\u00f8yvde tupper og styrke h\u00e5ret.<\/li>\n<li>Tilf\u00f8rer dehydrert h\u00e5r det det trenger for \u00e5 se og oppf\u00f8re seg p\u00e5 sitt aller beste.<\/li>\n<\/ul>\n<p><b>Slik bruker du :<\/b><\/p>\n<ul>\n<li>P\u00e5f\u00f8r sparsomt eller rikelig, avhengig av h\u00e5rets behov for fuktighet, h\u00e5ndterbarhet og vitalitet.<\/li>\n<li>Gni inn i h\u00e5ndflatene og kram forsiktig inn i h\u00e5ret slik at kr\u00f8ller og lokker ikke forstyrres.<\/li>\n<li>Kan ogs\u00e5 brukes til \u00e5 sette myke, skinnende snirkler og twist-outs.<\/li>\n<\/ul>\n","protected":false},"excerpt":{"rendered":"<p>As I Am DoubleButter Cream er en rikholdig daglig fuktighetskrem. Overd\u00e5dig for spoler og kr\u00f8ller. Gi h\u00e5ret ditt det det ber om fuktighet. N\u00f8dvendig for \u00e5 f\u00f8le seg og se fantastisk ut! Fuktighet er avgj\u00f8rende for flotte, naturlige spoler og kr\u00f8ller.    <\/p>\n","protected":false},"featured_media":6968,"comment_status":"open","ping_status":"closed","template":"","meta":[],"product_brand":[1307],"product_cat":[1521,1520,1488],"product_tag":[1467,1515],"class_list":{"0":"post-7276","1":"product","2":"type-product","3":"status-publish","4":"has-post-thumbnail","6":"product_brand-as-i-am","7":"product_cat-fuktighetsgivende-krem-og-lotion","8":"product_cat-fuktighetskremer-for-haret","9":"product_cat-harpleie","10":"product_tag-harpleie","11":"product_tag-harpleie-fuktighet","13":"first","14":"instock","15":"shipping-taxable","16":"purchasable","17":"product-type-simple"},"_links":{"self":[{"href":"https:\/\/yohannaa.com\/no\/wp-json\/wp\/v2\/product\/7276","targetHints":{"allow":["GET"]}}],"collection":[{"href":"https:\/\/yohannaa.com\/no\/wp-json\/wp\/v2\/product"}],"about":[{"href":"https:\/\/yohannaa.com\/no\/wp-json\/wp\/v2\/types\/product"}],"replies":[{"embeddable":true,"href":"https:\/\/yohannaa.com\/no\/wp-json\/wp\/v2\/comments?post=7276"}],"wp:featuredmedia":[{"embeddable":true,"href":"https:\/\/yohannaa.com\/no\/wp-json\/wp\/v2\/media\/6968"}],"wp:attachment":[{"href":"https:\/\/yohannaa.com\/no\/wp-json\/wp\/v2\/media?parent=7276"}],"wp:term":[{"taxonomy":"product_brand","embeddable":true,"href":"https:\/\/yohannaa.com\/no\/wp-json\/wp\/v2\/product_brand?post=7276"},{"taxonomy":"product_cat","embeddable":true,"href":"https:\/\/yohannaa.com\/no\/wp-json\/wp\/v2\/product_cat?post=7276"},{"taxonomy":"product_tag","embeddable":true,"href":"https:\/\/yohannaa.com\/no\/wp-json\/wp\/v2\/product_tag?post=7276"}],"curies":[{"name":"wp","href":"https:\/\/api.w.org\/{rel}","templated":true}]}}