{"id":7275,"date":"2024-10-25T12:19:44","date_gmt":"2024-10-25T12:19:44","guid":{"rendered":"https:\/\/yohannaa.com\/product\/curlaide-moisture-butter\/"},"modified":"2024-10-25T12:19:44","modified_gmt":"2024-10-25T12:19:44","slug":"curlaide-moisture-butter","status":"publish","type":"product","link":"https:\/\/yohannaa.com\/no\/shop\/harpleie\/behandlinger\/forsterkende-og-fortykkende-behandling\/curlaide-moisture-butter\/","title":{"rendered":"Curlaide Moisture Butter"},"content":{"rendered":"<p>Et h\u00e5rsm\u00f8r for naturlig h\u00e5r tilsatt eteriske oljer og noter av vanilje og macadamia for \u00e5 fukte og beskytte alle h\u00e5rteksturer. Curalide Moisturizer Butter er laget med effektive ingredienser som gir n\u00e6ring til hodebunn og h\u00e5r. Macadamiaolje, jojobaolje og almeekstrakt er smeltet inn i rismelk og gr\u00f8nn te for \u00e5 gi intens utjevning. Vi blander ogs\u00e5 aloe vera som er fullpakket med C-vitamin for \u00e5 styrke h\u00e5rstr\u00e5ene i denne fuktighetskremen for h\u00e5r.   <\/p>\n","protected":false},"excerpt":{"rendered":"<p>Et h\u00e5rsm\u00f8r for naturlig h\u00e5r tilsatt eteriske oljer og noter av vanilje og macadamia for \u00e5 fukte og beskytte alle h\u00e5rteksturer. Curalide Moisturizer Butter er laget med effektive ingredienser som gir n\u00e6ring til hodebunn og h\u00e5r. <\/p>\n","protected":false},"featured_media":6962,"comment_status":"open","ping_status":"closed","template":"","meta":[],"product_brand":[1221],"product_cat":[1549,1590,1488],"product_tag":[1467,1588],"class_list":{"0":"post-7275","1":"product","2":"type-product","3":"status-publish","4":"has-post-thumbnail","6":"product_brand-camille-rose","7":"product_cat-behandlinger","8":"product_cat-forsterkende-og-fortykkende-behandling","9":"product_cat-harpleie","10":"product_tag-harpleie","11":"product_tag-harpleiebehandling","13":"first","14":"instock","15":"shipping-taxable","16":"purchasable","17":"product-type-simple"},"_links":{"self":[{"href":"https:\/\/yohannaa.com\/no\/wp-json\/wp\/v2\/product\/7275","targetHints":{"allow":["GET"]}}],"collection":[{"href":"https:\/\/yohannaa.com\/no\/wp-json\/wp\/v2\/product"}],"about":[{"href":"https:\/\/yohannaa.com\/no\/wp-json\/wp\/v2\/types\/product"}],"replies":[{"embeddable":true,"href":"https:\/\/yohannaa.com\/no\/wp-json\/wp\/v2\/comments?post=7275"}],"wp:featuredmedia":[{"embeddable":true,"href":"https:\/\/yohannaa.com\/no\/wp-json\/wp\/v2\/media\/6962"}],"wp:attachment":[{"href":"https:\/\/yohannaa.com\/no\/wp-json\/wp\/v2\/media?parent=7275"}],"wp:term":[{"taxonomy":"product_brand","embeddable":true,"href":"https:\/\/yohannaa.com\/no\/wp-json\/wp\/v2\/product_brand?post=7275"},{"taxonomy":"product_cat","embeddable":true,"href":"https:\/\/yohannaa.com\/no\/wp-json\/wp\/v2\/product_cat?post=7275"},{"taxonomy":"product_tag","embeddable":true,"href":"https:\/\/yohannaa.com\/no\/wp-json\/wp\/v2\/product_tag?post=7275"}],"curies":[{"name":"wp","href":"https:\/\/api.w.org\/{rel}","templated":true}]}}