{"id":7274,"date":"2024-10-24T10:58:49","date_gmt":"2024-10-24T10:58:49","guid":{"rendered":"https:\/\/yohannaa.com\/product\/as-i-am-restore-and-repair-jbco-leave-in-conditioner\/"},"modified":"2024-10-24T10:58:49","modified_gmt":"2024-10-24T10:58:49","slug":"as-i-am-restore-and-repair-jbco-leave-in-conditioner","status":"publish","type":"product","link":"https:\/\/yohannaa.com\/no\/shop\/harpleie\/balsam\/leave-in-balsam\/as-i-am-restore-and-repair-jbco-leave-in-conditioner\/","title":{"rendered":"As I Am Restore And Repair JBCO Leave In Conditioner"},"content":{"rendered":"<p>Gj\u00f8r det lettere \u00e5 gre h\u00e5ret i v\u00e5tt h\u00e5r, samtidig som den tilf\u00f8rer fuktighet og glans for \u00e5 reparere og gjenopprette h\u00e5rfibrenes helse. As I Am JBCO Leave-In Conditioner er et viktig produkt f\u00f8r styling, og m\u00e5 brukes f\u00f8r As I Am JBCO Smoothie eller JBCO Curling Cr\u00e8me for \u00e5 unng\u00e5 flassing. Hvis du er ute etter en ekstra fuktighetsboost, kan du kombinere med As I Am JBCO Water.  <\/p>\n<p><b>Veiledning for dyp behandling :<\/b><\/p>\n<p>P\u00e5f\u00f8r rikelig i rent og v\u00e5tt h\u00e5r. Fordel jevnt i hele h\u00e5ret fra rot til topp, og hold h\u00e5ret veldig v\u00e5tt. Kam gjennom og fortsett stylingen med As I Am JBCO Curling Cr\u00e8me eller As I Am JBCO Smoothie. L\u00f8sner fibrene og reduserer kamskader, samtidig som den reparerer og gjenoppbygger h\u00e5ret for bedre vekst.  <\/p>\n<p><b>Cruelty-free. Vegansk. <\/b><\/p>\n","protected":false},"excerpt":{"rendered":"<p>Gj\u00f8r det lettere \u00e5 gre h\u00e5ret i v\u00e5tt h\u00e5r, samtidig som den tilf\u00f8rer fuktighet og glans for \u00e5 reparere og gjenopprette h\u00e5rfibrenes helse. As I Am JBCO Leave-In Conditioner er et viktig produkt f\u00f8r styling, og m\u00e5 brukes f\u00f8r As I Am JBCO Smoothie eller JBCO Curling Cr\u00e8me for \u00e5 unng\u00e5 flassing. <\/p>\n","protected":false},"featured_media":6969,"comment_status":"open","ping_status":"closed","template":"","meta":[],"product_brand":[1307],"product_cat":[1489,1488,1490],"product_tag":[1546,1467],"class_list":{"0":"post-7274","1":"product","2":"type-product","3":"status-publish","4":"has-post-thumbnail","6":"product_brand-as-i-am","7":"product_cat-balsam","8":"product_cat-harpleie","9":"product_cat-leave-in-balsam","10":"product_tag-balsam-for-harpleie","11":"product_tag-harpleie","13":"first","14":"instock","15":"featured","16":"shipping-taxable","17":"purchasable","18":"product-type-simple"},"_links":{"self":[{"href":"https:\/\/yohannaa.com\/no\/wp-json\/wp\/v2\/product\/7274","targetHints":{"allow":["GET"]}}],"collection":[{"href":"https:\/\/yohannaa.com\/no\/wp-json\/wp\/v2\/product"}],"about":[{"href":"https:\/\/yohannaa.com\/no\/wp-json\/wp\/v2\/types\/product"}],"replies":[{"embeddable":true,"href":"https:\/\/yohannaa.com\/no\/wp-json\/wp\/v2\/comments?post=7274"}],"wp:featuredmedia":[{"embeddable":true,"href":"https:\/\/yohannaa.com\/no\/wp-json\/wp\/v2\/media\/6969"}],"wp:attachment":[{"href":"https:\/\/yohannaa.com\/no\/wp-json\/wp\/v2\/media?parent=7274"}],"wp:term":[{"taxonomy":"product_brand","embeddable":true,"href":"https:\/\/yohannaa.com\/no\/wp-json\/wp\/v2\/product_brand?post=7274"},{"taxonomy":"product_cat","embeddable":true,"href":"https:\/\/yohannaa.com\/no\/wp-json\/wp\/v2\/product_cat?post=7274"},{"taxonomy":"product_tag","embeddable":true,"href":"https:\/\/yohannaa.com\/no\/wp-json\/wp\/v2\/product_tag?post=7274"}],"curies":[{"name":"wp","href":"https:\/\/api.w.org\/{rel}","templated":true}]}}