{"id":7273,"date":"2024-10-24T17:28:01","date_gmt":"2024-10-24T17:28:01","guid":{"rendered":"https:\/\/yohannaa.com\/product\/fresh-curl-revitalizing-hair-smoother\/"},"modified":"2024-10-24T17:28:01","modified_gmt":"2024-10-24T17:28:01","slug":"fresh-curl-revitalizing-hair-smoother","status":"publish","type":"product","link":"https:\/\/yohannaa.com\/no\/shop\/harpleie\/fuktighetskremer-for-haret\/fuktighetsgivende-krem-og-lotion\/fresh-curl-revitalizing-hair-smoother\/","title":{"rendered":"Fresh Curl Revitalizing Hair Smoother"},"content":{"rendered":"<div>\n<div class=\"rich-text__wrapper rich-text__wrapper--2e44aba3-68ec-4c79-ae85-9d79e6ed7fe3\">\n<div class=\"rich-text__content text-md\">\n<div class=\"wysiwyg\">\n<div class=\"metafield-rich_text_field\">\n<p>En lett h\u00e5rstylingkrem og detangler i gel\u00e9format som holder og glatter ut h\u00e5rstr\u00e5ene med en forlokkende fruktig duft. \u00d8kologiske avokado- og ricinusfr\u00f8oljer er blandet sammen med moden fersken-guava for \u00e5 skape denne forfriskende h\u00e5rstylingkremen i gel\u00e9form. Pust liv i kr\u00f8llene dine ved \u00e5 oppn\u00e5 mykt, sprettende h\u00e5r samtidig som du l\u00f8sner dem uten problemer.<\/p>\n<\/div>\n<\/div>\n<\/div>\n<\/div>\n<\/div>\n<div><\/div>\n<div class=\"product-converter__quantity no-js-hidden\">\n<div class=\"c-quantity-picker\">\n<h4 id=\"ui-id-7\" class=\"ui-accordion-header ui-state-default ui-accordion-icons ui-accordion-header-active ui-state-active ui-corner-top\" tabindex=\"0\" role=\"tab\" aria-controls=\"ui-id-8\" aria-selected=\"true\" aria-expanded=\"true\">Hvordan bruke<\/h4>\n<div id=\"ui-id-8\" class=\"product_acc ui-accordion-content ui-helper-reset ui-widget-content ui-corner-bottom ui-accordion-content-active\" role=\"tabpanel\" aria-labelledby=\"ui-id-7\" aria-hidden=\"false\">\n<div class=\"dis_pro\">\n<div class=\"product_acc_right\">\n<p>Pump en rikelig mengde p\u00e5 hendene og p\u00e5f\u00f8r i v\u00e5tt eller t\u00f8rt h\u00e5r f\u00f8r du fluffer det opp for \u00e5 style det. P\u00e5f\u00f8r sjener\u00f8st for optimal detangling, og arbeid gjennom h\u00e5rstr\u00e5ene med en bredtannet kam. <\/p>\n<\/div>\n<\/div>\n<\/div>\n<\/div>\n<\/div>\n","protected":false},"excerpt":{"rendered":"<p>En lett h\u00e5rstylingkrem og detangler i gelformat som holder og glatter ut h\u00e5rstr\u00e5ene med en forlokkende fruktig duft.<\/p>\n","protected":false},"featured_media":6963,"comment_status":"open","ping_status":"closed","template":"","meta":[],"product_brand":[1221],"product_cat":[1521,1520,1488],"product_tag":[1467,1515],"class_list":{"0":"post-7273","1":"product","2":"type-product","3":"status-publish","4":"has-post-thumbnail","6":"product_brand-camille-rose","7":"product_cat-fuktighetsgivende-krem-og-lotion","8":"product_cat-fuktighetskremer-for-haret","9":"product_cat-harpleie","10":"product_tag-harpleie","11":"product_tag-harpleie-fuktighet","13":"first","14":"instock","15":"shipping-taxable","16":"purchasable","17":"product-type-simple"},"_links":{"self":[{"href":"https:\/\/yohannaa.com\/no\/wp-json\/wp\/v2\/product\/7273","targetHints":{"allow":["GET"]}}],"collection":[{"href":"https:\/\/yohannaa.com\/no\/wp-json\/wp\/v2\/product"}],"about":[{"href":"https:\/\/yohannaa.com\/no\/wp-json\/wp\/v2\/types\/product"}],"replies":[{"embeddable":true,"href":"https:\/\/yohannaa.com\/no\/wp-json\/wp\/v2\/comments?post=7273"}],"wp:featuredmedia":[{"embeddable":true,"href":"https:\/\/yohannaa.com\/no\/wp-json\/wp\/v2\/media\/6963"}],"wp:attachment":[{"href":"https:\/\/yohannaa.com\/no\/wp-json\/wp\/v2\/media?parent=7273"}],"wp:term":[{"taxonomy":"product_brand","embeddable":true,"href":"https:\/\/yohannaa.com\/no\/wp-json\/wp\/v2\/product_brand?post=7273"},{"taxonomy":"product_cat","embeddable":true,"href":"https:\/\/yohannaa.com\/no\/wp-json\/wp\/v2\/product_cat?post=7273"},{"taxonomy":"product_tag","embeddable":true,"href":"https:\/\/yohannaa.com\/no\/wp-json\/wp\/v2\/product_tag?post=7273"}],"curies":[{"name":"wp","href":"https:\/\/api.w.org\/{rel}","templated":true}]}}