{"id":7272,"date":"2024-10-25T19:25:04","date_gmt":"2024-10-25T19:25:04","guid":{"rendered":"https:\/\/yohannaa.com\/product\/as-i-am-restore-and-repair-jbco-smoothie\/"},"modified":"2024-10-25T19:25:04","modified_gmt":"2024-10-25T19:25:04","slug":"as-i-am-restore-and-repair-jbco-smoothie","status":"publish","type":"product","link":"https:\/\/yohannaa.com\/no\/shop\/harpleie\/behandlinger\/forsterkende-og-fortykkende-behandling\/as-i-am-restore-and-repair-jbco-smoothie\/","title":{"rendered":"As I Am Restore And Repair JBCO Smoothie"},"content":{"rendered":"<p>Leter du etter h\u00f8yoppl\u00f8selige kr\u00f8ller og spoler? Vi har det du trenger med As I am JBCO Smoothie. Denne kr\u00f8lldefinerende kremen gir h\u00e5ret mer fuktighet og forbedrer kr\u00f8lldefinisjonen, uten \u00e5 flasse. Beriket med jamaicansk svart ricinusolje og ceramider for \u00e5 gi n\u00e6ring og styrke hvert eneste h\u00e5rstr\u00e5, har denne stylingkremen et lett og sterkt hold som varer.   <\/p>\n<ul>\n<li>Vegansk<\/li>\n<li>Flakfri formel<\/li>\n<\/ul>\n","protected":false},"excerpt":{"rendered":"<p>Leter du etter h\u00f8yoppl\u00f8selige kr\u00f8ller og spoler? Vi har det du trenger med As I am JBCO Smoothie. Denne kr\u00f8lldefinerende kremen gir h\u00e5ret mer fuktighet og forsterker kr\u00f8lldefinisjonen, uten \u00e5 flasse.  <\/p>\n","protected":false},"featured_media":6970,"comment_status":"open","ping_status":"closed","template":"","meta":[],"product_brand":[1307],"product_cat":[1549,1590,1488],"product_tag":[1591,1467],"class_list":{"0":"post-7272","1":"product","2":"type-product","3":"status-publish","4":"has-post-thumbnail","6":"product_brand-as-i-am","7":"product_cat-behandlinger","8":"product_cat-forsterkende-og-fortykkende-behandling","9":"product_cat-harpleie","10":"product_tag-harbil","11":"product_tag-harpleie","13":"first","14":"instock","15":"shipping-taxable","16":"purchasable","17":"product-type-simple"},"_links":{"self":[{"href":"https:\/\/yohannaa.com\/no\/wp-json\/wp\/v2\/product\/7272","targetHints":{"allow":["GET"]}}],"collection":[{"href":"https:\/\/yohannaa.com\/no\/wp-json\/wp\/v2\/product"}],"about":[{"href":"https:\/\/yohannaa.com\/no\/wp-json\/wp\/v2\/types\/product"}],"replies":[{"embeddable":true,"href":"https:\/\/yohannaa.com\/no\/wp-json\/wp\/v2\/comments?post=7272"}],"wp:featuredmedia":[{"embeddable":true,"href":"https:\/\/yohannaa.com\/no\/wp-json\/wp\/v2\/media\/6970"}],"wp:attachment":[{"href":"https:\/\/yohannaa.com\/no\/wp-json\/wp\/v2\/media?parent=7272"}],"wp:term":[{"taxonomy":"product_brand","embeddable":true,"href":"https:\/\/yohannaa.com\/no\/wp-json\/wp\/v2\/product_brand?post=7272"},{"taxonomy":"product_cat","embeddable":true,"href":"https:\/\/yohannaa.com\/no\/wp-json\/wp\/v2\/product_cat?post=7272"},{"taxonomy":"product_tag","embeddable":true,"href":"https:\/\/yohannaa.com\/no\/wp-json\/wp\/v2\/product_tag?post=7272"}],"curies":[{"name":"wp","href":"https:\/\/api.w.org\/{rel}","templated":true}]}}