{"id":7271,"date":"2024-10-25T17:53:57","date_gmt":"2024-10-25T17:53:57","guid":{"rendered":"https:\/\/yohannaa.com\/product\/camille-rose-curl-maker\/"},"modified":"2024-10-25T17:53:57","modified_gmt":"2024-10-25T17:53:57","slug":"camille-rose-curl-maker","status":"publish","type":"product","link":"https:\/\/yohannaa.com\/no\/shop\/harpleie\/fuktighetskremer-for-haret\/fuktighetsgivende-krem-og-lotion\/camille-rose-curl-maker\/","title":{"rendered":"Camille Rose Curl Maker"},"content":{"rendered":"<p>S\u00f8te ekstrakter av marshmallow og agave smeltes inn i en gourmetolje av kokosn\u00f8tt og granateple, og legges deretter i lag med botaniske safter av tang og aloe. Vi avslutter med en berikende infusjon av vitamin E og B-12 for optimal n\u00e6ring til h\u00e5ret. <b>Marshmallow<\/b> <b>Root <\/b>glatter og definerer h\u00e5ret intenst, samtidig som den hjelper til med \u00e5 l\u00f8se opp h\u00e5rstr\u00e5ene. <b>Aloe Juices <\/b>trenger inn i h\u00e5rstr\u00e5et og gir intens fuktighet. fremmer sunn h\u00e5rvekst gjennom sitt rike innhold av essensielle fettsyrer. <b>Brenneslerot<\/b> stimulerer h\u00e5rveksten og bidrar til at h\u00e5ret beholder lengden. <b>Bruksanvisning<\/b>: P\u00e5f\u00f8r en sjener\u00f8s mengde i nyvasket og utfiltret h\u00e5r, og fordel jevnt i seksjoner fra rot til topp. S\u00f8rg for at h\u00e5ret er v\u00e5tt n\u00e5r du bruker denne definerende gel\u00e9en til \u00e5 style med fingrene. For vakkert definerte og myke kr\u00f8ller, legg Curl Maker p\u00e5 toppen av Curl Love Moisture Milk. <\/p>\n","protected":false},"excerpt":{"rendered":"<p>S\u00f8te ekstrakter av marshmallow og agave smeltes inn i en gourmetolje av kokosn\u00f8tt og granateple, og legges deretter i lag med botaniske safter av tang og aloe. Vi avslutter med en berikende infusjon av vitamin E og B-12 for optimal n\u00e6ring til h\u00e5ret. <\/p>\n","protected":false},"featured_media":6964,"comment_status":"open","ping_status":"closed","template":"","meta":[],"product_brand":[1221],"product_cat":[1521,1520,1488],"product_tag":[1467,1515],"class_list":{"0":"post-7271","1":"product","2":"type-product","3":"status-publish","4":"has-post-thumbnail","6":"product_brand-camille-rose","7":"product_cat-fuktighetsgivende-krem-og-lotion","8":"product_cat-fuktighetskremer-for-haret","9":"product_cat-harpleie","10":"product_tag-harpleie","11":"product_tag-harpleie-fuktighet","13":"first","14":"instock","15":"shipping-taxable","16":"purchasable","17":"product-type-simple"},"_links":{"self":[{"href":"https:\/\/yohannaa.com\/no\/wp-json\/wp\/v2\/product\/7271","targetHints":{"allow":["GET"]}}],"collection":[{"href":"https:\/\/yohannaa.com\/no\/wp-json\/wp\/v2\/product"}],"about":[{"href":"https:\/\/yohannaa.com\/no\/wp-json\/wp\/v2\/types\/product"}],"replies":[{"embeddable":true,"href":"https:\/\/yohannaa.com\/no\/wp-json\/wp\/v2\/comments?post=7271"}],"wp:featuredmedia":[{"embeddable":true,"href":"https:\/\/yohannaa.com\/no\/wp-json\/wp\/v2\/media\/6964"}],"wp:attachment":[{"href":"https:\/\/yohannaa.com\/no\/wp-json\/wp\/v2\/media?parent=7271"}],"wp:term":[{"taxonomy":"product_brand","embeddable":true,"href":"https:\/\/yohannaa.com\/no\/wp-json\/wp\/v2\/product_brand?post=7271"},{"taxonomy":"product_cat","embeddable":true,"href":"https:\/\/yohannaa.com\/no\/wp-json\/wp\/v2\/product_cat?post=7271"},{"taxonomy":"product_tag","embeddable":true,"href":"https:\/\/yohannaa.com\/no\/wp-json\/wp\/v2\/product_tag?post=7271"}],"curies":[{"name":"wp","href":"https:\/\/api.w.org\/{rel}","templated":true}]}}