{"id":7270,"date":"2024-10-25T11:27:57","date_gmt":"2024-10-25T11:27:57","guid":{"rendered":"https:\/\/yohannaa.com\/product\/kokosnottvann-etterlater-en-harkur-som-gjor-haret-losere\/"},"modified":"2024-10-25T11:27:57","modified_gmt":"2024-10-25T11:27:57","slug":"kokosnottvann-etterlater-en-harkur-som-gjor-haret-losere","status":"publish","type":"product","link":"https:\/\/yohannaa.com\/no\/shop\/harpleie\/behandlinger\/konditioneringsbehandling\/kokosnottvann-etterlater-en-harkur-som-gjor-haret-losere\/","title":{"rendered":"Kokosn\u00f8ttvann etterlater en h\u00e5rkur som gj\u00f8r h\u00e5ret l\u00f8sere"},"content":{"rendered":"<p>En lett leave-in-fuktighetsbehandling beriket med kokosn\u00f8ttens tropiske fordeler. Rent kokosn\u00f8ttvann og fruktekstrakter er r\u00f8rt sammen med penetrerende fr\u00f8oljer av lin, drue, hamp og solsikke for \u00e5 gi maksimal fuktighet. Fortykkende sheasm\u00f8r og mykgj\u00f8rende marshmallowrot blandes i en gr\u00f8nn tebrygging for \u00e5 skape denne ikke-fete, glansgivende h\u00e5rpleien for alle h\u00e5rtyper.  <\/p>\n","protected":false},"excerpt":{"rendered":"<p>En lett leave-in-fuktighetsbehandling beriket med kokosn\u00f8ttens tropiske fordeler. Rent kokosn\u00f8ttvann og fruktekstrakter er r\u00f8rt sammen med gjennomtrengende fr\u00f8oljer av lin, drue, hamp og solsikke for \u00e5 gi maksimal fuktighet. <\/p>\n","protected":false},"featured_media":6965,"comment_status":"open","ping_status":"closed","template":"","meta":[],"product_brand":[1221],"product_cat":[1549,1488,1585],"product_tag":[1467,1515],"class_list":{"0":"post-7270","1":"product","2":"type-product","3":"status-publish","4":"has-post-thumbnail","6":"product_brand-camille-rose","7":"product_cat-behandlinger","8":"product_cat-harpleie","9":"product_cat-konditioneringsbehandling","10":"product_tag-harpleie","11":"product_tag-harpleie-fuktighet","13":"first","14":"instock","15":"shipping-taxable","16":"purchasable","17":"product-type-simple"},"_links":{"self":[{"href":"https:\/\/yohannaa.com\/no\/wp-json\/wp\/v2\/product\/7270","targetHints":{"allow":["GET"]}}],"collection":[{"href":"https:\/\/yohannaa.com\/no\/wp-json\/wp\/v2\/product"}],"about":[{"href":"https:\/\/yohannaa.com\/no\/wp-json\/wp\/v2\/types\/product"}],"replies":[{"embeddable":true,"href":"https:\/\/yohannaa.com\/no\/wp-json\/wp\/v2\/comments?post=7270"}],"wp:featuredmedia":[{"embeddable":true,"href":"https:\/\/yohannaa.com\/no\/wp-json\/wp\/v2\/media\/6965"}],"wp:attachment":[{"href":"https:\/\/yohannaa.com\/no\/wp-json\/wp\/v2\/media?parent=7270"}],"wp:term":[{"taxonomy":"product_brand","embeddable":true,"href":"https:\/\/yohannaa.com\/no\/wp-json\/wp\/v2\/product_brand?post=7270"},{"taxonomy":"product_cat","embeddable":true,"href":"https:\/\/yohannaa.com\/no\/wp-json\/wp\/v2\/product_cat?post=7270"},{"taxonomy":"product_tag","embeddable":true,"href":"https:\/\/yohannaa.com\/no\/wp-json\/wp\/v2\/product_tag?post=7270"}],"curies":[{"name":"wp","href":"https:\/\/api.w.org\/{rel}","templated":true}]}}