{"id":7268,"date":"2024-10-25T16:57:47","date_gmt":"2024-10-25T16:57:47","guid":{"rendered":"https:\/\/yohannaa.com\/product\/as-i-am-jamaican-black-castor-oil-moisturizing-masque\/"},"modified":"2024-10-25T16:57:47","modified_gmt":"2024-10-25T16:57:47","slug":"as-i-am-jamaican-black-castor-oil-moisturizing-masque","status":"publish","type":"product","link":"https:\/\/yohannaa.com\/no\/shop\/harpleie\/behandlinger\/beskyttende-behandling\/as-i-am-jamaican-black-castor-oil-moisturizing-masque\/","title":{"rendered":"As I Am Jamaican Black Castor Oil Moisturizing Masque"},"content":{"rendered":"<p>Berik dehydrert h\u00e5r med en intens terapimaske. Denne rike, kremete behandlingen er tilsatt jamaicansk svart ricinusolje, vitamin C og vitamin E for \u00e5 fukte, l\u00f8se opp og gi glans til kr\u00f8llene og spolene dine. Denne formelen er laget for \u00e5 gi dyp pleie og langvarig fuktighet for \u00e5 gjenopprette og reparere h\u00e5rets og hodebunnens helse. Bruk den for \u00e5 gj\u00f8re h\u00e5ret mykere, gj\u00f8re det lettere \u00e5 gre h\u00e5ret og behandle brudd, kl\u00f8yvde tupper og t\u00f8rr hodebunn.   <\/p>\n<p><b>Slik bruker du den:<\/b><\/p>\n<p>As I Am JBCO Moisturizing Masque er en intensiv balsam. P\u00e5f\u00f8r en sjener\u00f8s mengde p\u00e5 h\u00e5rstr\u00e5ene og arbeid produktet inn fra rot til tupp. La virke i 15-20 minutter. Skyll grundig.   <\/p>\n<p><b>Veiledning for dyp behandling :<\/b><\/p>\n<p>Fordel masken i hele h\u00e5ret. Sett p\u00e5 en plasthette. La virke i 15-20 minutter under en t\u00f8rketrommel med hette. Fukt h\u00e5ret hvis det blir for t\u00f8rt. Ta av hetten, fl\u00e5 forsiktig ut h\u00e5ret og skyll grundig.    <\/p>\n","protected":false},"excerpt":{"rendered":"<p>Berik dehydrert h\u00e5r med en intens terapimaske. Denne rike, kremete behandlingen er tilsatt jamaicansk svart ricinusolje, vitamin C og vitamin E for \u00e5 fukte, l\u00f8se opp og gi glans til kr\u00f8llene og spolene dine. Denne formelen er laget for \u00e5 gi dyp pleie og langvarig fuktighet for \u00e5 gjenopprette og reparere h\u00e5rets og hodebunnens helse. Bruk den for \u00e5 gj\u00f8re h\u00e5ret mykere, gj\u00f8re det lettere \u00e5 gre h\u00e5ret og behandle brudd, kl\u00f8yvde tupper og t\u00f8rr hodebunn.   <\/p>\n","protected":false},"featured_media":6973,"comment_status":"open","ping_status":"closed","template":"","meta":[],"product_brand":[1307],"product_cat":[1549,1587,1488],"product_tag":[1467,1588],"class_list":{"0":"post-7268","1":"product","2":"type-product","3":"status-publish","4":"has-post-thumbnail","6":"product_brand-as-i-am","7":"product_cat-behandlinger","8":"product_cat-beskyttende-behandling","9":"product_cat-harpleie","10":"product_tag-harpleie","11":"product_tag-harpleiebehandling","13":"first","14":"instock","15":"featured","16":"shipping-taxable","17":"purchasable","18":"product-type-simple"},"_links":{"self":[{"href":"https:\/\/yohannaa.com\/no\/wp-json\/wp\/v2\/product\/7268","targetHints":{"allow":["GET"]}}],"collection":[{"href":"https:\/\/yohannaa.com\/no\/wp-json\/wp\/v2\/product"}],"about":[{"href":"https:\/\/yohannaa.com\/no\/wp-json\/wp\/v2\/types\/product"}],"replies":[{"embeddable":true,"href":"https:\/\/yohannaa.com\/no\/wp-json\/wp\/v2\/comments?post=7268"}],"wp:featuredmedia":[{"embeddable":true,"href":"https:\/\/yohannaa.com\/no\/wp-json\/wp\/v2\/media\/6973"}],"wp:attachment":[{"href":"https:\/\/yohannaa.com\/no\/wp-json\/wp\/v2\/media?parent=7268"}],"wp:term":[{"taxonomy":"product_brand","embeddable":true,"href":"https:\/\/yohannaa.com\/no\/wp-json\/wp\/v2\/product_brand?post=7268"},{"taxonomy":"product_cat","embeddable":true,"href":"https:\/\/yohannaa.com\/no\/wp-json\/wp\/v2\/product_cat?post=7268"},{"taxonomy":"product_tag","embeddable":true,"href":"https:\/\/yohannaa.com\/no\/wp-json\/wp\/v2\/product_tag?post=7268"}],"curies":[{"name":"wp","href":"https:\/\/api.w.org\/{rel}","templated":true}]}}