{"id":7267,"date":"2024-10-25T18:37:11","date_gmt":"2024-10-25T18:37:11","guid":{"rendered":"https:\/\/yohannaa.com\/product\/fresh-honey-nectar-deep-conditioning-treatment\/"},"modified":"2024-10-25T18:37:11","modified_gmt":"2024-10-25T18:37:11","slug":"fresh-honey-nectar-deep-conditioning-treatment","status":"publish","type":"product","link":"https:\/\/yohannaa.com\/no\/shop\/harpleie\/behandlinger\/konditioneringsbehandling\/fresh-honey-nectar-deep-conditioning-treatment\/","title":{"rendered":"Fresh Honey Nectar Deep Conditioning Treatment"},"content":{"rendered":"<p>Gj\u00f8r h\u00e5rpleieritualet ditt s\u00f8tere med NEW! Honey Collection er laget med fuktighetsgivende honning og beroligende brenneslerot. Denne n\u00e6rende Honey Collection tilbyr et rikt utvalg av h\u00e5ndlagde h\u00e5rblandinger for alle teksturer. Dr\u00e5per av ekte honning mykgj\u00f8r, glatter ut og gir fuktighet til h\u00e5rstr\u00e5ene, mens infusjoner av brenneslerot gir glans og forbedrer h\u00e5rets generelle helse. Denne kolleksjonen gir intens pleie, teksturdefinisjon, suveren styling og daglig oppfriskning. Unn deg et h\u00e5rpleiesystem med honning i en blanding av friske r\u00e5varer.     <\/p>\n<p><b>Slik bruker du den:<\/b><\/p>\n<p>P\u00e5f\u00f8r p\u00e5 nyrenset h\u00e5r i hele h\u00e5ret og kam gjennom. La virke i 15 minutter f\u00f8r du skyller ut med kaldt vann. <\/p>\n","protected":false},"excerpt":{"rendered":"<p>Gj\u00f8r h\u00e5rpleieritualet ditt s\u00f8tere med NEW! Honey Collection er laget med fuktighetsgivende honning og beroligende brenneslerot. Denne n\u00e6rende Honey Collection tilbyr et rikt utvalg av h\u00e5ndlagde h\u00e5rblandinger for alle teksturer. Dr\u00e5per av ekte honning mykgj\u00f8r, glatter ut og gir fuktighet til h\u00e5rstr\u00e5ene, mens infusjoner av brenneslerot gir glans og forbedrer h\u00e5rets generelle helse. Denne kolleksjonen [&hellip;]<\/p>\n","protected":false},"featured_media":6967,"comment_status":"open","ping_status":"closed","template":"","meta":[],"product_brand":[1221],"product_cat":[1549,1488,1585],"product_tag":[1467,1588],"class_list":{"0":"post-7267","1":"product","2":"type-product","3":"status-publish","4":"has-post-thumbnail","6":"product_brand-camille-rose","7":"product_cat-behandlinger","8":"product_cat-harpleie","9":"product_cat-konditioneringsbehandling","10":"product_tag-harpleie","11":"product_tag-harpleiebehandling","13":"first","14":"instock","15":"shipping-taxable","16":"purchasable","17":"product-type-simple"},"_links":{"self":[{"href":"https:\/\/yohannaa.com\/no\/wp-json\/wp\/v2\/product\/7267","targetHints":{"allow":["GET"]}}],"collection":[{"href":"https:\/\/yohannaa.com\/no\/wp-json\/wp\/v2\/product"}],"about":[{"href":"https:\/\/yohannaa.com\/no\/wp-json\/wp\/v2\/types\/product"}],"replies":[{"embeddable":true,"href":"https:\/\/yohannaa.com\/no\/wp-json\/wp\/v2\/comments?post=7267"}],"wp:featuredmedia":[{"embeddable":true,"href":"https:\/\/yohannaa.com\/no\/wp-json\/wp\/v2\/media\/6967"}],"wp:attachment":[{"href":"https:\/\/yohannaa.com\/no\/wp-json\/wp\/v2\/media?parent=7267"}],"wp:term":[{"taxonomy":"product_brand","embeddable":true,"href":"https:\/\/yohannaa.com\/no\/wp-json\/wp\/v2\/product_brand?post=7267"},{"taxonomy":"product_cat","embeddable":true,"href":"https:\/\/yohannaa.com\/no\/wp-json\/wp\/v2\/product_cat?post=7267"},{"taxonomy":"product_tag","embeddable":true,"href":"https:\/\/yohannaa.com\/no\/wp-json\/wp\/v2\/product_tag?post=7267"}],"curies":[{"name":"wp","href":"https:\/\/api.w.org\/{rel}","templated":true}]}}