{"id":7265,"date":"2024-10-25T22:25:16","date_gmt":"2024-10-25T22:25:16","guid":{"rendered":"https:\/\/yohannaa.com\/product\/evos-harsape-med-sheasmor-100-g\/"},"modified":"2024-10-25T22:25:16","modified_gmt":"2024-10-25T22:25:16","slug":"evos-harsape-med-sheasmor-100-g","status":"publish","type":"product","link":"https:\/\/yohannaa.com\/no\/shop\/herre\/harpleie-for-menn\/rensing-av-haret\/evos-harsape-med-sheasmor-100-g\/","title":{"rendered":"Evos h\u00e5rs\u00e5pe med sheasm\u00f8r 100 g"},"content":{"rendered":"<p>Evos Hair Soap with Shea Butter er en n\u00e6rende h\u00e5rrens i fast form. Denne 100 g s\u00e5pestangen er fylt med den rike fuktigheten fra sheasm\u00f8r, og renser h\u00e5ret sk\u00e5nsomt samtidig som den tilf\u00f8rer fuktighet til hodebunn og h\u00e5r. Den er fri for sterke kjemikalier og bidrar til \u00e5 redusere t\u00f8rrhet og krus, og etterlater h\u00e5ret glatt, mykt og sunt.  <\/p>\n<ul>\n<li>Vekt: 100 g<\/li>\n<li>Ingredienser: Sheasm\u00f8r, naturlige oljer, essensielle vitaminer<\/li>\n<li>Tekstur: Solid Bar<\/li>\n<\/ul>\n<p><strong>Fordeler:<\/strong><\/p>\n<ul>\n<li>Renser sk\u00e5nsomt uten \u00e5 fjerne fuktighet<\/li>\n<li>Hydrerer og mykgj\u00f8r h\u00e5ret<\/li>\n<li>Reduserer frizz og t\u00f8rrhet<\/li>\n<li>Milj\u00f8vennlig, plastfri emballasje<\/li>\n<\/ul>\n","protected":false},"excerpt":{"rendered":"<p><em><strong>Rens og plei h\u00e5ret ditt p\u00e5 en naturlig m\u00e5te med Evos h\u00e5rs\u00e5pe med sheasm\u00f8r!<\/strong><\/em>  Denne milde, sulfatfrie h\u00e5rkuren tilf\u00f8rer fuktighet og styrker h\u00e5ret, og etterlater det mykt og medgj\u00f8rlig ved hver vask.<\/p>\n","protected":false},"featured_media":6982,"comment_status":"open","ping_status":"closed","template":"","meta":[],"product_brand":[1313],"product_cat":[1538,1536,1582],"product_tag":[1467,1583],"class_list":{"0":"post-7265","1":"product","2":"type-product","3":"status-publish","4":"has-post-thumbnail","6":"product_brand-evos","7":"product_cat-harpleie-for-menn","8":"product_cat-herre","9":"product_cat-rensing-av-haret","10":"product_tag-harpleie","11":"product_tag-harpleie-menn","13":"first","14":"instock","15":"sale","16":"shipping-taxable","17":"purchasable","18":"product-type-simple"},"_links":{"self":[{"href":"https:\/\/yohannaa.com\/no\/wp-json\/wp\/v2\/product\/7265","targetHints":{"allow":["GET"]}}],"collection":[{"href":"https:\/\/yohannaa.com\/no\/wp-json\/wp\/v2\/product"}],"about":[{"href":"https:\/\/yohannaa.com\/no\/wp-json\/wp\/v2\/types\/product"}],"replies":[{"embeddable":true,"href":"https:\/\/yohannaa.com\/no\/wp-json\/wp\/v2\/comments?post=7265"}],"wp:featuredmedia":[{"embeddable":true,"href":"https:\/\/yohannaa.com\/no\/wp-json\/wp\/v2\/media\/6982"}],"wp:attachment":[{"href":"https:\/\/yohannaa.com\/no\/wp-json\/wp\/v2\/media?parent=7265"}],"wp:term":[{"taxonomy":"product_brand","embeddable":true,"href":"https:\/\/yohannaa.com\/no\/wp-json\/wp\/v2\/product_brand?post=7265"},{"taxonomy":"product_cat","embeddable":true,"href":"https:\/\/yohannaa.com\/no\/wp-json\/wp\/v2\/product_cat?post=7265"},{"taxonomy":"product_tag","embeddable":true,"href":"https:\/\/yohannaa.com\/no\/wp-json\/wp\/v2\/product_tag?post=7265"}],"curies":[{"name":"wp","href":"https:\/\/api.w.org\/{rel}","templated":true}]}}