{"id":7263,"date":"2024-10-26T10:37:51","date_gmt":"2024-10-26T10:37:51","guid":{"rendered":"https:\/\/yohannaa.com\/product\/evos-anti-flass-olje-100ml\/"},"modified":"2024-10-26T10:37:51","modified_gmt":"2024-10-26T10:37:51","slug":"evos-anti-flass-olje-100ml","status":"publish","type":"product","link":"https:\/\/yohannaa.com\/no\/shop\/harpleie\/behandlinger\/behandling-av-hodebunnen\/evos-anti-flass-olje-100ml\/","title":{"rendered":"Evos Anti Flass Olje 100ml"},"content":{"rendered":"<p>Denne formuleringen bekjemper flass ved \u00e5 g\u00e5 dypere enn \u00f8yet kan se! Evo&#8217;s Anti Dandruff Treatment gir n\u00e6ring og ekstra fuktighet til hodebunnen. Lindrer kl\u00f8e, flassing og irritasjon i hodebunnen i forbindelse med seboreisk eksem og flass. Gi h\u00e5ret det det trenger for \u00e5 bekjempe flass innenfra. Hodebunnen din vil takke deg senere! Slik bruker du P\u00e5f\u00f8r p\u00e5 t\u00f8rre og kl\u00f8ende omr\u00e5der etter behov. Masseres inn i hodebunnen. Rist godt f\u00f8r bruk. Kan ogs\u00e5 brukes som en varm oljebehandling. Masser oljen inn i hodebunnen med fingertuppene. La den sitte i 30 minutter. F\u00f8lg deretter med sjamponering. Bruk den 3 ganger i uken. Ingredienser Helianthus annuus (solsikkeolje), Melaleuca alternifolia (tea tree-olje), Lavandula angustifolia (lavendelolje), Gaultheria procumbens (vintergr\u00f8nnolje), Thymus vulgaris (timianolje), Rosmarinus officinalis (rosmarinolje) Advarsel Kun til utvortes bruk. Beskyttes mot varme og direkte sollys. Unng\u00e5 kontakt med \u00f8ynene. Ved kontakt med \u00f8ynene, skyll umiddelbart med vann. Oppbevares utilgjengelig for barn.    <\/p>\n","protected":false},"excerpt":{"rendered":"<p>Denne formuleringen bekjemper flass ved \u00e5 g\u00e5 dypere enn \u00f8yet kan se! Evo&#8217;s Anti Dandruff Treatment gir n\u00e6ring og ekstra fuktighet til hodebunnen. Lindrer kl\u00f8e, flassing og irritasjon i hodebunnen i forbindelse med seboreisk eksem og flass. Gi h\u00e5ret det det trenger for \u00e5 bekjempe flass innenfra.   <\/p>\n","protected":false},"featured_media":6983,"comment_status":"open","ping_status":"closed","template":"","meta":[],"product_brand":[1313],"product_cat":[1581,1549,1488],"product_tag":[1467],"class_list":{"0":"post-7263","1":"product","2":"type-product","3":"status-publish","4":"has-post-thumbnail","6":"product_brand-evos","7":"product_cat-behandling-av-hodebunnen","8":"product_cat-behandlinger","9":"product_cat-harpleie","10":"product_tag-harpleie","12":"first","13":"outofstock","14":"shipping-taxable","15":"purchasable","16":"product-type-simple"},"_links":{"self":[{"href":"https:\/\/yohannaa.com\/no\/wp-json\/wp\/v2\/product\/7263","targetHints":{"allow":["GET"]}}],"collection":[{"href":"https:\/\/yohannaa.com\/no\/wp-json\/wp\/v2\/product"}],"about":[{"href":"https:\/\/yohannaa.com\/no\/wp-json\/wp\/v2\/types\/product"}],"replies":[{"embeddable":true,"href":"https:\/\/yohannaa.com\/no\/wp-json\/wp\/v2\/comments?post=7263"}],"wp:featuredmedia":[{"embeddable":true,"href":"https:\/\/yohannaa.com\/no\/wp-json\/wp\/v2\/media\/6983"}],"wp:attachment":[{"href":"https:\/\/yohannaa.com\/no\/wp-json\/wp\/v2\/media?parent=7263"}],"wp:term":[{"taxonomy":"product_brand","embeddable":true,"href":"https:\/\/yohannaa.com\/no\/wp-json\/wp\/v2\/product_brand?post=7263"},{"taxonomy":"product_cat","embeddable":true,"href":"https:\/\/yohannaa.com\/no\/wp-json\/wp\/v2\/product_cat?post=7263"},{"taxonomy":"product_tag","embeddable":true,"href":"https:\/\/yohannaa.com\/no\/wp-json\/wp\/v2\/product_tag?post=7263"}],"curies":[{"name":"wp","href":"https:\/\/api.w.org\/{rel}","templated":true}]}}