{"id":7262,"date":"2024-10-24T17:25:07","date_gmt":"2024-10-24T17:25:07","guid":{"rendered":"https:\/\/yohannaa.com\/product\/manuka-honning-og-mafura-oil-intensive-hydration-leave-in-milk\/"},"modified":"2024-10-24T17:25:07","modified_gmt":"2024-10-24T17:25:07","slug":"manuka-honning-og-mafura-oil-intensive-hydration-leave-in-milk","status":"publish","type":"product","link":"https:\/\/yohannaa.com\/no\/shop\/harpleie\/balsam\/leave-in-balsam\/manuka-honning-og-mafura-oil-intensive-hydration-leave-in-milk\/","title":{"rendered":"Manuka Honning og Mafura Oil Intensive Hydration Leave In Milk"},"content":{"rendered":"<p>Gi h\u00e5ret som t\u00f8rster etter mer fuktighet en dyp fuktkur med SheaMoisture Manuka Honey &amp; Mafura Oil Intensive Hydration Leave-In Milk. Denne helbredende blandingen av Manuka Honey og Mafura Oil l\u00f8sner h\u00e5ret uten problemer etter en sjampo eller under en co-wash, og gir \u00f8yeblikkelig nok glid til \u00e5 forbedre h\u00e5ndterbarheten for enklere naturlig styling. Ideell for \u00e5 tilf\u00f8re mer fuktighet til h\u00e5rsekkene som er t\u00f8rre, livl\u00f8se eller str\u00e5lignende i utseende og f\u00f8lelse. Denne intensivt fuktighetsgivende leave-in-melken inneholder sertifisert \u00f8kologisk sheasm\u00f8r, honning, mafura- og baobabolje blandet i en fantastisk n\u00e6ringsrik formulering som pleier ultrat\u00f8rre h\u00e5rstr\u00e5 og hjelper h\u00e5ret med \u00e5 gjenvinne mykhet, fylde og glans. Gir \u00f8yeblikkelig et vakkert og sunt h\u00e5r, spesielt n\u00e5r det brukes sammen med v\u00e5r Manuka Honey &amp; Mafura Oil Shampoo.  <\/p>\n","protected":false},"excerpt":{"rendered":"<p>Gi h\u00e5ret som t\u00f8rster etter mer fuktighet en dyp fuktkur med SheaMoisture Manuka Honey &amp; Mafura Oil Intensive Hydration Leave-In Milk.<\/p>\n","protected":false},"featured_media":6976,"comment_status":"open","ping_status":"closed","template":"","meta":[],"product_brand":[1246,1310],"product_cat":[1489,1488,1490],"product_tag":[1579,1467],"class_list":{"0":"post-7262","1":"product","2":"type-product","3":"status-publish","4":"has-post-thumbnail","6":"product_brand-shea-moisture","7":"product_brand-shea-moisture-manuka-honey-and-mafura-oil","8":"product_cat-balsam","9":"product_cat-harpleie","10":"product_cat-leave-in-balsam","11":"product_tag-fuktighet-i-haret","12":"product_tag-harpleie","14":"first","15":"instock","16":"shipping-taxable","17":"purchasable","18":"product-type-simple"},"_links":{"self":[{"href":"https:\/\/yohannaa.com\/no\/wp-json\/wp\/v2\/product\/7262","targetHints":{"allow":["GET"]}}],"collection":[{"href":"https:\/\/yohannaa.com\/no\/wp-json\/wp\/v2\/product"}],"about":[{"href":"https:\/\/yohannaa.com\/no\/wp-json\/wp\/v2\/types\/product"}],"replies":[{"embeddable":true,"href":"https:\/\/yohannaa.com\/no\/wp-json\/wp\/v2\/comments?post=7262"}],"wp:featuredmedia":[{"embeddable":true,"href":"https:\/\/yohannaa.com\/no\/wp-json\/wp\/v2\/media\/6976"}],"wp:attachment":[{"href":"https:\/\/yohannaa.com\/no\/wp-json\/wp\/v2\/media?parent=7262"}],"wp:term":[{"taxonomy":"product_brand","embeddable":true,"href":"https:\/\/yohannaa.com\/no\/wp-json\/wp\/v2\/product_brand?post=7262"},{"taxonomy":"product_cat","embeddable":true,"href":"https:\/\/yohannaa.com\/no\/wp-json\/wp\/v2\/product_cat?post=7262"},{"taxonomy":"product_tag","embeddable":true,"href":"https:\/\/yohannaa.com\/no\/wp-json\/wp\/v2\/product_tag?post=7262"}],"curies":[{"name":"wp","href":"https:\/\/api.w.org\/{rel}","templated":true}]}}