{"id":7251,"date":"2024-10-25T14:59:33","date_gmt":"2024-10-25T14:59:33","guid":{"rendered":"https:\/\/yohannaa.com\/product\/olivia-shewit-100-syntetisk-fletteforlengelse-av-forsteklasses-kvalitet\/"},"modified":"2024-10-25T14:59:33","modified_gmt":"2024-10-25T14:59:33","slug":"olivia-shewit-100-syntetisk-fletteforlengelse-av-forsteklasses-kvalitet","status":"publish","type":"product","link":"https:\/\/yohannaa.com\/no\/shop\/harforlengelser\/flette-harforlengelser\/kanekalon-og-jumbo-braids\/olivia-shewit-100-syntetisk-fletteforlengelse-av-forsteklasses-kvalitet\/","title":{"rendered":"Olivia Shewit 100% syntetisk fletteforlengelse av f\u00f8rsteklasses kvalitet"},"content":{"rendered":"<p><span class=\"\">Olivia Shewit 100% Premium Quality Braided Extension er et superlett syntetisk h\u00e5r som er enkelt \u00e5 flette og mykt p\u00e5 fingrene.  <\/span><\/p>\n<p><span class=\"\">I tillegg er h\u00e5ret 100 % flokefritt og glir luksuri\u00f8st gjennom h\u00e5ret n\u00e5r du kjemmer det, noe som gir det f\u00f8lelsen og utseendet til ekte h\u00e5r. Den unike designen skaper den mest fasjonable frisyren og gj\u00f8r deg mer sjarmerende <\/span>.<\/p>\n<p>&nbsp;<\/p>\n","protected":false},"excerpt":{"rendered":"<p>Shewit Style har massevis av ideer for h\u00e5r stil m\u00f8nster. Det finnes en m\u00e5te for alle typer kr\u00f8ller \u00e5 se fantastiske ut til enhver tid. Alt du trenger er litt inspirasjon og de magiske hendene til en profesjonell stylist.  <\/p>\n","protected":false},"featured_media":6984,"comment_status":"open","ping_status":"closed","template":"","meta":[],"product_brand":[1251],"product_cat":[1554,1553,1564,1557],"product_tag":[1558],"class_list":{"0":"post-7251","1":"product","2":"type-product","3":"status-publish","4":"has-post-thumbnail","6":"product_brand-olivia","7":"product_cat-flette-harforlengelser","8":"product_cat-harforlengelser","9":"product_cat-kanekalon-og-jumbo-braids","10":"product_cat-spetra-fletter","11":"product_tag-harforlengelser","13":"first","14":"instock","15":"featured","16":"shipping-taxable","17":"purchasable","18":"product-type-variable"},"_links":{"self":[{"href":"https:\/\/yohannaa.com\/no\/wp-json\/wp\/v2\/product\/7251","targetHints":{"allow":["GET"]}}],"collection":[{"href":"https:\/\/yohannaa.com\/no\/wp-json\/wp\/v2\/product"}],"about":[{"href":"https:\/\/yohannaa.com\/no\/wp-json\/wp\/v2\/types\/product"}],"replies":[{"embeddable":true,"href":"https:\/\/yohannaa.com\/no\/wp-json\/wp\/v2\/comments?post=7251"}],"wp:featuredmedia":[{"embeddable":true,"href":"https:\/\/yohannaa.com\/no\/wp-json\/wp\/v2\/media\/6984"}],"wp:attachment":[{"href":"https:\/\/yohannaa.com\/no\/wp-json\/wp\/v2\/media?parent=7251"}],"wp:term":[{"taxonomy":"product_brand","embeddable":true,"href":"https:\/\/yohannaa.com\/no\/wp-json\/wp\/v2\/product_brand?post=7251"},{"taxonomy":"product_cat","embeddable":true,"href":"https:\/\/yohannaa.com\/no\/wp-json\/wp\/v2\/product_cat?post=7251"},{"taxonomy":"product_tag","embeddable":true,"href":"https:\/\/yohannaa.com\/no\/wp-json\/wp\/v2\/product_tag?post=7251"}],"curies":[{"name":"wp","href":"https:\/\/api.w.org\/{rel}","templated":true}]}}