{"id":7250,"date":"2024-10-25T21:50:08","date_gmt":"2024-10-25T21:50:08","guid":{"rendered":"https:\/\/yohannaa.com\/product\/manuka-honning-og-yoghurt-hydrate-repair-conditioner\/"},"modified":"2024-10-25T21:50:08","modified_gmt":"2024-10-25T21:50:08","slug":"manuka-honning-og-yoghurt-hydrate-repair-conditioner","status":"publish","type":"product","link":"https:\/\/yohannaa.com\/no\/shop\/harpleie\/balsam\/volumgivende-balsam\/manuka-honning-og-yoghurt-hydrate-repair-conditioner\/","title":{"rendered":"Manuka honning og yoghurt Hydrate Repair Conditioner"},"content":{"rendered":"<p>SheaMoistures Manuka Honey &amp; Yogurt Hydrate + Repair Conditioner med Mafura- og Baobab-oljer mykgj\u00f8r, l\u00f8sner og tilf\u00f8rer \u00f8yeblikkelig intensiv fuktighet til slitt h\u00e5r. Balsamen masseres inn i rent, v\u00e5tt h\u00e5r fra r\u00f8tter til tupper. La virke i opptil 3 minutter, og skyll deretter ut. Style h\u00e5ret som \u00f8nsket. For best resultat, bruk etter rensing med v\u00e5r HYDRATE + REPAIR SHAMPOO.<\/p>\n","protected":false},"excerpt":{"rendered":"<p>SheaMoistures Manuka Honey &amp; Yogurt Hydrate + Repair Conditioner med Mafura- og Baobab-oljer mykgj\u00f8r, l\u00f8sner og tilf\u00f8rer \u00f8yeblikkelig intensiv fuktighet til slitt h\u00e5r.<\/p>\n","protected":false},"featured_media":6979,"comment_status":"open","ping_status":"closed","template":"","meta":[],"product_brand":[1246,1311],"product_cat":[1489,1488,1569],"product_tag":[],"class_list":{"0":"post-7250","1":"product","2":"type-product","3":"status-publish","4":"has-post-thumbnail","6":"product_brand-shea-moisture","7":"product_brand-shea-moisture-manuka-honey-and-yogurt","8":"product_cat-balsam","9":"product_cat-harpleie","10":"product_cat-volumgivende-balsam","12":"first","13":"instock","14":"shipping-taxable","15":"purchasable","16":"product-type-simple"},"_links":{"self":[{"href":"https:\/\/yohannaa.com\/no\/wp-json\/wp\/v2\/product\/7250","targetHints":{"allow":["GET"]}}],"collection":[{"href":"https:\/\/yohannaa.com\/no\/wp-json\/wp\/v2\/product"}],"about":[{"href":"https:\/\/yohannaa.com\/no\/wp-json\/wp\/v2\/types\/product"}],"replies":[{"embeddable":true,"href":"https:\/\/yohannaa.com\/no\/wp-json\/wp\/v2\/comments?post=7250"}],"wp:featuredmedia":[{"embeddable":true,"href":"https:\/\/yohannaa.com\/no\/wp-json\/wp\/v2\/media\/6979"}],"wp:attachment":[{"href":"https:\/\/yohannaa.com\/no\/wp-json\/wp\/v2\/media?parent=7250"}],"wp:term":[{"taxonomy":"product_brand","embeddable":true,"href":"https:\/\/yohannaa.com\/no\/wp-json\/wp\/v2\/product_brand?post=7250"},{"taxonomy":"product_cat","embeddable":true,"href":"https:\/\/yohannaa.com\/no\/wp-json\/wp\/v2\/product_cat?post=7250"},{"taxonomy":"product_tag","embeddable":true,"href":"https:\/\/yohannaa.com\/no\/wp-json\/wp\/v2\/product_tag?post=7250"}],"curies":[{"name":"wp","href":"https:\/\/api.w.org\/{rel}","templated":true}]}}