{"id":7249,"date":"2024-10-25T10:16:40","date_gmt":"2024-10-25T10:16:40","guid":{"rendered":"https:\/\/yohannaa.com\/product\/olivia-yohanna-100-syntetisk-fletteforlengelse-av-forsteklasses-kvalitet\/"},"modified":"2024-10-25T10:16:40","modified_gmt":"2024-10-25T10:16:40","slug":"olivia-yohanna-100-syntetisk-fletteforlengelse-av-forsteklasses-kvalitet","status":"publish","type":"product","link":"https:\/\/yohannaa.com\/no\/shop\/harforlengelser\/flette-harforlengelser\/afro-kinky-fletter\/olivia-yohanna-100-syntetisk-fletteforlengelse-av-forsteklasses-kvalitet\/","title":{"rendered":"Olivia Yohanna 100% syntetisk fletteforlengelse av f\u00f8rsteklasses kvalitet"},"content":{"rendered":"<p><span class=\"\">Olivia Yohanna 100% Premium Quality Braided Extension er et superlett syntetisk h\u00e5r som er enkelt \u00e5 flette og mykt p\u00e5 fingrene.  <\/span><\/p>\n<p><span class=\"\">I tillegg er h\u00e5ret 100 % flokefritt og glir luksuri\u00f8st gjennom h\u00e5ret n\u00e5r du kjemmer det, noe som gir det f\u00f8lelsen og utseendet til ekte h\u00e5r. Den unike designen skaper den mest fasjonable frisyren og gj\u00f8r deg mer sjarmerende <\/span>.<\/p>\n<p>&nbsp;<\/p>\n","protected":false},"excerpt":{"rendered":"<p><span class=\"\">Olivia Shewit 100% Premium Quality Braided Extension er et superlett syntetisk h\u00e5r som er enkelt \u00e5 flette og mykt p\u00e5 fingrene.  <\/span><\/p>\n","protected":false},"featured_media":6986,"comment_status":"open","ping_status":"closed","template":"","meta":[],"product_brand":[1251],"product_cat":[1566,1554,1555,1553],"product_tag":[1568,1558],"class_list":{"0":"post-7249","1":"product","2":"type-product","3":"status-publish","4":"has-post-thumbnail","6":"product_brand-olivia","7":"product_cat-afro-kinky-fletter","8":"product_cat-flette-harforlengelser","9":"product_cat-fletter-i-krollete-har","10":"product_cat-harforlengelser","11":"product_tag-fletter-av-syntetisk-har","12":"product_tag-harforlengelser","14":"first","15":"instock","16":"shipping-taxable","17":"purchasable","18":"product-type-simple"},"_links":{"self":[{"href":"https:\/\/yohannaa.com\/no\/wp-json\/wp\/v2\/product\/7249","targetHints":{"allow":["GET"]}}],"collection":[{"href":"https:\/\/yohannaa.com\/no\/wp-json\/wp\/v2\/product"}],"about":[{"href":"https:\/\/yohannaa.com\/no\/wp-json\/wp\/v2\/types\/product"}],"replies":[{"embeddable":true,"href":"https:\/\/yohannaa.com\/no\/wp-json\/wp\/v2\/comments?post=7249"}],"wp:featuredmedia":[{"embeddable":true,"href":"https:\/\/yohannaa.com\/no\/wp-json\/wp\/v2\/media\/6986"}],"wp:attachment":[{"href":"https:\/\/yohannaa.com\/no\/wp-json\/wp\/v2\/media?parent=7249"}],"wp:term":[{"taxonomy":"product_brand","embeddable":true,"href":"https:\/\/yohannaa.com\/no\/wp-json\/wp\/v2\/product_brand?post=7249"},{"taxonomy":"product_cat","embeddable":true,"href":"https:\/\/yohannaa.com\/no\/wp-json\/wp\/v2\/product_cat?post=7249"},{"taxonomy":"product_tag","embeddable":true,"href":"https:\/\/yohannaa.com\/no\/wp-json\/wp\/v2\/product_tag?post=7249"}],"curies":[{"name":"wp","href":"https:\/\/api.w.org\/{rel}","templated":true}]}}