{"id":7248,"date":"2024-10-25T15:58:24","date_gmt":"2024-10-25T15:58:24","guid":{"rendered":"https:\/\/yohannaa.com\/product\/shea-moisture-manuka-honey-yogurt-hydrate-recover-shampoo\/"},"modified":"2024-10-25T15:58:24","modified_gmt":"2024-10-25T15:58:24","slug":"shea-moisture-manuka-honey-yogurt-hydrate-recover-shampoo","status":"publish","type":"product","link":"https:\/\/yohannaa.com\/no\/shop\/harpleie\/sjampo\/fuktighetsgivende-sjampo\/shea-moisture-manuka-honey-yogurt-hydrate-recover-shampoo\/","title":{"rendered":"Shea Moisture Manuka Honey &amp; Yogurt Hydrate &amp; Recover Shampoo"},"content":{"rendered":"<p>Gi h\u00e5ret en grundig rens med Shea Moisture Manuka Honey &amp; Yogurt Hydrate &amp; Recover Shampoo. Denne sulfatfrie h\u00e5rrenseren fjerner effektivt urenheter samtidig som den tilf\u00f8rer h\u00e5ret intensiv fuktighet, gjenoppbyggende proteiner og glansforbedrende n\u00e6ringsstoffer. Den reparerende formelen er formulert med en styrkende, ultra-fuktighetsgivende blanding av sertifisert \u00f8kologisk sheasm\u00f8r, manukahonning og yoghurt, og forvandler grovt, spr\u00f8tt h\u00e5r med synlig forbedret glatthet, tekstur og h\u00e5ndterbarhet.<\/p>\n<p><b>Hva kan Shea Moisture manuka honning og yoghurt sjampo gj\u00f8re for h\u00e5ret mitt? :<\/b><\/p>\n<p>Shea Moisture Manuka Honey and Yoghurt Shampoo bidrar til \u00e5 holde p\u00e5 fuktigheten og gjenopprette viktige n\u00e6ringsstoffer i h\u00e5r og hodebunn. Du vil merke fordelene fra f\u00f8rste vask, inkludert mykere og glattere h\u00e5r. Den hjelper deg med \u00e5 f\u00e5 bukt med krus og gj\u00f8r det lettere \u00e5 kontrollere kr\u00f8llene eller b\u00f8lgene dine og style dem slik du \u00f8nsker.  <\/p>\n","protected":false},"excerpt":{"rendered":"<p>Gi h\u00e5ret en grundig rens med Shea Moisture Manuka Honey &amp; Yogurt Hydrate &amp; Recover Shampoo. Denne sulfatfrie h\u00e5rrenseren fjerner effektivt urenheter samtidig som den tilf\u00f8rer h\u00e5ret intensiv fuktighet, gjenoppbyggende proteiner og glansforbedrende n\u00e6ringsstoffer. <\/p>\n","protected":false},"featured_media":6980,"comment_status":"open","ping_status":"closed","template":"","meta":[],"product_brand":[1246,1311],"product_cat":[1534,1488,1463],"product_tag":[1467,1540],"class_list":{"0":"post-7248","1":"product","2":"type-product","3":"status-publish","4":"has-post-thumbnail","6":"product_brand-shea-moisture","7":"product_brand-shea-moisture-manuka-honey-and-yogurt","8":"product_cat-fuktighetsgivende-sjampo","9":"product_cat-harpleie","10":"product_cat-sjampo","11":"product_tag-harpleie","12":"product_tag-sjampo-for-harpleie","14":"first","15":"instock","16":"featured","17":"shipping-taxable","18":"purchasable","19":"product-type-simple"},"_links":{"self":[{"href":"https:\/\/yohannaa.com\/no\/wp-json\/wp\/v2\/product\/7248","targetHints":{"allow":["GET"]}}],"collection":[{"href":"https:\/\/yohannaa.com\/no\/wp-json\/wp\/v2\/product"}],"about":[{"href":"https:\/\/yohannaa.com\/no\/wp-json\/wp\/v2\/types\/product"}],"replies":[{"embeddable":true,"href":"https:\/\/yohannaa.com\/no\/wp-json\/wp\/v2\/comments?post=7248"}],"wp:featuredmedia":[{"embeddable":true,"href":"https:\/\/yohannaa.com\/no\/wp-json\/wp\/v2\/media\/6980"}],"wp:attachment":[{"href":"https:\/\/yohannaa.com\/no\/wp-json\/wp\/v2\/media?parent=7248"}],"wp:term":[{"taxonomy":"product_brand","embeddable":true,"href":"https:\/\/yohannaa.com\/no\/wp-json\/wp\/v2\/product_brand?post=7248"},{"taxonomy":"product_cat","embeddable":true,"href":"https:\/\/yohannaa.com\/no\/wp-json\/wp\/v2\/product_cat?post=7248"},{"taxonomy":"product_tag","embeddable":true,"href":"https:\/\/yohannaa.com\/no\/wp-json\/wp\/v2\/product_tag?post=7248"}],"curies":[{"name":"wp","href":"https:\/\/api.w.org\/{rel}","templated":true}]}}