{"id":7242,"date":"2024-10-24T09:43:45","date_gmt":"2024-10-24T09:43:45","guid":{"rendered":"https:\/\/yohannaa.com\/product\/olivia-luwam-100-syntetisk-fletteforlengelse-av-forsteklasses-kvalitet\/"},"modified":"2024-10-24T09:43:45","modified_gmt":"2024-10-24T09:43:45","slug":"olivia-luwam-100-syntetisk-fletteforlengelse-av-forsteklasses-kvalitet","status":"publish","type":"product","link":"https:\/\/yohannaa.com\/no\/shop\/harforlengelser\/flette-harforlengelser\/kanekalon-og-jumbo-braids\/olivia-luwam-100-syntetisk-fletteforlengelse-av-forsteklasses-kvalitet\/","title":{"rendered":"Olivia Luwam 100% syntetisk fletteforlengelse av f\u00f8rsteklasses kvalitet"},"content":{"rendered":"<p><span class=\"\">Olivia Luwam 100% Premium Quality Braided Extension er et superlett syntetisk h\u00e5r som er enkelt \u00e5 flette og mykt p\u00e5 fingrene.  <\/span><\/p>\n<p>I tillegg er h\u00e5ret 100 % flokefritt og glir luksuri\u00f8st gjennom h\u00e5ret n\u00e5r det kjemmes, noe som gir det f\u00f8lelsen og utseendet til ekte h\u00e5r. Den unike designen skaper den mest fasjonable frisyren og gj\u00f8r deg mer sjarmerende. <\/p>\n","protected":false},"excerpt":{"rendered":"<p><span class=\"\">Olivia Luwam 100% Premium Quality Braided Extension er et superlett syntetisk h\u00e5r som er enkelt \u00e5 flette og mykt p\u00e5 fingrene.  <\/span><\/p>\n","protected":false},"featured_media":6988,"comment_status":"open","ping_status":"closed","template":"","meta":[],"product_brand":[1251],"product_cat":[1554,1553,1564],"product_tag":[1558],"class_list":{"0":"post-7242","1":"product","2":"type-product","3":"status-publish","4":"has-post-thumbnail","6":"product_brand-olivia","7":"product_cat-flette-harforlengelser","8":"product_cat-harforlengelser","9":"product_cat-kanekalon-og-jumbo-braids","10":"product_tag-harforlengelser","12":"first","13":"instock","14":"featured","15":"shipping-taxable","16":"purchasable","17":"product-type-variable"},"_links":{"self":[{"href":"https:\/\/yohannaa.com\/no\/wp-json\/wp\/v2\/product\/7242","targetHints":{"allow":["GET"]}}],"collection":[{"href":"https:\/\/yohannaa.com\/no\/wp-json\/wp\/v2\/product"}],"about":[{"href":"https:\/\/yohannaa.com\/no\/wp-json\/wp\/v2\/types\/product"}],"replies":[{"embeddable":true,"href":"https:\/\/yohannaa.com\/no\/wp-json\/wp\/v2\/comments?post=7242"}],"wp:featuredmedia":[{"embeddable":true,"href":"https:\/\/yohannaa.com\/no\/wp-json\/wp\/v2\/media\/6988"}],"wp:attachment":[{"href":"https:\/\/yohannaa.com\/no\/wp-json\/wp\/v2\/media?parent=7242"}],"wp:term":[{"taxonomy":"product_brand","embeddable":true,"href":"https:\/\/yohannaa.com\/no\/wp-json\/wp\/v2\/product_brand?post=7242"},{"taxonomy":"product_cat","embeddable":true,"href":"https:\/\/yohannaa.com\/no\/wp-json\/wp\/v2\/product_cat?post=7242"},{"taxonomy":"product_tag","embeddable":true,"href":"https:\/\/yohannaa.com\/no\/wp-json\/wp\/v2\/product_tag?post=7242"}],"curies":[{"name":"wp","href":"https:\/\/api.w.org\/{rel}","templated":true}]}}