{"id":7241,"date":"2024-10-23T16:46:47","date_gmt":"2024-10-23T16:46:47","guid":{"rendered":"https:\/\/yohannaa.com\/product\/original-africas-best-cholesterol-tea-tree-oil-conditioner\/"},"modified":"2024-10-23T16:46:47","modified_gmt":"2024-10-23T16:46:47","slug":"original-africas-best-cholesterol-tea-tree-oil-conditioner","status":"publish","type":"product","link":"https:\/\/yohannaa.com\/no\/shop\/harpleie\/balsam\/leave-in-balsam\/original-africas-best-cholesterol-tea-tree-oil-conditioner\/","title":{"rendered":"Original Africa&#8217;s Best Cholesterol Tea-tree Oil Conditioner"},"content":{"rendered":"<p>For \u00e5 \u00f8ke oljeinnholdet i h\u00e5ret og mette behovet for n\u00e6ring, er <strong>Original Africa&#8217;s Best Cholesterol Tea-Tree Oil Conditioner<\/strong> et godt alternativ som kan gj\u00f8re h\u00e5rstr\u00e5ene glatte og sunnere. Det hjelper ogs\u00e5 med \u00e5 tilf\u00f8re fuktighet til dem. Det gj\u00f8r h\u00e5ret veldig enkelt \u00e5 h\u00e5ndtere ved \u00e5 drepe krus og r\u00f8ttene blir helbredet for \u00e5 f\u00e5 myke, silkeaktige tr\u00e5der.  <\/p>\n<p><strong>N\u00f8kkelfunksjoner:<\/strong><\/p>\n<ul>\n<li>Den pleier h\u00e5ret og gj\u00f8r det veldig mykt, uten \u00e5 f\u00f8ne det.<\/li>\n<li>Det f\u00e5r h\u00e5ret til \u00e5 se tykt ut og gir volum, med oljeinnholdet i det.<\/li>\n<li>Den etterlater ikke h\u00e5ret fettete og holder det lett.<\/li>\n<\/ul>\n<p><strong>H\u00e5rtype: <\/strong>Grovt, normalt, fint, kr\u00f8llete og b\u00f8lget, fet, alle typer <strong>N\u00f8kkelingredienser <\/strong>: Tea Tree Oil <strong>Kj\u00f8nn: <\/strong>Henne<\/p>\n<p><strong>Slik bruker du den:<\/strong><\/p>\n<ul>\n<li>P\u00e5f\u00f8r Original Africa&#8217;s Best Cholesterol Tea-Tree Oil Conditioner i h\u00e5ret<\/li>\n<li>Masser det inn i h\u00e5ret<\/li>\n<li>Kam h\u00e5ret ditt<\/li>\n<li>Sett h\u00e5ret som vanlig<\/li>\n<\/ul>\n","protected":false},"excerpt":{"rendered":"<p>For \u00e5 \u00f8ke oljeinnholdet i h\u00e5ret og mette dets behov for n\u00e6ring, er <strong>Original Africa&#8217;s Best Cholesterol Tea-Tree Oil Conditioner<\/strong> et godt alternativ som kan gj\u00f8re h\u00e5rstr\u00e5ene glatte og sunnere<\/p>\n","protected":false},"featured_media":7003,"comment_status":"open","ping_status":"closed","template":"","meta":[],"product_brand":[1314,1315],"product_cat":[1489,1488,1490,1544],"product_tag":[1546,1467],"class_list":{"0":"post-7241","1":"product","2":"type-product","3":"status-publish","4":"has-post-thumbnail","6":"product_brand-africas-best","7":"product_brand-africas-best-originals","8":"product_cat-balsam","9":"product_cat-harpleie","10":"product_cat-leave-in-balsam","11":"product_cat-strengthening-n-thickening-conditioner-no","12":"product_tag-balsam-for-harpleie","13":"product_tag-harpleie","15":"first","16":"instock","17":"shipping-taxable","18":"purchasable","19":"product-type-simple"},"_links":{"self":[{"href":"https:\/\/yohannaa.com\/no\/wp-json\/wp\/v2\/product\/7241","targetHints":{"allow":["GET"]}}],"collection":[{"href":"https:\/\/yohannaa.com\/no\/wp-json\/wp\/v2\/product"}],"about":[{"href":"https:\/\/yohannaa.com\/no\/wp-json\/wp\/v2\/types\/product"}],"replies":[{"embeddable":true,"href":"https:\/\/yohannaa.com\/no\/wp-json\/wp\/v2\/comments?post=7241"}],"wp:featuredmedia":[{"embeddable":true,"href":"https:\/\/yohannaa.com\/no\/wp-json\/wp\/v2\/media\/7003"}],"wp:attachment":[{"href":"https:\/\/yohannaa.com\/no\/wp-json\/wp\/v2\/media?parent=7241"}],"wp:term":[{"taxonomy":"product_brand","embeddable":true,"href":"https:\/\/yohannaa.com\/no\/wp-json\/wp\/v2\/product_brand?post=7241"},{"taxonomy":"product_cat","embeddable":true,"href":"https:\/\/yohannaa.com\/no\/wp-json\/wp\/v2\/product_cat?post=7241"},{"taxonomy":"product_tag","embeddable":true,"href":"https:\/\/yohannaa.com\/no\/wp-json\/wp\/v2\/product_tag?post=7241"}],"curies":[{"name":"wp","href":"https:\/\/api.w.org\/{rel}","templated":true}]}}