{"id":7234,"date":"2024-10-25T00:43:19","date_gmt":"2024-10-25T00:43:19","guid":{"rendered":"https:\/\/yohannaa.com\/product\/olivia-afri-braid-premium-kvalitet-syntetisk-fletteforlengelse\/"},"modified":"2024-10-25T00:43:19","modified_gmt":"2024-10-25T00:43:19","slug":"olivia-afri-braid-premium-kvalitet-syntetisk-fletteforlengelse","status":"publish","type":"product","link":"https:\/\/yohannaa.com\/no\/shop\/harforlengelser\/flette-harforlengelser\/fletter-i-krollete-har\/olivia-afri-braid-premium-kvalitet-syntetisk-fletteforlengelse\/","title":{"rendered":"Olivia Afri Braid Premium kvalitet syntetisk fletteforlengelse"},"content":{"rendered":"<p><strong>Olivia Afri Braid 100 % varmtvannsbruk for allsidige stiler<\/strong><\/p>\n<p>Afri Braid gir deg den komforten parykker eller p\u00e5sydde frisyrer ikke kan gi deg. Du trenger ikke b\u00f8rste eller flette stress. N\u00e5r du har ristet av deg flettene, kan du enkelt svinge dem fra side til side.  <\/p>\n<p><span class=\"\">Olivia Afri Braid 100% Premium Quality Braided Extension er et superlett syntetisk h\u00e5r som er enkelt \u00e5 flette og mykt p\u00e5 fingrene.  <\/span><\/p>\n<p>I tillegg er h\u00e5ret 100 % flokefritt og glir luksuri\u00f8st gjennom h\u00e5ret n\u00e5r det kjemmes, noe som gir det f\u00f8lelsen og utseendet til ekte h\u00e5r. Den unike designen skaper den mest fasjonable frisyren og gj\u00f8r deg mer sjarmerende. <\/p>\n","protected":false},"excerpt":{"rendered":"<p><strong>Olivia Afri Braid 100 % varmtvannsbruk for allsidige stiler<\/strong><\/p>\n<p>Afri Braid gir deg den komforten parykker eller p\u00e5sydde frisyrer ikke kan gi deg. Du trenger ikke b\u00f8rste eller flette stress. N\u00e5r du har ristet av deg flettene, kan du enkelt svinge dem fra side til side.  <\/p>\n<p>&nbsp;<\/p>\n","protected":false},"featured_media":6990,"comment_status":"open","ping_status":"closed","template":"","meta":[],"product_brand":[1251],"product_cat":[1554,1555,1553,1556,1557],"product_tag":[1558],"class_list":{"0":"post-7234","1":"product","2":"type-product","3":"status-publish","4":"has-post-thumbnail","6":"product_brand-olivia","7":"product_cat-flette-harforlengelser","8":"product_cat-fletter-i-krollete-har","9":"product_cat-harforlengelser","10":"product_cat-marley-twist-og-loc-fletter","11":"product_cat-spetra-fletter","12":"product_tag-harforlengelser","14":"first","15":"instock","16":"featured","17":"shipping-taxable","18":"purchasable","19":"product-type-variable"},"_links":{"self":[{"href":"https:\/\/yohannaa.com\/no\/wp-json\/wp\/v2\/product\/7234","targetHints":{"allow":["GET"]}}],"collection":[{"href":"https:\/\/yohannaa.com\/no\/wp-json\/wp\/v2\/product"}],"about":[{"href":"https:\/\/yohannaa.com\/no\/wp-json\/wp\/v2\/types\/product"}],"replies":[{"embeddable":true,"href":"https:\/\/yohannaa.com\/no\/wp-json\/wp\/v2\/comments?post=7234"}],"wp:featuredmedia":[{"embeddable":true,"href":"https:\/\/yohannaa.com\/no\/wp-json\/wp\/v2\/media\/6990"}],"wp:attachment":[{"href":"https:\/\/yohannaa.com\/no\/wp-json\/wp\/v2\/media?parent=7234"}],"wp:term":[{"taxonomy":"product_brand","embeddable":true,"href":"https:\/\/yohannaa.com\/no\/wp-json\/wp\/v2\/product_brand?post=7234"},{"taxonomy":"product_cat","embeddable":true,"href":"https:\/\/yohannaa.com\/no\/wp-json\/wp\/v2\/product_cat?post=7234"},{"taxonomy":"product_tag","embeddable":true,"href":"https:\/\/yohannaa.com\/no\/wp-json\/wp\/v2\/product_tag?post=7234"}],"curies":[{"name":"wp","href":"https:\/\/api.w.org\/{rel}","templated":true}]}}