{"id":7233,"date":"2024-10-25T21:54:09","date_gmt":"2024-10-25T21:54:09","guid":{"rendered":"https:\/\/yohannaa.com\/product\/original-africas-best-hair-mayonnaise\/"},"modified":"2025-05-16T22:43:29","modified_gmt":"2025-05-16T22:43:29","slug":"original-africas-best-hair-mayonnaise","status":"publish","type":"product","link":"https:\/\/yohannaa.com\/no\/shop\/harpleie\/behandlinger\/harmajones\/original-africas-best-hair-mayonnaise\/","title":{"rendered":"Original Africa&#8217;s Best Hair Mayonnaise"},"content":{"rendered":"<p>Slapp av i h\u00e5ret med <strong>Original Africa&#8217;s Best Hair Mayonnaise<\/strong>, som ikke bare helbreder skadede h\u00e5rr\u00f8tter, men som ogs\u00e5 gj\u00f8r h\u00e5ret motstandsdyktig mot fremtidige skader. De \u00f8kologiske urtene i produktet gj\u00f8r h\u00e5ret sterkere og mer holdbart. I tillegg til vitamin- og proteininnholdet inneholder den en rekke andre mineraloljer og urteekstrakter som hjelper til med \u00e5 forynge hodebunnen og h\u00e5ret.  <\/p>\n<p><strong>N\u00f8kkelfunksjoner:<\/strong><\/p>\n<ul>\n<li>Det inneholder eggprotein som gj\u00f8r h\u00e5ret naturlig glatt og frizzfritt.<\/li>\n<li>H\u00e5ret blir ogs\u00e5 silkemykere og glattere ved konstant bruk.<\/li>\n<li>Olivenolje i den pleier h\u00e5ret og gj\u00f8r det ikke fettete.<\/li>\n<\/ul>\n<p><strong>H\u00e5rtype: <\/strong>Grovt, normalt, fint, kr\u00f8llete og b\u00f8lget, fet, alle typer<\/p>\n<p><strong>Kj\u00f8nn: <\/strong>Unisex<\/p>\n<p><strong>Slik bruker du den:<\/strong><\/p>\n<ul>\n<li>P\u00e5f\u00f8r Original Africa&#8217;s Best Hair Mayonnaise i h\u00e5ret.<\/li>\n<li>Masser det inn i h\u00e5ret<\/li>\n<li>Kam h\u00e5ret ditt<\/li>\n<li>Style h\u00e5ret ditt slik du \u00f8nsker<\/li>\n<\/ul>\n<div class=\"sc-AxirZ loxVcA\"><\/div>\n<div><\/div>\n","protected":false},"excerpt":{"rendered":"<p>Slapp av i h\u00e5ret med <strong>Original Africa&#8217;s Best Hair Mayonnaise<\/strong>, som ikke bare helbreder skadede h\u00e5rr\u00f8tter, men ogs\u00e5 gj\u00f8r h\u00e5ret motstandsdyktig mot fremtidige skader<\/p>\n","protected":false},"featured_media":9920,"comment_status":"open","ping_status":"closed","template":"","meta":[],"product_brand":[1314,1315],"product_cat":[1549,1550,1488,1538,1512,1536,1551],"product_tag":[1552,1467],"class_list":{"0":"post-7233","1":"product","2":"type-product","3":"status-publish","4":"has-post-thumbnail","6":"product_brand-africas-best","7":"product_brand-africas-best-originals","8":"product_cat-behandlinger","9":"product_cat-harmajones","10":"product_cat-harpleie","11":"product_cat-harpleie-for-menn","12":"product_cat-harstyling-for-menn","13":"product_cat-herre","14":"product_cat-stylingkremer-for-menn","15":"product_tag-harmajones","16":"product_tag-harpleie","18":"first","19":"instock","20":"shipping-taxable","21":"purchasable","22":"product-type-simple"},"_links":{"self":[{"href":"https:\/\/yohannaa.com\/no\/wp-json\/wp\/v2\/product\/7233","targetHints":{"allow":["GET"]}}],"collection":[{"href":"https:\/\/yohannaa.com\/no\/wp-json\/wp\/v2\/product"}],"about":[{"href":"https:\/\/yohannaa.com\/no\/wp-json\/wp\/v2\/types\/product"}],"replies":[{"embeddable":true,"href":"https:\/\/yohannaa.com\/no\/wp-json\/wp\/v2\/comments?post=7233"}],"wp:featuredmedia":[{"embeddable":true,"href":"https:\/\/yohannaa.com\/no\/wp-json\/wp\/v2\/media\/9920"}],"wp:attachment":[{"href":"https:\/\/yohannaa.com\/no\/wp-json\/wp\/v2\/media?parent=7233"}],"wp:term":[{"taxonomy":"product_brand","embeddable":true,"href":"https:\/\/yohannaa.com\/no\/wp-json\/wp\/v2\/product_brand?post=7233"},{"taxonomy":"product_cat","embeddable":true,"href":"https:\/\/yohannaa.com\/no\/wp-json\/wp\/v2\/product_cat?post=7233"},{"taxonomy":"product_tag","embeddable":true,"href":"https:\/\/yohannaa.com\/no\/wp-json\/wp\/v2\/product_tag?post=7233"}],"curies":[{"name":"wp","href":"https:\/\/api.w.org\/{rel}","templated":true}]}}