{"id":7232,"date":"2024-10-26T16:19:03","date_gmt":"2024-10-26T16:19:03","guid":{"rendered":"https:\/\/yohannaa.com\/product\/originals-africas-best-coconut-creme-leave-in-conditioner\/"},"modified":"2024-10-26T16:19:03","modified_gmt":"2024-10-26T16:19:03","slug":"originals-africas-best-coconut-creme-leave-in-conditioner","status":"publish","type":"product","link":"https:\/\/yohannaa.com\/no\/shop\/herre\/harpleie-for-menn\/balsam-for-menn\/originals-africas-best-coconut-creme-leave-in-conditioner\/","title":{"rendered":"Originals Africas Best Coconut Creme Leave-in Conditioner"},"content":{"rendered":"<p>H\u00e5ret ditt vil forelske seg i denne fuktighetsgivende sensasjonen! Kokosmelk, avokado-, druekjerne- og arganolje tilf\u00f8rer viktige n\u00e6ringsstoffer og langvarig fuktighet til t\u00f8rste h\u00e5rstr\u00e5. Denne fuktighetsbalanserende leave-in-blandingen gj\u00f8r h\u00e5ret klart for neste steg i stylingkuren. Reduser forekomsten av utemmet h\u00e5r som flyr av g\u00e5rde, og gled deg selv med merkbart glattere, mykere og smidigere h\u00e5r. Denne leave-in-behandlingen er et utmerket middel for \u00e5 holde beskyttende frisyrer godt hydrert, og fungerer for alle h\u00e5rtyper, teksturer og stiler. <strong>H\u00e5rtype:<\/strong> Grovt, normalt, fint, t\u00f8rt, kr\u00f8llete og b\u00f8lget, fet, alle typer, tynt h\u00e5r <strong>N\u00f8kkelingredienser <\/strong>: Aloe Vera, kokosmelk <strong>Kj\u00f8nn:<\/strong> Unisex    <\/p>\n","protected":false},"excerpt":{"rendered":"<p>H\u00e5ret ditt vil forelske seg i denne fuktighetsgivende sensasjonen! Kokosmelk, avokado-, druekjerne- og arganolje tilf\u00f8rer viktige n\u00e6ringsstoffer og langvarig fuktighet til t\u00f8rste h\u00e5rstr\u00e5. Denne fuktighetsbalanserende leave-in-blandingen gj\u00f8r h\u00e5ret klart for neste steg i stylingkuren.  <\/p>\n","protected":false},"featured_media":6999,"comment_status":"open","ping_status":"closed","template":"","meta":[],"product_brand":[1314,1315],"product_cat":[1489,1545,1488,1538,1536,1490],"product_tag":[1548,1467],"class_list":{"0":"post-7232","1":"product","2":"type-product","3":"status-publish","4":"has-post-thumbnail","6":"product_brand-africas-best","7":"product_brand-africas-best-originals","8":"product_cat-balsam","9":"product_cat-balsam-for-menn","10":"product_cat-harpleie","11":"product_cat-harpleie-for-menn","12":"product_cat-herre","13":"product_cat-leave-in-balsam","14":"product_tag-harbalsam-no","15":"product_tag-harpleie","17":"first","18":"instock","19":"featured","20":"shipping-taxable","21":"purchasable","22":"product-type-simple"},"_links":{"self":[{"href":"https:\/\/yohannaa.com\/no\/wp-json\/wp\/v2\/product\/7232","targetHints":{"allow":["GET"]}}],"collection":[{"href":"https:\/\/yohannaa.com\/no\/wp-json\/wp\/v2\/product"}],"about":[{"href":"https:\/\/yohannaa.com\/no\/wp-json\/wp\/v2\/types\/product"}],"replies":[{"embeddable":true,"href":"https:\/\/yohannaa.com\/no\/wp-json\/wp\/v2\/comments?post=7232"}],"wp:featuredmedia":[{"embeddable":true,"href":"https:\/\/yohannaa.com\/no\/wp-json\/wp\/v2\/media\/6999"}],"wp:attachment":[{"href":"https:\/\/yohannaa.com\/no\/wp-json\/wp\/v2\/media?parent=7232"}],"wp:term":[{"taxonomy":"product_brand","embeddable":true,"href":"https:\/\/yohannaa.com\/no\/wp-json\/wp\/v2\/product_brand?post=7232"},{"taxonomy":"product_cat","embeddable":true,"href":"https:\/\/yohannaa.com\/no\/wp-json\/wp\/v2\/product_cat?post=7232"},{"taxonomy":"product_tag","embeddable":true,"href":"https:\/\/yohannaa.com\/no\/wp-json\/wp\/v2\/product_tag?post=7232"}],"curies":[{"name":"wp","href":"https:\/\/api.w.org\/{rel}","templated":true}]}}