{"id":7231,"date":"2024-10-26T17:28:12","date_gmt":"2024-10-26T17:28:12","guid":{"rendered":"https:\/\/yohannaa.com\/product\/kids-originals-2-n-1-natural-conditioning-detangler\/"},"modified":"2024-10-26T17:28:12","modified_gmt":"2024-10-26T17:28:12","slug":"kids-originals-2-n-1-natural-conditioning-detangler","status":"publish","type":"product","link":"https:\/\/yohannaa.com\/no\/shop\/barn\/harpleie-for-barn\/balsam-for-barn\/kids-originals-2-n-1-natural-conditioning-detangler\/","title":{"rendered":"Kids Originals 2 N 1 Natural Conditioning Detangler"},"content":{"rendered":"<p><strong>Kids Original Africa&#8217;s Best 2-i-1 Natural Conditioning Detangler<\/strong> er en formel for barn som beskytter h\u00e5ret mot brudd. Denne lette, doble balsamen mot h\u00e5rknuter og floker gj\u00f8r det enklere \u00e5 b\u00f8rste h\u00e5ret med kam. Den er formulert med ekstra jomfruolivenolje og andre viktige naturlige balsamstoffer som etterlater h\u00e5ret mykt, glansfullt og utfiltret.  <\/p>\n<p><strong>N\u00f8kkelfunksjoner:<\/strong><\/p>\n<ul>\n<li>Dobbel formel for \u00e5 motvirke h\u00e5rknusing og l\u00f8sne h\u00e5ret<\/li>\n<li>Berik med ekstra jomfruolivenolje<\/li>\n<li>Etterlater h\u00e5ret mykt, silkeaktig og avfiltret<\/li>\n<\/ul>\n<p><strong>H\u00e5rtype: <\/strong>Normalt, t\u00f8rt, skadet h\u00e5r, h\u00e5rtap, alle typer <strong>N\u00f8kkelingredienser <\/strong>: Eteriske oljer <strong>Kj\u00f8nn: <\/strong>Unisex, Barn<\/p>\n<p><strong>Slik bruker du den:<\/strong><\/p>\n<ul>\n<li>P\u00e5f\u00f8r Kids Original Africa&#8217;s Best Soft Hold Styling Pomade And Hairdress i h\u00e5ret<\/li>\n<li>Masser det inn i h\u00e5ret fra h\u00e5rr\u00f8ttene til h\u00e5rspissene<\/li>\n<li>Kam h\u00e5ret for jevn fordeling<\/li>\n<li>Sett h\u00e5ret slik du \u00f8nsker<\/li>\n<\/ul>\n","protected":false},"excerpt":{"rendered":"<p><strong>Kids Original Africa&#8217;s Best 2-i-1 Natural Conditioning Detangler<\/strong> er en formel for barn som beskytter h\u00e5ret mot brudd. Denne lette, doble balsamen mot h\u00e5rknuter og floker gj\u00f8r det enklere \u00e5 b\u00f8rste h\u00e5ret med kam. <\/p>\n","protected":false},"featured_media":7005,"comment_status":"open","ping_status":"closed","template":"","meta":[],"product_brand":[1314,1316],"product_cat":[1480,1478,1479],"product_tag":[1547,1530],"class_list":{"0":"post-7231","1":"product","2":"type-product","3":"status-publish","4":"has-post-thumbnail","6":"product_brand-africas-best","7":"product_brand-africas-best-kids-organics","8":"product_cat-balsam-for-barn","9":"product_cat-barn","10":"product_cat-harpleie-for-barn","11":"product_tag-balsam-for-barn-no","12":"product_tag-harpleie-for-barn","14":"first","15":"instock","16":"shipping-taxable","17":"purchasable","18":"product-type-simple"},"_links":{"self":[{"href":"https:\/\/yohannaa.com\/no\/wp-json\/wp\/v2\/product\/7231","targetHints":{"allow":["GET"]}}],"collection":[{"href":"https:\/\/yohannaa.com\/no\/wp-json\/wp\/v2\/product"}],"about":[{"href":"https:\/\/yohannaa.com\/no\/wp-json\/wp\/v2\/types\/product"}],"replies":[{"embeddable":true,"href":"https:\/\/yohannaa.com\/no\/wp-json\/wp\/v2\/comments?post=7231"}],"wp:featuredmedia":[{"embeddable":true,"href":"https:\/\/yohannaa.com\/no\/wp-json\/wp\/v2\/media\/7005"}],"wp:attachment":[{"href":"https:\/\/yohannaa.com\/no\/wp-json\/wp\/v2\/media?parent=7231"}],"wp:term":[{"taxonomy":"product_brand","embeddable":true,"href":"https:\/\/yohannaa.com\/no\/wp-json\/wp\/v2\/product_brand?post=7231"},{"taxonomy":"product_cat","embeddable":true,"href":"https:\/\/yohannaa.com\/no\/wp-json\/wp\/v2\/product_cat?post=7231"},{"taxonomy":"product_tag","embeddable":true,"href":"https:\/\/yohannaa.com\/no\/wp-json\/wp\/v2\/product_tag?post=7231"}],"curies":[{"name":"wp","href":"https:\/\/api.w.org\/{rel}","templated":true}]}}