{"id":7230,"date":"2024-10-25T16:31:06","date_gmt":"2024-10-25T16:31:06","guid":{"rendered":"https:\/\/yohannaa.com\/product\/originals-africa-best-coconut-creme-restorative-conditioner\/"},"modified":"2024-10-25T16:31:06","modified_gmt":"2024-10-25T16:31:06","slug":"originals-africa-best-coconut-creme-restorative-conditioner","status":"publish","type":"product","link":"https:\/\/yohannaa.com\/no\/shop\/herre\/harpleie-for-menn\/balsam-for-menn\/originals-africa-best-coconut-creme-restorative-conditioner\/","title":{"rendered":"Originals Africa Best Coconut Creme Restorative Conditioner"},"content":{"rendered":"<div class=\"elementor-element elementor-element-12ee05bf elementor-widget elementor-widget-woocommerce-product-title elementor-page-title elementor-widget-heading\" data-widget_type=\"woocommerce-product-title.default\" data-element_type=\"widget\" data-id=\"12ee05bf\">\n<div class=\"elementor-widget-container\">\n<h4 class=\"product_title entry-title elementor-heading-title elementor-size-default\">Restorative Deep Conditioner<\/h4>\n<\/div>\n<\/div>\n<div class=\"elementor-element elementor-element-4f50f70d elementor-widget elementor-widget-woocommerce-product-short-description\" data-widget_type=\"woocommerce-product-short-description.default\" data-element_type=\"widget\" data-id=\"4f50f70d\">\n<div class=\"elementor-widget-container\">\n<div class=\"woocommerce-product-details__short-description\">\n<p>H\u00e5ret ditt er reddet fra skader, brudd, r\u00f8yting, overbehandling fra farge eller kjemiske rettetang, usunne tupper og kronisk t\u00f8rrhet! Den n\u00e6rende blandingen av b\u00e6reroljer i denne kremete, n\u00e6ringsrike formelen er kjent for \u00e5 stoppe avbrekk og reparere skadet h\u00e5r. Denne gjenoppbyggende behandlingen bidrar til \u00e5 gjenopprette en sunn fuktighetsbalanse, og etterlater h\u00e5ret ditt sterkere, mer levende, mykt \u00e5 ta p\u00e5 og lettere \u00e5 h\u00e5ndtere. Utmerket reparasjonsterapi for alle h\u00e5rtyper og teksturer. <strong>H\u00e5rtype:<\/strong> T\u00f8rt, fargebehandlet, skadet h\u00e5r, alle h\u00e5rtyper, tynt h\u00e5r, skj\u00f8rt h\u00e5r <strong>N\u00f8kkelingredienser <\/strong>: Druefr\u00f8olje, avokadoolje, linfr\u00f8olje, kokosmelk <strong>Kj\u00f8nn<\/strong>: Unisex   <\/p>\n<\/div>\n<\/div>\n<\/div>\n","protected":false},"excerpt":{"rendered":"<p>H\u00e5ret ditt er reddet fra skader, brudd, r\u00f8yting, overbehandling fra farge eller kjemiske rettetang, usunne tupper og kronisk t\u00f8rrhet! Den n\u00e6rende blandingen av b\u00e6reoljer i denne kremete, n\u00e6ringsrike formelen er viden kjent for \u00e5 stoppe avbrekk og reparere skadet h\u00e5r. <\/p>\n","protected":false},"featured_media":7000,"comment_status":"open","ping_status":"closed","template":"","meta":[],"product_brand":[1314,1315],"product_cat":[1489,1545,1543,1488,1538,1536,1544],"product_tag":[1546,1467],"class_list":{"0":"post-7230","1":"product","2":"type-product","3":"status-publish","4":"has-post-thumbnail","6":"product_brand-africas-best","7":"product_brand-africas-best-originals","8":"product_cat-balsam","9":"product_cat-balsam-for-menn","10":"product_cat-beskyttende-balsam","11":"product_cat-harpleie","12":"product_cat-harpleie-for-menn","13":"product_cat-herre","14":"product_cat-strengthening-n-thickening-conditioner-no","15":"product_tag-balsam-for-harpleie","16":"product_tag-harpleie","18":"first","19":"instock","20":"shipping-taxable","21":"purchasable","22":"product-type-simple"},"_links":{"self":[{"href":"https:\/\/yohannaa.com\/no\/wp-json\/wp\/v2\/product\/7230","targetHints":{"allow":["GET"]}}],"collection":[{"href":"https:\/\/yohannaa.com\/no\/wp-json\/wp\/v2\/product"}],"about":[{"href":"https:\/\/yohannaa.com\/no\/wp-json\/wp\/v2\/types\/product"}],"replies":[{"embeddable":true,"href":"https:\/\/yohannaa.com\/no\/wp-json\/wp\/v2\/comments?post=7230"}],"wp:featuredmedia":[{"embeddable":true,"href":"https:\/\/yohannaa.com\/no\/wp-json\/wp\/v2\/media\/7000"}],"wp:attachment":[{"href":"https:\/\/yohannaa.com\/no\/wp-json\/wp\/v2\/media?parent=7230"}],"wp:term":[{"taxonomy":"product_brand","embeddable":true,"href":"https:\/\/yohannaa.com\/no\/wp-json\/wp\/v2\/product_brand?post=7230"},{"taxonomy":"product_cat","embeddable":true,"href":"https:\/\/yohannaa.com\/no\/wp-json\/wp\/v2\/product_cat?post=7230"},{"taxonomy":"product_tag","embeddable":true,"href":"https:\/\/yohannaa.com\/no\/wp-json\/wp\/v2\/product_tag?post=7230"}],"curies":[{"name":"wp","href":"https:\/\/api.w.org\/{rel}","templated":true}]}}