{"id":7229,"date":"2024-10-25T16:48:50","date_gmt":"2024-10-25T16:48:50","guid":{"rendered":"https:\/\/yohannaa.com\/product\/kids-organics-shea-butter-conditioning-shampoo\/"},"modified":"2024-10-25T16:48:50","modified_gmt":"2024-10-25T16:48:50","slug":"kids-organics-shea-butter-conditioning-shampoo","status":"publish","type":"product","link":"https:\/\/yohannaa.com\/no\/shop\/barn\/harpleie-for-barn\/sjampo-for-barn\/kids-organics-shea-butter-conditioning-shampoo\/","title":{"rendered":"Kids Organics Shea Butter Conditioning Shampoo"},"content":{"rendered":"<p><strong>Kids Original Africa&#8217;s Best Shea Butter Conditioning Shampoo<\/strong> er en megafuktighetsgivende og gjenoppbyggende urteformel. Den fjerner avleiringer og urenheter p\u00e5 en sk\u00e5nsom m\u00e5te, og renser h\u00e5r og hodebunn fullstendig. H\u00e5ret etterlates rent, silkeaktig, mer h\u00e5ndterbart og med en stimulerende, forfriskende lukt. Den er rik p\u00e5 ekstra jomfruolivenolje og sheasm\u00f8r som gir et sunnere l\u00f8ft til h\u00e5ret ved \u00e5 tilf\u00f8re fuktighetskrem som glatter ut, pleier og l\u00f8sner.   <\/p>\n<p><strong>N\u00f8kkelfunksjoner:<\/strong><\/p>\n<ul>\n<li>Rik p\u00e5 ekstra jomfruolivenolje<\/li>\n<li>L\u00f8sner h\u00e5ret for enkel kaming<\/li>\n<li>Opprettholder en sunnere fuktighetsbalanse<\/li>\n<li>Mykgj\u00f8r og pleier p\u00e5 en naturlig m\u00e5te<\/li>\n<li>Ingen vaselin eller mineralolje<\/li>\n<\/ul>\n<p><strong>H\u00e5rtype: <\/strong>Normalt, t\u00f8rt, skadet h\u00e5r, alle typer <strong>N\u00f8kkelingredienser <\/strong>: Olivenolje, sheasm\u00f8r, essensielle oljer <strong>Kj\u00f8nn: <\/strong>Unisex, Barn<\/p>\n<p><strong>Slik bruker du den:<\/strong><\/p>\n<ul>\n<li>Gj\u00f8r h\u00e5ret ditt dryppende v\u00e5tt med vann<\/li>\n<li>Bruk Kids Original Africa&#8217;s Best Shea Butter Conditioning Shampoo i h\u00e5ret<\/li>\n<li>Arbeid opp til et fyldig skum<\/li>\n<li>Masser det inn fra hodebunnen til h\u00e5rr\u00f8ttene<\/li>\n<li>Skyll h\u00e5ret med vann<\/li>\n<\/ul>\n","protected":false},"excerpt":{"rendered":"<p><strong>Kids Original Africa&#8217;s Best Shea Butter Conditioning Shampoo<\/strong> er en megafuktighetsgivende og gjenoppbyggende urteformel. Den fjerner avleiringer og urenheter p\u00e5 en sk\u00e5nsom m\u00e5te, og renser h\u00e5r og hodebunn fullstendig. H\u00e5ret etterlates rent, silkeaktig, mer h\u00e5ndterbart og med en stimulerende, forfriskende lukt.  <\/p>\n","protected":false},"featured_media":7006,"comment_status":"open","ping_status":"closed","template":"","meta":[],"product_brand":[1314,1316],"product_cat":[1479,1541],"product_tag":[1542,1530],"class_list":{"0":"post-7229","1":"product","2":"type-product","3":"status-publish","4":"has-post-thumbnail","6":"product_brand-africas-best","7":"product_brand-africas-best-kids-organics","8":"product_cat-harpleie-for-barn","9":"product_cat-sjampo-for-barn","10":"product_tag-barnesjampo","11":"product_tag-harpleie-for-barn","13":"first","14":"instock","15":"featured","16":"shipping-taxable","17":"purchasable","18":"product-type-simple"},"_links":{"self":[{"href":"https:\/\/yohannaa.com\/no\/wp-json\/wp\/v2\/product\/7229","targetHints":{"allow":["GET"]}}],"collection":[{"href":"https:\/\/yohannaa.com\/no\/wp-json\/wp\/v2\/product"}],"about":[{"href":"https:\/\/yohannaa.com\/no\/wp-json\/wp\/v2\/types\/product"}],"replies":[{"embeddable":true,"href":"https:\/\/yohannaa.com\/no\/wp-json\/wp\/v2\/comments?post=7229"}],"wp:featuredmedia":[{"embeddable":true,"href":"https:\/\/yohannaa.com\/no\/wp-json\/wp\/v2\/media\/7006"}],"wp:attachment":[{"href":"https:\/\/yohannaa.com\/no\/wp-json\/wp\/v2\/media?parent=7229"}],"wp:term":[{"taxonomy":"product_brand","embeddable":true,"href":"https:\/\/yohannaa.com\/no\/wp-json\/wp\/v2\/product_brand?post=7229"},{"taxonomy":"product_cat","embeddable":true,"href":"https:\/\/yohannaa.com\/no\/wp-json\/wp\/v2\/product_cat?post=7229"},{"taxonomy":"product_tag","embeddable":true,"href":"https:\/\/yohannaa.com\/no\/wp-json\/wp\/v2\/product_tag?post=7229"}],"curies":[{"name":"wp","href":"https:\/\/api.w.org\/{rel}","templated":true}]}}