{"id":7228,"date":"2024-10-25T13:01:17","date_gmt":"2024-10-25T13:01:17","guid":{"rendered":"https:\/\/yohannaa.com\/product\/kids-organics-shea-butter-detangling-moisturizing-lotion\/"},"modified":"2024-10-25T13:01:17","modified_gmt":"2024-10-25T13:01:17","slug":"kids-organics-shea-butter-detangling-moisturizing-lotion","status":"publish","type":"product","link":"https:\/\/yohannaa.com\/no\/shop\/barn\/harpleie-for-barn\/fuktighetskrem-for-barn\/kids-organics-shea-butter-detangling-moisturizing-lotion\/","title":{"rendered":"Kids Organics Shea Butter Detangling Moisturizing Lotion"},"content":{"rendered":"<p><b>Africas Best Kids Organics Shea Butter Detangling Moisturizing Hair Lotion 12 oz<\/b><\/p>\n<p>Sheasm\u00f8r gj\u00f8r h\u00e5ret mykt. L\u00f8sner h\u00e5ret \u00f8yeblikkelig og gjenoppretter en sunn fuktighetsbalanse. Bedre for h\u00e5ret enn fettete oljekremer. Fjerner floker \u00f8yeblikkelig, forebygger brekkasje, gjenoppretter fuktighet, mykgj\u00f8r og pleier h\u00e5ret p\u00e5 en organisk m\u00e5te. Fjerner floker og gir fuktighet p\u00e5 samme tid. Kids Organics Shea Butter de-tangling moisturizing hair lotion gj\u00f8r det enkelt \u00e5 gre h\u00e5ret uten floker, samtidig som den gjenoppretter en sunn fuktighetsbalanse. Formulert med sheasm\u00f8r for ekstra glans og mykgj\u00f8ring. Den trenger dypt inn i h\u00e5ret og bidrar til \u00e5 forebygge avbrekk. Sk\u00e5nsom nok for daglig bruk og er en utmerket behandling for alle h\u00e5rtyper. Inneholder ikke petrolatum eller mineralolje.  <\/p>\n","protected":false},"excerpt":{"rendered":"<p>Sheasm\u00f8r gj\u00f8r h\u00e5ret mykt. L\u00f8sner h\u00e5ret \u00f8yeblikkelig og gjenoppretter en sunn fuktighetsbalanse. Bedre for h\u00e5ret enn fettete oljekremer. Fjerner floker \u00f8yeblikkelig, forhindrer brudd, gjenoppretter fuktighet, mykgj\u00f8r og pleier h\u00e5ret p\u00e5 en organisk m\u00e5te.  <\/p>\n","protected":false},"featured_media":7007,"comment_status":"open","ping_status":"closed","template":"","meta":[],"product_brand":[1314,1316],"product_cat":[1478,1535,1479],"product_tag":[1537,1530],"class_list":{"0":"post-7228","1":"product","2":"type-product","3":"status-publish","4":"has-post-thumbnail","6":"product_brand-africas-best","7":"product_brand-africas-best-kids-organics","8":"product_cat-barn","9":"product_cat-fuktighetskrem-for-barn","10":"product_cat-harpleie-for-barn","11":"product_tag-fuktighetsgivende-for-barn","12":"product_tag-harpleie-for-barn","14":"first","15":"instock","16":"shipping-taxable","17":"purchasable","18":"product-type-simple"},"_links":{"self":[{"href":"https:\/\/yohannaa.com\/no\/wp-json\/wp\/v2\/product\/7228","targetHints":{"allow":["GET"]}}],"collection":[{"href":"https:\/\/yohannaa.com\/no\/wp-json\/wp\/v2\/product"}],"about":[{"href":"https:\/\/yohannaa.com\/no\/wp-json\/wp\/v2\/types\/product"}],"replies":[{"embeddable":true,"href":"https:\/\/yohannaa.com\/no\/wp-json\/wp\/v2\/comments?post=7228"}],"wp:featuredmedia":[{"embeddable":true,"href":"https:\/\/yohannaa.com\/no\/wp-json\/wp\/v2\/media\/7007"}],"wp:attachment":[{"href":"https:\/\/yohannaa.com\/no\/wp-json\/wp\/v2\/media?parent=7228"}],"wp:term":[{"taxonomy":"product_brand","embeddable":true,"href":"https:\/\/yohannaa.com\/no\/wp-json\/wp\/v2\/product_brand?post=7228"},{"taxonomy":"product_cat","embeddable":true,"href":"https:\/\/yohannaa.com\/no\/wp-json\/wp\/v2\/product_cat?post=7228"},{"taxonomy":"product_tag","embeddable":true,"href":"https:\/\/yohannaa.com\/no\/wp-json\/wp\/v2\/product_tag?post=7228"}],"curies":[{"name":"wp","href":"https:\/\/api.w.org\/{rel}","templated":true}]}}