{"id":7224,"date":"2024-10-26T18:21:11","date_gmt":"2024-10-26T18:21:11","guid":{"rendered":"https:\/\/yohannaa.com\/product\/kids-organics-conditioning-relaxer-system\/"},"modified":"2024-11-07T21:15:38","modified_gmt":"2024-11-07T21:15:38","slug":"kids-organics-conditioning-relaxer-system","status":"publish","type":"product","link":"https:\/\/yohannaa.com\/no\/shop\/barn\/harpleie-for-barn\/kids-relaxer-n-texturizer-no\/kids-organics-conditioning-relaxer-system\/","title":{"rendered":"Kids Organics Conditioning Relaxer System"},"content":{"rendered":"<p>Kids Original Africa&#8217;s Best Relaxer System er en hodebunnsbeskyttelse uten lut for barn. Den er beriket med ekstra jomfruolivenolje, sheasm\u00f8r, gulrotolje, soyaprotein, vitamin e, kolesterol og tea tree-olje. Den milde formuleringen med naturlige balsam og fuktighetskrem holder h\u00e5ret sunt og h\u00e5ndterbart.   Det gir h\u00e5ret nytt liv, beskytter og reparerer h\u00e5rets smidighet, fylde og glans. Africa&#8217;s Best Relaxer System gir utmerket utretting for allsidig styling. <\/p>\n<p><strong>N\u00f8kkelfunksjoner:<\/strong><\/p>\n<ul>\n<li>Beriket med naturlige fuktighetskremer og balsam<\/li>\n<li>Holder h\u00e5ret sunt og h\u00e5ndterbart<\/li>\n<li>Ideell for fint til normalt h\u00e5r<\/li>\n<\/ul>\n<p><strong>H\u00e5rtype: <\/strong>Normalt, fint, t\u00f8rt, skadet h\u00e5r, alle typer <strong>N\u00f8kkelingredienser <\/strong>: Olivenolje, vitamin E, sheasm\u00f8r, gulrotolje <strong>Kj\u00f8nn <\/strong>: Unisex, Barn<\/p>\n<p><strong>Slik bruker du den:<\/strong><\/p>\n<ul>\n<li>P\u00e5f\u00f8r Kids Original Africa&#8217;s Best Relaxer System i h\u00e5ret ditt<\/li>\n<li>P\u00e5f\u00f8r som beskrevet i bruksanvisningen<\/li>\n<\/ul>\n","protected":false},"excerpt":{"rendered":"<p>Kids Original Africa&#8217;s Best Relaxer System er en hodebunnsbeskyttelse uten lut for barn. Den er beriket med ekstra jomfruolivenolje, sheasm\u00f8r, gulrotolje, soyaprotein, vitamin e, kolesterol og tea tree-olje. Den milde formuleringen med naturlige balsam og fuktighetskrem holder h\u00e5ret sunt og h\u00e5ndterbart.  <\/p>\n","protected":false},"featured_media":7008,"comment_status":"open","ping_status":"closed","template":"","meta":[],"product_brand":[1314,1316],"product_cat":[1479,1529],"product_tag":[1530,1531],"class_list":{"0":"post-7224","1":"product","2":"type-product","3":"status-publish","4":"has-post-thumbnail","6":"product_brand-africas-best","7":"product_brand-africas-best-kids-organics","8":"product_cat-harpleie-for-barn","9":"product_cat-kids-relaxer-n-texturizer-no","10":"product_tag-harpleie-for-barn","11":"product_tag-relaxer-for-barn","13":"first","14":"instock","15":"shipping-taxable","16":"purchasable","17":"product-type-variable"},"_links":{"self":[{"href":"https:\/\/yohannaa.com\/no\/wp-json\/wp\/v2\/product\/7224","targetHints":{"allow":["GET"]}}],"collection":[{"href":"https:\/\/yohannaa.com\/no\/wp-json\/wp\/v2\/product"}],"about":[{"href":"https:\/\/yohannaa.com\/no\/wp-json\/wp\/v2\/types\/product"}],"replies":[{"embeddable":true,"href":"https:\/\/yohannaa.com\/no\/wp-json\/wp\/v2\/comments?post=7224"}],"wp:featuredmedia":[{"embeddable":true,"href":"https:\/\/yohannaa.com\/no\/wp-json\/wp\/v2\/media\/7008"}],"wp:attachment":[{"href":"https:\/\/yohannaa.com\/no\/wp-json\/wp\/v2\/media?parent=7224"}],"wp:term":[{"taxonomy":"product_brand","embeddable":true,"href":"https:\/\/yohannaa.com\/no\/wp-json\/wp\/v2\/product_brand?post=7224"},{"taxonomy":"product_cat","embeddable":true,"href":"https:\/\/yohannaa.com\/no\/wp-json\/wp\/v2\/product_cat?post=7224"},{"taxonomy":"product_tag","embeddable":true,"href":"https:\/\/yohannaa.com\/no\/wp-json\/wp\/v2\/product_tag?post=7224"}],"curies":[{"name":"wp","href":"https:\/\/api.w.org\/{rel}","templated":true}]}}